{"id":6987,"date":"2024-01-17T03:51:28","date_gmt":"2024-01-17T03:51:28","guid":{"rendered":"https:\/\/vinasamex.com\/?post_type=product&#038;p=6987"},"modified":"2024-01-17T03:57:52","modified_gmt":"2024-01-17T03:57:52","slug":"set-qua-tet-tron-vi-yeu-thuong","status":"publish","type":"product","link":"https:\/\/vinasamex.com\/en\/product\/set-qua-tet-tron-vi-yeu-thuong\/","title":{"rendered":"Set qu\u00e0 T\u1ebft &#8211; Tr\u1ecdn V\u1ecb Y\u00eau Th\u01b0\u01a1ng"},"content":{"rendered":"<p>T\u1ebft l\u00e0 d\u1ecbp \u0111\u1ec3 sum h\u1ecdp, c\u0169ng l\u00e0 th\u1eddi \u0111i\u1ec3m \u0111\u1ec3 trao \u0111i y\u00eau th\u01b0\u01a1ng v\u1edbi ng\u01b0\u1eddi th\u00e2n, b\u1ea1n b\u00e8. Set qu\u00e0 gia v\u1ecb h\u1eefu c\u01a1 &#8220;Tr\u1ecdn V\u1ecb Y\u00eau Th\u01b0\u01a1ng&#8221; kh\u00f4ng ch\u1ec9 l\u00e0 m\u1ed9t m\u00f3n qu\u00e0 m\u00e0 c\u00f2n mang th\u00f4ng \u0111i\u1ec7p v\u1ec1 t\u00ecnh c\u1ea3m, l\u00f2ng bi\u1ebft \u01a1n v\u00e0 s\u1ef1 quan t\u00e2m, g\u1eedi g\u1eafm nh\u1eefng \u0111i\u1ec1u t\u1ed1t \u0111\u1eb9p nh\u1eefng ng\u01b0\u1eddi y\u00eau th\u01b0\u01a1ng.<\/p>\n<p>\u201cTr\u1ecdn v\u1ecb y\u00eau th\u01b0\u01a1ng\u201d kh\u00f4ng \u0111\u01a1n thu\u1ea7n l\u00e0 6 lo\u1ea1i gia v\u1ecb m\u00e0 l\u00e0 m\u1ed9t tr\u1ea3i nghi\u1ec7m h\u01b0\u01a1ng v\u1ecb T\u1ebft \u0111\u1eb7c s\u1eafc, t\u00ecm \u0111\u1ebfn nh\u1eefng gi\u00e1 tr\u1ecb tinh hoa c\u1ee7a T\u1ebft truy\u1ec1n th\u1ed1ng. T\u1eeb v\u1ecb ti\u00eau cay n\u1ed3ng cho t\u1edbi h\u01b0\u01a1ng th\u01a1m c\u1ee7a g\u1eebng s\u1ea3, c\u00e1c lo\u1ea1i gia v\u1ecb \u0111\u01b0\u1ee3c k\u1ebft h\u1ee3p h\u00e0i h\u00f2a trong 1 set qu\u00e0 \u0111\u1ec3 t\u1ea1o n\u00ean b\u1ee9c tranh h\u01b0\u01a1ng v\u1ecb phong ph\u00fa, \u0111\u1eb7c tr\u01b0ng cho kh\u00f4ng kh\u00ed \u1ea5m \u00e1p c\u1ee7a ng\u00e0y T\u1ebft sum v\u1ea7y.<\/p>\n<p>Set qu\u00e0 T\u1ebft \u201cTr\u1ecdn v\u1ecb y\u00eau th\u01b0\u01a1ng\u201d c\u1ee7a Vinasamex g\u1ed3m c\u00e1c s\u1ea3n ph\u1ea9m:<br \/>\n\ud83d\udccc Qu\u1ebf thanh H\u1eefu c\u01a1 Vinasamex 35gr<br \/>\n\ud83d\udccc Hoa h\u1ed3i nguy\u00ean c\u00e1nh H\u1eefu c\u01a1 Vinasamex 20gr<br \/>\n\ud83d\udccc B\u1ed9t ngh\u1ec7 H\u1eefu c\u01a1 Vinasamex 40gr<br \/>\n\ud83d\udccc B\u1ed9t g\u1eebng H\u1eefu c\u01a1 Vinasamex 40gr<br \/>\n\ud83d\udccc B\u1ed9t t\u1ecfi H\u1eefu c\u01a1 Vinasamex 50gr<br \/>\n\ud83d\udccc B\u1ed9t s\u1ea3 H\u1eefu c\u01a1 Vinasamex 50gr<\/p>\n<p>B\u1eb1ng t\u1ea5t c\u1ea3 s\u1ef1 ch\u1ec9n chu v\u00e0 t\u00e2m huy\u1ebft, hy v\u1ecdng set qu\u00e0 c\u1ee7a Vinasamex s\u1ebd thay b\u1ea1n g\u1eedi l\u1eddi y\u00eau th\u01b0\u01a1ng!<\/p>\n<p>Hotline: 0986277421 \u2013 Website: vinasamex.com<\/p>\n<p>\ud83d\udccc VINASAMEX \u2013 M\u00d3N QU\u00c0 G\u1eecI G\u1eaeM S\u1ef0 Y\u00caU TH\u01af\u01a0NG<\/p>\n<p><a href=\"http:\/\/vinasamex.com\/wp-content\/uploads\/2024\/01\/set-qua-tet-gia-vi-12.jpeg\"><img loading=\"lazy\" decoding=\"async\" class=\"alignnone size-medium wp-image-7000\" src=\"http:\/\/vinasamex.com\/wp-content\/uploads\/2024\/01\/set-qua-tet-gia-vi-12-300x200.jpeg\" alt=\"\" width=\"300\" height=\"200\" srcset=\"https:\/\/vinasamex.com\/wp-content\/uploads\/2024\/01\/set-qua-tet-gia-vi-12-300x200.jpeg 300w, https:\/\/vinasamex.com\/wp-content\/uploads\/2024\/01\/set-qua-tet-gia-vi-12-1024x683.jpeg 1024w, https:\/\/vinasamex.com\/wp-content\/uploads\/2024\/01\/set-qua-tet-gia-vi-12-768x512.jpeg 768w, https:\/\/vinasamex.com\/wp-content\/uploads\/2024\/01\/set-qua-tet-gia-vi-12-18x12.jpeg 18w, https:\/\/vinasamex.com\/wp-content\/uploads\/2024\/01\/set-qua-tet-gia-vi-12-600x400.jpeg 600w, https:\/\/vinasamex.com\/wp-content\/uploads\/2024\/01\/set-qua-tet-gia-vi-12.jpeg 1200w\" sizes=\"(max-width: 300px) 100vw, 300px\" \/><\/a> <a href=\"http:\/\/vinasamex.com\/wp-content\/uploads\/2024\/01\/set-qua-tet-gia-vi-11.jpeg\"><img loading=\"lazy\" decoding=\"async\" class=\"alignnone size-medium wp-image-6999\" src=\"http:\/\/vinasamex.com\/wp-content\/uploads\/2024\/01\/set-qua-tet-gia-vi-11-300x200.jpeg\" alt=\"\" width=\"300\" height=\"200\" srcset=\"https:\/\/vinasamex.com\/wp-content\/uploads\/2024\/01\/set-qua-tet-gia-vi-11-300x200.jpeg 300w, https:\/\/vinasamex.com\/wp-content\/uploads\/2024\/01\/set-qua-tet-gia-vi-11-1024x683.jpeg 1024w, https:\/\/vinasamex.com\/wp-content\/uploads\/2024\/01\/set-qua-tet-gia-vi-11-768x512.jpeg 768w, https:\/\/vinasamex.com\/wp-content\/uploads\/2024\/01\/set-qua-tet-gia-vi-11-18x12.jpeg 18w, https:\/\/vinasamex.com\/wp-content\/uploads\/2024\/01\/set-qua-tet-gia-vi-11-600x400.jpeg 600w, https:\/\/vinasamex.com\/wp-content\/uploads\/2024\/01\/set-qua-tet-gia-vi-11.jpeg 1200w\" sizes=\"(max-width: 300px) 100vw, 300px\" \/><\/a> <a href=\"http:\/\/vinasamex.com\/wp-content\/uploads\/2024\/01\/set-qua-tet-gia-vi-10.jpeg\"><img loading=\"lazy\" decoding=\"async\" class=\"alignnone size-medium wp-image-6998\" src=\"http:\/\/vinasamex.com\/wp-content\/uploads\/2024\/01\/set-qua-tet-gia-vi-10-200x300.jpeg\" alt=\"\" width=\"200\" height=\"300\" srcset=\"https:\/\/vinasamex.com\/wp-content\/uploads\/2024\/01\/set-qua-tet-gia-vi-10-200x300.jpeg 200w, https:\/\/vinasamex.com\/wp-content\/uploads\/2024\/01\/set-qua-tet-gia-vi-10-683x1024.jpeg 683w, https:\/\/vinasamex.com\/wp-content\/uploads\/2024\/01\/set-qua-tet-gia-vi-10-768x1152.jpeg 768w, https:\/\/vinasamex.com\/wp-content\/uploads\/2024\/01\/set-qua-tet-gia-vi-10-8x12.jpeg 8w, https:\/\/vinasamex.com\/wp-content\/uploads\/2024\/01\/set-qua-tet-gia-vi-10-600x900.jpeg 600w, https:\/\/vinasamex.com\/wp-content\/uploads\/2024\/01\/set-qua-tet-gia-vi-10.jpeg 800w\" sizes=\"(max-width: 200px) 100vw, 200px\" \/><\/a> <a href=\"http:\/\/vinasamex.com\/wp-content\/uploads\/2024\/01\/set-qua-tet-gia-vi-9.jpeg\"><img loading=\"lazy\" decoding=\"async\" class=\"alignnone size-medium wp-image-6997\" src=\"http:\/\/vinasamex.com\/wp-content\/uploads\/2024\/01\/set-qua-tet-gia-vi-9-200x300.jpeg\" alt=\"\" width=\"200\" height=\"300\" srcset=\"https:\/\/vinasamex.com\/wp-content\/uploads\/2024\/01\/set-qua-tet-gia-vi-9-200x300.jpeg 200w, https:\/\/vinasamex.com\/wp-content\/uploads\/2024\/01\/set-qua-tet-gia-vi-9-683x1024.jpeg 683w, https:\/\/vinasamex.com\/wp-content\/uploads\/2024\/01\/set-qua-tet-gia-vi-9-768x1152.jpeg 768w, https:\/\/vinasamex.com\/wp-content\/uploads\/2024\/01\/set-qua-tet-gia-vi-9-8x12.jpeg 8w, https:\/\/vinasamex.com\/wp-content\/uploads\/2024\/01\/set-qua-tet-gia-vi-9-600x900.jpeg 600w, https:\/\/vinasamex.com\/wp-content\/uploads\/2024\/01\/set-qua-tet-gia-vi-9.jpeg 800w\" sizes=\"(max-width: 200px) 100vw, 200px\" \/><\/a> <a href=\"http:\/\/vinasamex.com\/wp-content\/uploads\/2024\/01\/set-qua-tet-gia-vi-8.jpeg\"><img loading=\"lazy\" decoding=\"async\" class=\"alignnone size-medium wp-image-6996\" src=\"http:\/\/vinasamex.com\/wp-content\/uploads\/2024\/01\/set-qua-tet-gia-vi-8-300x200.jpeg\" alt=\"\" width=\"300\" height=\"200\" srcset=\"https:\/\/vinasamex.com\/wp-content\/uploads\/2024\/01\/set-qua-tet-gia-vi-8-300x200.jpeg 300w, https:\/\/vinasamex.com\/wp-content\/uploads\/2024\/01\/set-qua-tet-gia-vi-8-1024x683.jpeg 1024w, https:\/\/vinasamex.com\/wp-content\/uploads\/2024\/01\/set-qua-tet-gia-vi-8-768x512.jpeg 768w, https:\/\/vinasamex.com\/wp-content\/uploads\/2024\/01\/set-qua-tet-gia-vi-8-18x12.jpeg 18w, https:\/\/vinasamex.com\/wp-content\/uploads\/2024\/01\/set-qua-tet-gia-vi-8-600x400.jpeg 600w, https:\/\/vinasamex.com\/wp-content\/uploads\/2024\/01\/set-qua-tet-gia-vi-8.jpeg 1200w\" sizes=\"(max-width: 300px) 100vw, 300px\" \/><\/a> <a href=\"http:\/\/vinasamex.com\/wp-content\/uploads\/2024\/01\/set-qua-tet-gia-vi-6.jpeg\"><img loading=\"lazy\" decoding=\"async\" class=\"alignnone size-medium wp-image-6994\" src=\"http:\/\/vinasamex.com\/wp-content\/uploads\/2024\/01\/set-qua-tet-gia-vi-6-200x300.jpeg\" alt=\"\" width=\"200\" height=\"300\" srcset=\"https:\/\/vinasamex.com\/wp-content\/uploads\/2024\/01\/set-qua-tet-gia-vi-6-200x300.jpeg 200w, https:\/\/vinasamex.com\/wp-content\/uploads\/2024\/01\/set-qua-tet-gia-vi-6-683x1024.jpeg 683w, https:\/\/vinasamex.com\/wp-content\/uploads\/2024\/01\/set-qua-tet-gia-vi-6-768x1152.jpeg 768w, https:\/\/vinasamex.com\/wp-content\/uploads\/2024\/01\/set-qua-tet-gia-vi-6-8x12.jpeg 8w, https:\/\/vinasamex.com\/wp-content\/uploads\/2024\/01\/set-qua-tet-gia-vi-6-600x900.jpeg 600w, https:\/\/vinasamex.com\/wp-content\/uploads\/2024\/01\/set-qua-tet-gia-vi-6.jpeg 800w\" sizes=\"(max-width: 200px) 100vw, 200px\" \/><\/a> <a href=\"http:\/\/vinasamex.com\/wp-content\/uploads\/2024\/01\/set-qua-tet-gia-vi-7.jpeg\"><img loading=\"lazy\" decoding=\"async\" class=\"alignnone size-medium wp-image-6995\" src=\"http:\/\/vinasamex.com\/wp-content\/uploads\/2024\/01\/set-qua-tet-gia-vi-7-200x300.jpeg\" alt=\"\" width=\"200\" height=\"300\" srcset=\"https:\/\/vinasamex.com\/wp-content\/uploads\/2024\/01\/set-qua-tet-gia-vi-7-200x300.jpeg 200w, https:\/\/vinasamex.com\/wp-content\/uploads\/2024\/01\/set-qua-tet-gia-vi-7-683x1024.jpeg 683w, https:\/\/vinasamex.com\/wp-content\/uploads\/2024\/01\/set-qua-tet-gia-vi-7-768x1152.jpeg 768w, https:\/\/vinasamex.com\/wp-content\/uploads\/2024\/01\/set-qua-tet-gia-vi-7-8x12.jpeg 8w, https:\/\/vinasamex.com\/wp-content\/uploads\/2024\/01\/set-qua-tet-gia-vi-7-600x900.jpeg 600w, https:\/\/vinasamex.com\/wp-content\/uploads\/2024\/01\/set-qua-tet-gia-vi-7.jpeg 800w\" sizes=\"(max-width: 200px) 100vw, 200px\" \/><\/a> <a href=\"http:\/\/vinasamex.com\/wp-content\/uploads\/2024\/01\/set-qua-tet-gia-vi-5.jpeg\"><img loading=\"lazy\" decoding=\"async\" class=\"alignnone size-medium wp-image-6993\" src=\"http:\/\/vinasamex.com\/wp-content\/uploads\/2024\/01\/set-qua-tet-gia-vi-5-300x200.jpeg\" alt=\"\" width=\"300\" height=\"200\" srcset=\"https:\/\/vinasamex.com\/wp-content\/uploads\/2024\/01\/set-qua-tet-gia-vi-5-300x200.jpeg 300w, https:\/\/vinasamex.com\/wp-content\/uploads\/2024\/01\/set-qua-tet-gia-vi-5-1024x683.jpeg 1024w, https:\/\/vinasamex.com\/wp-content\/uploads\/2024\/01\/set-qua-tet-gia-vi-5-768x512.jpeg 768w, https:\/\/vinasamex.com\/wp-content\/uploads\/2024\/01\/set-qua-tet-gia-vi-5-18x12.jpeg 18w, https:\/\/vinasamex.com\/wp-content\/uploads\/2024\/01\/set-qua-tet-gia-vi-5-600x400.jpeg 600w, https:\/\/vinasamex.com\/wp-content\/uploads\/2024\/01\/set-qua-tet-gia-vi-5.jpeg 1200w\" sizes=\"(max-width: 300px) 100vw, 300px\" \/><\/a> <a href=\"http:\/\/vinasamex.com\/wp-content\/uploads\/2024\/01\/set-qua-tet-gia-vi-4.jpeg\"><img loading=\"lazy\" decoding=\"async\" class=\"alignnone size-medium wp-image-6992\" src=\"http:\/\/vinasamex.com\/wp-content\/uploads\/2024\/01\/set-qua-tet-gia-vi-4-200x300.jpeg\" alt=\"\" width=\"200\" height=\"300\" srcset=\"https:\/\/vinasamex.com\/wp-content\/uploads\/2024\/01\/set-qua-tet-gia-vi-4-200x300.jpeg 200w, https:\/\/vinasamex.com\/wp-content\/uploads\/2024\/01\/set-qua-tet-gia-vi-4-683x1024.jpeg 683w, https:\/\/vinasamex.com\/wp-content\/uploads\/2024\/01\/set-qua-tet-gia-vi-4-768x1152.jpeg 768w, https:\/\/vinasamex.com\/wp-content\/uploads\/2024\/01\/set-qua-tet-gia-vi-4-8x12.jpeg 8w, https:\/\/vinasamex.com\/wp-content\/uploads\/2024\/01\/set-qua-tet-gia-vi-4-600x900.jpeg 600w, https:\/\/vinasamex.com\/wp-content\/uploads\/2024\/01\/set-qua-tet-gia-vi-4.jpeg 800w\" sizes=\"(max-width: 200px) 100vw, 200px\" \/><\/a> <a href=\"http:\/\/vinasamex.com\/wp-content\/uploads\/2024\/01\/set-qua-tet-gia-vi-3.jpeg\"><img loading=\"lazy\" decoding=\"async\" class=\"alignnone size-medium wp-image-6991\" src=\"http:\/\/vinasamex.com\/wp-content\/uploads\/2024\/01\/set-qua-tet-gia-vi-3-300x200.jpeg\" alt=\"\" width=\"300\" height=\"200\" srcset=\"https:\/\/vinasamex.com\/wp-content\/uploads\/2024\/01\/set-qua-tet-gia-vi-3-300x200.jpeg 300w, https:\/\/vinasamex.com\/wp-content\/uploads\/2024\/01\/set-qua-tet-gia-vi-3-1024x683.jpeg 1024w, https:\/\/vinasamex.com\/wp-content\/uploads\/2024\/01\/set-qua-tet-gia-vi-3-768x512.jpeg 768w, https:\/\/vinasamex.com\/wp-content\/uploads\/2024\/01\/set-qua-tet-gia-vi-3-18x12.jpeg 18w, https:\/\/vinasamex.com\/wp-content\/uploads\/2024\/01\/set-qua-tet-gia-vi-3-600x400.jpeg 600w, https:\/\/vinasamex.com\/wp-content\/uploads\/2024\/01\/set-qua-tet-gia-vi-3.jpeg 1200w\" sizes=\"(max-width: 300px) 100vw, 300px\" \/><\/a> <a href=\"http:\/\/vinasamex.com\/wp-content\/uploads\/2024\/01\/set-qua-tet-gia-vi-2.jpeg\"><img loading=\"lazy\" decoding=\"async\" class=\"alignnone size-medium wp-image-6990\" src=\"http:\/\/vinasamex.com\/wp-content\/uploads\/2024\/01\/set-qua-tet-gia-vi-2-300x200.jpeg\" alt=\"\" width=\"300\" height=\"200\" srcset=\"https:\/\/vinasamex.com\/wp-content\/uploads\/2024\/01\/set-qua-tet-gia-vi-2-300x200.jpeg 300w, https:\/\/vinasamex.com\/wp-content\/uploads\/2024\/01\/set-qua-tet-gia-vi-2-1024x683.jpeg 1024w, https:\/\/vinasamex.com\/wp-content\/uploads\/2024\/01\/set-qua-tet-gia-vi-2-768x512.jpeg 768w, https:\/\/vinasamex.com\/wp-content\/uploads\/2024\/01\/set-qua-tet-gia-vi-2-18x12.jpeg 18w, https:\/\/vinasamex.com\/wp-content\/uploads\/2024\/01\/set-qua-tet-gia-vi-2-600x400.jpeg 600w, https:\/\/vinasamex.com\/wp-content\/uploads\/2024\/01\/set-qua-tet-gia-vi-2.jpeg 1200w\" sizes=\"(max-width: 300px) 100vw, 300px\" \/><\/a> <a href=\"http:\/\/vinasamex.com\/wp-content\/uploads\/2024\/01\/set-qua-tet-gia-vi-1.jpeg\"><img loading=\"lazy\" decoding=\"async\" class=\"alignnone size-medium wp-image-6989\" src=\"http:\/\/vinasamex.com\/wp-content\/uploads\/2024\/01\/set-qua-tet-gia-vi-1-300x200.jpeg\" alt=\"\" width=\"300\" height=\"200\" srcset=\"https:\/\/vinasamex.com\/wp-content\/uploads\/2024\/01\/set-qua-tet-gia-vi-1-300x200.jpeg 300w, https:\/\/vinasamex.com\/wp-content\/uploads\/2024\/01\/set-qua-tet-gia-vi-1-1024x683.jpeg 1024w, https:\/\/vinasamex.com\/wp-content\/uploads\/2024\/01\/set-qua-tet-gia-vi-1-768x512.jpeg 768w, https:\/\/vinasamex.com\/wp-content\/uploads\/2024\/01\/set-qua-tet-gia-vi-1-18x12.jpeg 18w, https:\/\/vinasamex.com\/wp-content\/uploads\/2024\/01\/set-qua-tet-gia-vi-1-600x400.jpeg 600w, https:\/\/vinasamex.com\/wp-content\/uploads\/2024\/01\/set-qua-tet-gia-vi-1.jpeg 1200w\" sizes=\"(max-width: 300px) 100vw, 300px\" \/><\/a><\/p>\n","protected":false},"excerpt":{"rendered":"<p>T\u1ebft l\u00e0 d\u1ecbp \u0111\u1ec3 sum h\u1ecdp, c\u0169ng l\u00e0 th\u1eddi \u0111i\u1ec3m \u0111\u1ec3 trao \u0111i y\u00eau th\u01b0\u01a1ng v\u1edbi ng\u01b0\u1eddi th\u00e2n, b\u1ea1n b\u00e8. Set qu\u00e0 gia v\u1ecb h\u1eefu c\u01a1 &#8220;Tr\u1ecdn V\u1ecb Y\u00eau Th\u01b0\u01a1ng&#8221; kh\u00f4ng ch\u1ec9 l\u00e0 m\u1ed9t m\u00f3n qu\u00e0 m\u00e0 c\u00f2n mang th\u00f4ng \u0111i\u1ec7p v\u1ec1 t\u00ecnh c\u1ea3m, l\u00f2ng bi\u1ebft \u01a1n v\u00e0 s\u1ef1 quan t\u00e2m, g\u1eedi g\u1eafm nh\u1eefng \u0111i\u1ec1u t\u1ed1t \u0111\u1eb9p nh\u1eefng ng\u01b0\u1eddi y\u00eau th\u01b0\u01a1ng.<\/p>\n","protected":false},"featured_media":6988,"comment_status":"closed","ping_status":"closed","template":"","meta":{"_glsr_average":0,"_glsr_ranking":0,"_glsr_reviews":0},"product_cat":[149],"product_tag":[159,160,161,162],"_links":{"self":[{"href":"https:\/\/vinasamex.com\/en\/wp-json\/wp\/v2\/product\/6987"}],"collection":[{"href":"https:\/\/vinasamex.com\/en\/wp-json\/wp\/v2\/product"}],"about":[{"href":"https:\/\/vinasamex.com\/en\/wp-json\/wp\/v2\/types\/product"}],"replies":[{"embeddable":true,"href":"https:\/\/vinasamex.com\/en\/wp-json\/wp\/v2\/comments?post=6987"}],"wp:featuredmedia":[{"embeddable":true,"href":"https:\/\/vinasamex.com\/en\/wp-json\/wp\/v2\/media\/6988"}],"wp:attachment":[{"href":"https:\/\/vinasamex.com\/en\/wp-json\/wp\/v2\/media?parent=6987"}],"wp:term":[{"taxonomy":"product_cat","embeddable":true,"href":"https:\/\/vinasamex.com\/en\/wp-json\/wp\/v2\/product_cat?post=6987"},{"taxonomy":"product_tag","embeddable":true,"href":"https:\/\/vinasamex.com\/en\/wp-json\/wp\/v2\/product_tag?post=6987"}],"curies":[{"name":"wp","href":"https:\/\/api.w.org\/{rel}","templated":true}]}}