{"id":7010,"date":"2024-01-17T04:43:49","date_gmt":"2024-01-17T04:43:49","guid":{"rendered":"https:\/\/vinasamex.com\/?post_type=product&#038;p=7010"},"modified":"2024-01-17T07:15:13","modified_gmt":"2024-01-17T07:15:13","slug":"set-qua-tet-nong-am-vi-me","status":"publish","type":"product","link":"https:\/\/vinasamex.com\/en\/product\/set-qua-tet-nong-am-vi-me\/","title":{"rendered":"Set qu\u00e0 T\u1ebft &#8211; N\u1ed3ng \u1ea4m V\u1ecb M\u1eb9"},"content":{"rendered":"<p>N\u1ed2NG \u1ea4M V\u1eca M\u1eb8 &#8211; QU\u00c0 T\u1eb6NG T\u1eea TR\u00c1I TIM<\/p>\n<p>M\u1ed7i m\u00f3n qu\u00e0 trao \u0111i l\u00e0 m\u1ed9t th\u00f4ng \u0111i\u1ec7p \u0111\u01b0\u1ee3c g\u1eedi g\u1eafm. V\u1edbi c\u00e1c lo\u1ea1i gia v\u1ecb h\u1eefu c\u01a1, Vinasamex mong c\u00f3 th\u1ec3 thay ng\u01b0\u1eddi g\u1eedi truy\u1ec1n t\u1ea3i \u0111\u01b0\u1ee3c t\u00ecnh c\u1ea3m, s\u1ef1 tr\u00e2n qu\u00fd v\u00e0 \u0111\u1eb7c bi\u1ec7t l\u00e0 kh\u01a1i g\u1ee3i v\u1ec1 m\u1ed9t h\u01b0\u01a1ng v\u1ecb th\u00e2n quen, \u1ea5m \u00e1p &#8211; b\u1eefa c\u01a1m gia \u0111\u00ecnh.<\/p>\n<p>Set qu\u00e0 \u201cN\u1ed3ng \u1ea5m v\u1ecb M\u1eb9\u201d bao g\u1ed3m c\u00e1c lo\u1ea1i gia v\u1ecb nh\u01b0 qu\u1ebf, ti\u00eau, \u1edbt, h\u00e0nh, s\u1ea3, v\u00e0 t\u1ecfi, ng\u01b0\u1eddi nh\u1eadn c\u00f3 th\u1ec3 d\u00f9ng tr\u1ef1c ti\u1ebfp trong cu\u1ed9c s\u1ed1ng h\u1eb1ng ng\u00e0y, an to\u00e0n, n\u00e2ng cao s\u1ee9c kh\u1ecfe, m\u1ed7i b\u1eefa \u0103n \u0111\u1eadm \u0111\u00e0, th\u01a1m ngon nh\u01b0 b\u1eefa \u0103n \u1ea5m \u00e1p t\u1eeb tay m\u1eb9 th\u00e2n th\u01b0\u01a1ng.<\/p>\n<p>Vinasamex mang \u0111\u1ebfn set qu\u00e0 \u201cN\u1ed3ng \u1ea5m v\u1ecb M\u1eb9\u201d:<br \/>\nQu\u1ebf thanh h\u1eefu c\u01a1 35g<br \/>\nB\u1ed9t ti\u00eau \u0111en h\u1eefu c\u01a1 50g<br \/>\nB\u1ed9t \u1edbt h\u1eefu c\u01a1 40g<br \/>\nB\u1ed9t h\u00e0nh h\u1eefu c\u01a1 50g<br \/>\nB\u1ed9t s\u1ea3 h\u1eefu c\u01a1 50g<br \/>\nB\u1ed9t t\u1ecfi h\u1eefu c\u01a1 50g<\/p>\n<p>M\u00f3n qu\u00e0 \u00fd ngh\u0129a cho d\u1ecbp T\u1ebft n\u00e0y, li\u00ean h\u1ec7 ngay \u0111\u1ec3 \u0111\u01b0\u1ee3c h\u1ed7 tr\u1ee3 v\u00e0 nh\u1eadn \u0111\u01b0\u1ee3c nh\u1eefng \u01b0u \u0111\u00e3i \u0111\u1eb7c bi\u1ec7t nh\u00e9!<\/p>\n<p>Hotline: 0986277421 \u2013 Website: vinasamex.com<\/p>\n<p>\ud83d\udccc VINASAMEX \u2013 M\u00d3N QU\u00c0 G\u1eecI G\u1eaeM S\u1ef0 Y\u00caU TH\u01af\u01a0NG<\/p>\n<p><a href=\"http:\/\/vinasamex.com\/wp-content\/uploads\/2024\/01\/Nong-Am-Vi-Me.png\"><img loading=\"lazy\" decoding=\"async\" class=\"aligncenter wp-image-7012 size-full\" src=\"http:\/\/vinasamex.com\/wp-content\/uploads\/2024\/01\/Nong-Am-Vi-Me.png\" alt=\"Set qu\u00e0 t\u1eb7ng - N\u1ed3ng \u1ea4m V\u1ecb M\u1eb9\" width=\"1200\" height=\"800\" srcset=\"https:\/\/vinasamex.com\/wp-content\/uploads\/2024\/01\/Nong-Am-Vi-Me.png 1200w, https:\/\/vinasamex.com\/wp-content\/uploads\/2024\/01\/Nong-Am-Vi-Me-300x200.png 300w, https:\/\/vinasamex.com\/wp-content\/uploads\/2024\/01\/Nong-Am-Vi-Me-1024x683.png 1024w, https:\/\/vinasamex.com\/wp-content\/uploads\/2024\/01\/Nong-Am-Vi-Me-768x512.png 768w, https:\/\/vinasamex.com\/wp-content\/uploads\/2024\/01\/Nong-Am-Vi-Me-18x12.png 18w, https:\/\/vinasamex.com\/wp-content\/uploads\/2024\/01\/Nong-Am-Vi-Me-600x400.png 600w\" sizes=\"(max-width: 1200px) 100vw, 1200px\" \/><\/a> <a href=\"http:\/\/vinasamex.com\/wp-content\/uploads\/2024\/01\/DSC05147.jpg\"><img loading=\"lazy\" decoding=\"async\" class=\"aligncenter wp-image-7013 size-trp-custom-language-flag\" src=\"http:\/\/vinasamex.com\/wp-content\/uploads\/2024\/01\/DSC05147-18x12.jpg\" alt=\"\" width=\"18\" height=\"12\" srcset=\"https:\/\/vinasamex.com\/wp-content\/uploads\/2024\/01\/DSC05147-18x12.jpg 18w, https:\/\/vinasamex.com\/wp-content\/uploads\/2024\/01\/DSC05147-300x200.jpg 300w, https:\/\/vinasamex.com\/wp-content\/uploads\/2024\/01\/DSC05147-1024x683.jpg 1024w, https:\/\/vinasamex.com\/wp-content\/uploads\/2024\/01\/DSC05147-768x512.jpg 768w, https:\/\/vinasamex.com\/wp-content\/uploads\/2024\/01\/DSC05147-600x400.jpg 600w, https:\/\/vinasamex.com\/wp-content\/uploads\/2024\/01\/DSC05147.jpg 1200w\" sizes=\"(max-width: 18px) 100vw, 18px\" \/><\/a><a href=\"http:\/\/vinasamex.com\/wp-content\/uploads\/2024\/01\/set-qua-tang-tet-nong-am-vi-me-4.jpg\"><img loading=\"lazy\" decoding=\"async\" class=\"aligncenter size-full wp-image-7015\" src=\"http:\/\/vinasamex.com\/wp-content\/uploads\/2024\/01\/set-qua-tang-tet-nong-am-vi-me-4.jpg\" alt=\"set-qua-tang-tet-nong-am-vi-me-1\" width=\"800\" height=\"1200\" srcset=\"https:\/\/vinasamex.com\/wp-content\/uploads\/2024\/01\/set-qua-tang-tet-nong-am-vi-me-4.jpg 800w, https:\/\/vinasamex.com\/wp-content\/uploads\/2024\/01\/set-qua-tang-tet-nong-am-vi-me-4-200x300.jpg 200w, https:\/\/vinasamex.com\/wp-content\/uploads\/2024\/01\/set-qua-tang-tet-nong-am-vi-me-4-683x1024.jpg 683w, https:\/\/vinasamex.com\/wp-content\/uploads\/2024\/01\/set-qua-tang-tet-nong-am-vi-me-4-768x1152.jpg 768w, https:\/\/vinasamex.com\/wp-content\/uploads\/2024\/01\/set-qua-tang-tet-nong-am-vi-me-4-8x12.jpg 8w, https:\/\/vinasamex.com\/wp-content\/uploads\/2024\/01\/set-qua-tang-tet-nong-am-vi-me-4-600x900.jpg 600w\" sizes=\"(max-width: 800px) 100vw, 800px\" \/><\/a> <a href=\"http:\/\/vinasamex.com\/wp-content\/uploads\/2024\/01\/set-qua-tang-tet-nong-am-vi-me-6.jpg\"><img loading=\"lazy\" decoding=\"async\" class=\"aligncenter wp-image-7016 size-full\" src=\"http:\/\/vinasamex.com\/wp-content\/uploads\/2024\/01\/set-qua-tang-tet-nong-am-vi-me-6.jpg\" alt=\"\" width=\"800\" height=\"1200\" srcset=\"https:\/\/vinasamex.com\/wp-content\/uploads\/2024\/01\/set-qua-tang-tet-nong-am-vi-me-6.jpg 800w, https:\/\/vinasamex.com\/wp-content\/uploads\/2024\/01\/set-qua-tang-tet-nong-am-vi-me-6-200x300.jpg 200w, https:\/\/vinasamex.com\/wp-content\/uploads\/2024\/01\/set-qua-tang-tet-nong-am-vi-me-6-683x1024.jpg 683w, https:\/\/vinasamex.com\/wp-content\/uploads\/2024\/01\/set-qua-tang-tet-nong-am-vi-me-6-768x1152.jpg 768w, https:\/\/vinasamex.com\/wp-content\/uploads\/2024\/01\/set-qua-tang-tet-nong-am-vi-me-6-8x12.jpg 8w, https:\/\/vinasamex.com\/wp-content\/uploads\/2024\/01\/set-qua-tang-tet-nong-am-vi-me-6-600x900.jpg 600w\" sizes=\"(max-width: 800px) 100vw, 800px\" \/><\/a> <a href=\"http:\/\/vinasamex.com\/wp-content\/uploads\/2024\/01\/set-qua-tang-tet-nong-am-vi-me-8.jpg\"><img loading=\"lazy\" decoding=\"async\" class=\"aligncenter wp-image-7017 size-full\" src=\"http:\/\/vinasamex.com\/wp-content\/uploads\/2024\/01\/set-qua-tang-tet-nong-am-vi-me-8.jpg\" alt=\"\" width=\"800\" height=\"1200\" srcset=\"https:\/\/vinasamex.com\/wp-content\/uploads\/2024\/01\/set-qua-tang-tet-nong-am-vi-me-8.jpg 800w, https:\/\/vinasamex.com\/wp-content\/uploads\/2024\/01\/set-qua-tang-tet-nong-am-vi-me-8-200x300.jpg 200w, https:\/\/vinasamex.com\/wp-content\/uploads\/2024\/01\/set-qua-tang-tet-nong-am-vi-me-8-683x1024.jpg 683w, https:\/\/vinasamex.com\/wp-content\/uploads\/2024\/01\/set-qua-tang-tet-nong-am-vi-me-8-768x1152.jpg 768w, https:\/\/vinasamex.com\/wp-content\/uploads\/2024\/01\/set-qua-tang-tet-nong-am-vi-me-8-8x12.jpg 8w, https:\/\/vinasamex.com\/wp-content\/uploads\/2024\/01\/set-qua-tang-tet-nong-am-vi-me-8-600x900.jpg 600w\" sizes=\"(max-width: 800px) 100vw, 800px\" \/><\/a> <a href=\"http:\/\/vinasamex.com\/wp-content\/uploads\/2024\/01\/set-qua-tang-tet-nong-am-vi-me-9.jpg\"><img loading=\"lazy\" decoding=\"async\" class=\"aligncenter wp-image-7018 size-full\" src=\"http:\/\/vinasamex.com\/wp-content\/uploads\/2024\/01\/set-qua-tang-tet-nong-am-vi-me-9.jpg\" alt=\"\" width=\"800\" height=\"1200\" srcset=\"https:\/\/vinasamex.com\/wp-content\/uploads\/2024\/01\/set-qua-tang-tet-nong-am-vi-me-9.jpg 800w, https:\/\/vinasamex.com\/wp-content\/uploads\/2024\/01\/set-qua-tang-tet-nong-am-vi-me-9-200x300.jpg 200w, https:\/\/vinasamex.com\/wp-content\/uploads\/2024\/01\/set-qua-tang-tet-nong-am-vi-me-9-683x1024.jpg 683w, https:\/\/vinasamex.com\/wp-content\/uploads\/2024\/01\/set-qua-tang-tet-nong-am-vi-me-9-768x1152.jpg 768w, https:\/\/vinasamex.com\/wp-content\/uploads\/2024\/01\/set-qua-tang-tet-nong-am-vi-me-9-8x12.jpg 8w, https:\/\/vinasamex.com\/wp-content\/uploads\/2024\/01\/set-qua-tang-tet-nong-am-vi-me-9-600x900.jpg 600w\" sizes=\"(max-width: 800px) 100vw, 800px\" \/><\/a><\/p>\n","protected":false},"excerpt":{"rendered":"<p><span style=\"font-weight: 400;\">M\u1ed7i m\u00f3n qu\u00e0 trao \u0111i l\u00e0 m\u1ed9t th\u00f4ng \u0111i\u1ec7p \u0111\u01b0\u1ee3c g\u1eedi g\u1eafm. V\u1edbi c\u00e1c lo\u1ea1i gia v\u1ecb h\u1eefu c\u01a1, Vinasamex mong c\u00f3 th\u1ec3 thay ng\u01b0\u1eddi g\u1eedi truy\u1ec1n t\u1ea3i \u0111\u01b0\u1ee3c t\u00ecnh c\u1ea3m, s\u1ef1 tr\u00e2n qu\u00fd v\u00e0 \u0111\u1eb7c bi\u1ec7t l\u00e0 kh\u01a1i g\u1ee3i v\u1ec1 m\u1ed9t h\u01b0\u01a1ng v\u1ecb th\u00e2n quen, \u1ea5m \u00e1p &#8211; b\u1eefa c\u01a1m gia \u0111\u00ecnh<\/span><\/p>\n","protected":false},"featured_media":7012,"comment_status":"closed","ping_status":"closed","template":"","meta":{"_glsr_average":0,"_glsr_ranking":0,"_glsr_reviews":0},"product_cat":[149],"product_tag":[160,161,162,159],"_links":{"self":[{"href":"https:\/\/vinasamex.com\/en\/wp-json\/wp\/v2\/product\/7010"}],"collection":[{"href":"https:\/\/vinasamex.com\/en\/wp-json\/wp\/v2\/product"}],"about":[{"href":"https:\/\/vinasamex.com\/en\/wp-json\/wp\/v2\/types\/product"}],"replies":[{"embeddable":true,"href":"https:\/\/vinasamex.com\/en\/wp-json\/wp\/v2\/comments?post=7010"}],"wp:featuredmedia":[{"embeddable":true,"href":"https:\/\/vinasamex.com\/en\/wp-json\/wp\/v2\/media\/7012"}],"wp:attachment":[{"href":"https:\/\/vinasamex.com\/en\/wp-json\/wp\/v2\/media?parent=7010"}],"wp:term":[{"taxonomy":"product_cat","embeddable":true,"href":"https:\/\/vinasamex.com\/en\/wp-json\/wp\/v2\/product_cat?post=7010"},{"taxonomy":"product_tag","embeddable":true,"href":"https:\/\/vinasamex.com\/en\/wp-json\/wp\/v2\/product_tag?post=7010"}],"curies":[{"name":"wp","href":"https:\/\/api.w.org\/{rel}","templated":true}]}}