{"id":3,"date":"2022-12-28T06:56:14","date_gmt":"2022-12-28T06:56:14","guid":{"rendered":"https:\/\/vinasamex.com\/?page_id=3"},"modified":"2023-06-21T07:15:33","modified_gmt":"2023-06-21T07:15:33","slug":"privacy-policy","status":"publish","type":"page","link":"https:\/\/vinasamex.com\/vi\/privacy-policy\/","title":{"rendered":"Ch\u00ednh s\u00e1ch"},"content":{"rendered":"<div data-elementor-type=\"wp-page\" data-elementor-id=\"3\" class=\"elementor elementor-3\" data-elementor-post-type=\"page\">\n\t\t\t\t\t\t\t\t\t<section class=\"elementor-section elementor-top-section elementor-element elementor-element-7dccffab elementor-section-boxed elementor-section-height-default elementor-section-height-default\" data-id=\"7dccffab\" data-element_type=\"section\" data-settings=\"{&quot;shape_divider_bottom&quot;:&quot;mountains&quot;,&quot;background_background&quot;:&quot;classic&quot;}\">\n\t\t\t\t\t<div class=\"elementor-shape elementor-shape-bottom\" data-negative=\"false\">\n\t\t\t<svg xmlns=\"http:\/\/www.w3.org\/2000\/svg\" viewbox=\"0 0 1000 100\" preserveaspectratio=\"none\">\n\t<path class=\"elementor-shape-fill\" opacity=\"0.33\" d=\"M473,67.3c-203.9,88.3-263.1-34-320.3,0C66,119.1,0,59.7,0,59.7V0h1000v59.7 c0,0-62.1,26.1-94.9,29.3c-32.8,3.3-62.8-12.3-75.8-22.1C806,49.6,745.3,8.7,694.9,4.7S492.4,59,473,67.3z\"\/>\n\t<path class=\"elementor-shape-fill\" opacity=\"0.66\" d=\"M734,67.3c-45.5,0-77.2-23.2-129.1-39.1c-28.6-8.7-150.3-10.1-254,39.1 s-91.7-34.4-149.2,0C115.7,118.3,0,39.8,0,39.8V0h1000v36.5c0,0-28.2-18.5-92.1-18.5C810.2,18.1,775.7,67.3,734,67.3z\"\/>\n\t<path class=\"elementor-shape-fill\" d=\"M766.1,28.9c-200-57.5-266,65.5-395.1,19.5C242,1.8,242,5.4,184.8,20.6C128,35.8,132.3,44.9,89.9,52.5C28.6,63.7,0,0,0,0 h1000c0,0-9.9,40.9-83.6,48.1S829.6,47,766.1,28.9z\"\/>\n<\/svg>\t\t<\/div>\n\t\t\t\t\t<div class=\"elementor-container elementor-column-gap-default\">\n\t\t\t\t\t<div class=\"elementor-column elementor-col-100 elementor-top-column elementor-element elementor-element-88e062b\" data-id=\"88e062b\" data-element_type=\"column\">\n\t\t\t<div class=\"elementor-widget-wrap elementor-element-populated\">\n\t\t\t\t\t\t\t\t<div class=\"elementor-element elementor-element-0de0701 elementor-widget elementor-widget-heading\" data-id=\"0de0701\" data-element_type=\"widget\" data-widget_type=\"heading.default\">\n\t\t\t\t<div class=\"elementor-widget-container\">\n\t\t\t<style>\/*! elementor - v3.15.0 - 31-07-2023 *\/\n.elementor-heading-title{padding:0;margin:0;line-height:1}.elementor-widget-heading .elementor-heading-title[class*=elementor-size-]>a{color:inherit;font-size:inherit;line-height:inherit}.elementor-widget-heading .elementor-heading-title.elementor-size-small{font-size:15px}.elementor-widget-heading .elementor-heading-title.elementor-size-medium{font-size:19px}.elementor-widget-heading .elementor-heading-title.elementor-size-large{font-size:29px}.elementor-widget-heading .elementor-heading-title.elementor-size-xl{font-size:39px}.elementor-widget-heading .elementor-heading-title.elementor-size-xxl{font-size:59px}<\/style><h2 class=\"elementor-heading-title elementor-size-default\">Ch\u00ednh s\u00e1ch<\/h2>\t\t<\/div>\n\t\t\t\t<\/div>\n\t\t\t\t<div class=\"elementor-element elementor-element-1e48c92b elementor-widget elementor-widget-text-editor\" data-id=\"1e48c92b\" data-element_type=\"widget\" data-widget_type=\"text-editor.default\">\n\t\t\t\t<div class=\"elementor-widget-container\">\n\t\t\t<style>\/*! elementor - v3.15.0 - 31-07-2023 *\/\n.elementor-widget-text-editor.elementor-drop-cap-view-stacked .elementor-drop-cap{background-color:#69727d;color:#fff}.elementor-widget-text-editor.elementor-drop-cap-view-framed .elementor-drop-cap{color:#69727d;border:3px solid;background-color:transparent}.elementor-widget-text-editor:not(.elementor-drop-cap-view-default) .elementor-drop-cap{margin-top:8px}.elementor-widget-text-editor:not(.elementor-drop-cap-view-default) .elementor-drop-cap-letter{width:1em;height:1em}.elementor-widget-text-editor .elementor-drop-cap{float:left;text-align:center;line-height:1;font-size:50px}.elementor-widget-text-editor .elementor-drop-cap-letter{display:inline-block}<\/style>\t\t\t\t<!-- wp:heading -->\n<h2><span style=\"color: #b73826;\">Ch\u00fang t\u00f4i l\u00e0 ai<\/span><\/h2>\n<!-- \/wp:heading --><!-- wp:paragraph -->\n<p>\u0110\u1ecba ch\u1ec9 website: https:\/\/vinasamex.com.<\/p>\n<!-- \/wp:paragraph --><!-- wp:heading -->\n<h2><span style=\"color: #b73826;\">B\u00ecnh lu\u1eadn<\/span><\/h2>\n<!-- \/wp:heading --><!-- wp:paragraph -->\n<p>Khi kh\u00e1ch truy c\u1eadp \u0111\u1ec3 l\u1ea1i nh\u1eadn x\u00e9t tr\u00ean trang web, ch\u00fang t\u00f4i thu th\u1eadp d\u1eef li\u1ec7u \u0111\u01b0\u1ee3c hi\u1ec3n th\u1ecb trong bi\u1ec3u m\u1eabu nh\u1eadn x\u00e9t, c\u00f9ng v\u1edbi \u0111\u1ecba ch\u1ec9 IP v\u00e0 chu\u1ed7i user agent tr\u00ecnh duy\u1ec7t c\u1ee7a kh\u00e1ch truy c\u1eadp \u0111\u1ec3 gi\u00fap ph\u00e1t hi\u1ec7n th\u01b0 r\u00e1c.<\/p>\n<!-- \/wp:paragraph --><!-- wp:paragraph -->\n<p>M\u1ed9t chu\u1ed7i \u0111\u01b0\u1ee3c \u1ea9n danh \u0111\u01b0\u1ee3c t\u1ea1o ra t\u1eeb \u0111\u1ecba ch\u1ec9 email c\u1ee7a b\u1ea1n (c\u00f2n \u0111\u01b0\u1ee3c g\u1ecdi l\u00e0 hash) c\u00f3 th\u1ec3 \u0111\u01b0\u1ee3c cung c\u1ea5p cho d\u1ecbch v\u1ee5 Gravatar \u0111\u1ec3 ki\u1ec3m tra xem b\u1ea1n c\u00f3 s\u1eed d\u1ee5ng n\u00f3 hay kh\u00f4ng. Ch\u00ednh s\u00e1ch b\u1ea3o m\u1eadt c\u1ee7a d\u1ecbch v\u1ee5 Gravatar c\u00f3 s\u1eb5n t\u1ea1i \u0111\u00e2y: https:\/\/automattic.com\/privacy\/. Sau khi \u0111\u01b0\u1ee3c ph\u00ea duy\u1ec7t, \u1ea3nh \u0111\u1ea1i di\u1ec7n c\u1ee7a b\u1ea1n s\u1ebd hi\u1ec3n th\u1ecb cho c\u00f4ng ch\u00fang trong b\u1ed1i c\u1ea3nh c\u1ee7a b\u00ecnh lu\u1eadn c\u1ee7a b\u1ea1n.<\/p>\n<!-- \/wp:paragraph --><!-- wp:heading -->\n<h2><span style=\"color: #b73826;\">Media<\/span><\/h2>\n<!-- \/wp:heading --><!-- wp:paragraph -->\n<p>N\u1ebfu b\u1ea1n t\u1ea3i l\u00ean h\u00ecnh \u1ea3nh l\u00ean trang web, b\u1ea1n n\u00ean tr\u00e1nh t\u1ea3i l\u00ean h\u00ecnh \u1ea3nh c\u00f3 ch\u1ee9a d\u1eef li\u1ec7u v\u1ecb tr\u00ed \u0111\u01b0\u1ee3c nh\u00fang trong \u0111\u00f3 (EXIF GPS). Kh\u00e1ch truy c\u1eadp trang web c\u00f3 th\u1ec3 t\u1ea3i xu\u1ed1ng v\u00e0 tr\u00edch xu\u1ea5t b\u1ea5t k\u1ef3 d\u1eef li\u1ec7u v\u1ecb tr\u00ed n\u00e0o t\u1eeb c\u00e1c h\u00ecnh \u1ea3nh tr\u00ean trang web.<\/p>\n<!-- \/wp:paragraph --><!-- wp:heading -->\n<h2><span style=\"color: #b73826;\">Cookies<\/span><\/h2>\n<!-- \/wp:heading --><!-- wp:paragraph -->\n<p>N\u1ebfu b\u1ea1n \u0111\u1ec3 l\u1ea1i m\u1ed9t b\u00ecnh lu\u1eadn tr\u00ean trang web c\u1ee7a ch\u00fang t\u00f4i, b\u1ea1n c\u00f3 th\u1ec3 ch\u1ecdn l\u1ef1a l\u01b0u t\u00ean, \u0111\u1ecba ch\u1ec9 email v\u00e0 trang web c\u1ee7a m\u00ecnh trong c\u00e1c cookie. \u0110i\u1ec1u n\u00e0y \u0111\u1ec3 ti\u1ec7n l\u1ee3i cho b\u1ea1n \u0111\u1ec3 kh\u00f4ng ph\u1ea3i nh\u1eadp l\u1ea1i chi ti\u1ebft c\u1ee7a m\u00ecnh khi b\u1ea1n \u0111\u1ec3 l\u1ea1i m\u1ed9t b\u00ecnh lu\u1eadn kh\u00e1c. Nh\u1eefng cookie n\u00e0y s\u1ebd t\u1ed3n t\u1ea1i trong m\u1ed9t n\u0103m.<\/p>\n<!-- \/wp:paragraph --><!-- wp:paragraph -->\n<p>N\u1ebfu b\u1ea1n truy c\u1eadp trang \u0111\u0103ng nh\u1eadp c\u1ee7a ch\u00fang t\u00f4i, ch\u00fang t\u00f4i s\u1ebd thi\u1ebft l\u1eadp m\u1ed9t cookie t\u1ea1m th\u1eddi \u0111\u1ec3 x\u00e1c \u0111\u1ecbnh li\u1ec7u tr\u00ecnh duy\u1ec7t c\u1ee7a b\u1ea1n c\u00f3 ch\u1ea5p nh\u1eadn cookie hay kh\u00f4ng. Cookie n\u00e0y kh\u00f4ng ch\u1ee9a b\u1ea5t k\u1ef3 d\u1eef li\u1ec7u c\u00e1 nh\u00e2n n\u00e0o v\u00e0 s\u1ebd b\u1ecb lo\u1ea1i b\u1ecf khi b\u1ea1n \u0111\u00f3ng tr\u00ecnh duy\u1ec7t c\u1ee7a m\u00ecnh.<\/p>\n<!-- \/wp:paragraph --><!-- wp:paragraph -->\n<p>Khi b\u1ea1n \u0111\u0103ng nh\u1eadp, ch\u00fang t\u00f4i c\u0169ng s\u1ebd thi\u1ebft l\u1eadp m\u1ed9t v\u00e0i cookie \u0111\u1ec3 l\u01b0u th\u00f4ng tin \u0111\u0103ng nh\u1eadp c\u1ee7a b\u1ea1n v\u00e0 c\u00e1c l\u1ef1a ch\u1ecdn hi\u1ec3n th\u1ecb m\u00e0n h\u00ecnh c\u1ee7a b\u1ea1n. Cookie \u0111\u0103ng nh\u1eadp s\u1ebd t\u1ed3n t\u1ea1i trong hai ng\u00e0y v\u00e0 cookie c\u00e1c t\u00f9y ch\u1ecdn m\u00e0n h\u00ecnh s\u1ebd t\u1ed3n t\u1ea1i trong m\u1ed9t n\u0103m. N\u1ebfu b\u1ea1n ch\u1ecdn \"Ghi nh\u1edb t\u00f4i\", th\u00f4ng tin \u0111\u0103ng nh\u1eadp c\u1ee7a b\u1ea1n s\u1ebd \u0111\u01b0\u1ee3c l\u01b0u trong hai tu\u1ea7n. N\u1ebfu b\u1ea1n \u0111\u0103ng xu\u1ea5t kh\u1ecfi t\u00e0i kho\u1ea3n c\u1ee7a m\u00ecnh, cookie \u0111\u0103ng nh\u1eadp s\u1ebd b\u1ecb x\u00f3a.<\/p>\n<!-- \/wp:paragraph --><!-- wp:paragraph -->\n<p>N\u1ebfu b\u1ea1n ch\u1ec9nh s\u1eeda ho\u1eb7c xu\u1ea5t b\u1ea3n m\u1ed9t b\u00e0i vi\u1ebft, m\u1ed9t cookie b\u1ed5 sung s\u1ebd \u0111\u01b0\u1ee3c l\u01b0u tr\u1eef trong tr\u00ecnh duy\u1ec7t c\u1ee7a b\u1ea1n. Cookie n\u00e0y kh\u00f4ng bao g\u1ed3m b\u1ea5t k\u1ef3 d\u1eef li\u1ec7u c\u00e1 nh\u00e2n n\u00e0o v\u00e0 ch\u1ec9 \u0111\u01a1n gi\u1ea3n l\u00e0 ch\u1ec9 s\u1ed1 ID c\u1ee7a b\u00e0i vi\u1ebft m\u00e0 b\u1ea1n v\u1eeba ch\u1ec9nh s\u1eeda. N\u00f3 h\u1ebft h\u1ea1n sau 1 ng\u00e0y.<\/p>\n<!-- \/wp:paragraph --><!-- wp:heading -->\n<h2><span style=\"color: #b73826;\">N\u1ed9i dung \u0111\u01b0\u1ee3c nh\u00fang t\u1eeb c\u00e1c trang web kh\u00e1c.<\/span><\/h2>\n<!-- \/wp:heading --><!-- wp:paragraph -->\n<p>C\u00e1c b\u00e0i vi\u1ebft tr\u00ean trang web n\u00e0y c\u00f3 th\u1ec3 bao g\u1ed3m n\u1ed9i dung \u0111\u01b0\u1ee3c nh\u00fang (v\u00ed d\u1ee5 nh\u01b0 video, h\u00ecnh \u1ea3nh, b\u00e0i vi\u1ebft, v.v.) t\u1eeb c\u00e1c trang web kh\u00e1c. N\u1ed9i dung \u0111\u01b0\u1ee3c nh\u00fang t\u1eeb c\u00e1c trang web kh\u00e1c ho\u1ea1t \u0111\u1ed9ng t\u01b0\u01a1ng t\u1ef1 nh\u01b0 khi kh\u00e1ch truy c\u1eadp tr\u1ef1c ti\u1ebfp v\u00e0o c\u00e1c trang web \u0111\u00f3.<\/p>\n<!-- \/wp:paragraph --><!-- wp:paragraph -->\n<p>C\u00e1c trang web n\u00e0y c\u00f3 th\u1ec3 thu th\u1eadp d\u1eef li\u1ec7u v\u1ec1 b\u1ea1n, s\u1eed d\u1ee5ng cookie, nh\u00fang c\u00e1c c\u00f4ng c\u1ee5 theo d\u00f5i c\u1ee7a b\u00ean th\u1ee9 ba v\u00e0 theo d\u00f5i t\u01b0\u01a1ng t\u00e1c c\u1ee7a b\u1ea1n v\u1edbi n\u1ed9i dung \u0111\u01b0\u1ee3c nh\u00fang \u0111\u00f3, bao g\u1ed3m c\u1ea3 vi\u1ec7c theo d\u00f5i t\u01b0\u01a1ng t\u00e1c c\u1ee7a b\u1ea1n v\u1edbi n\u1ed9i dung \u0111\u01b0\u1ee3c nh\u00fang \u0111\u00f3 n\u1ebfu b\u1ea1n c\u00f3 t\u00e0i kho\u1ea3n v\u00e0 \u0111\u0103ng nh\u1eadp v\u00e0o trang web \u0111\u00f3.<\/p>\n<!-- \/wp:paragraph --><!-- wp:heading -->\n<h2><span style=\"color: #b73826;\">Ch\u00fang t\u00f4i chia s\u1ebb d\u1eef li\u1ec7u c\u1ee7a b\u1ea1n v\u1edbi ai<\/span><\/h2>\n<!-- \/wp:heading --><!-- wp:paragraph -->\n<p>N\u1ebfu b\u1ea1n y\u00eau c\u1ea7u \u0111\u1eb7t l\u1ea1i m\u1eadt kh\u1ea9u, \u0111\u1ecba ch\u1ec9 IP c\u1ee7a b\u1ea1n s\u1ebd \u0111\u01b0\u1ee3c bao g\u1ed3m trong email \u0111\u1eb7t l\u1ea1i m\u1eadt kh\u1ea9u.<\/p>\n<!-- \/wp:paragraph --><!-- wp:heading -->\n<h2><span style=\"color: #b73826;\">Ch\u00fang t\u00f4i l\u01b0u gi\u1eef d\u1eef li\u1ec7u c\u1ee7a b\u1ea1n trong bao l\u00e2u<\/span><\/h2>\n<!-- \/wp:heading --><!-- wp:paragraph -->\n<p>N\u1ebfu b\u1ea1n \u0111\u1ec3 l\u1ea1i m\u1ed9t b\u00ecnh lu\u1eadn, b\u00ecnh lu\u1eadn v\u00e0 si\u00eau d\u1eef li\u1ec7u c\u1ee7a n\u00f3 s\u1ebd \u0111\u01b0\u1ee3c l\u01b0u tr\u1eef v\u00f4 th\u1eddi h\u1ea1n. \u0110i\u1ec1u n\u00e0y gi\u00fap ch\u00fang t\u00f4i nh\u1eadn ra v\u00e0 t\u1ef1 \u0111\u1ed9ng ph\u00ea duy\u1ec7t b\u1ea5t k\u1ef3 b\u00ecnh lu\u1eadn theo d\u00f5i n\u00e0o thay v\u00ec gi\u1eef ch\u00fang trong h\u00e0ng \u0111\u1ee3i ki\u1ec3m duy\u1ec7t.<\/p>\n<!-- \/wp:paragraph --><!-- wp:paragraph -->\n<p>\u0110\u1ed1i v\u1edbi ng\u01b0\u1eddi d\u00f9ng \u0111\u0103ng k\u00fd tr\u00ean trang web c\u1ee7a ch\u00fang t\u00f4i (n\u1ebfu c\u00f3), ch\u00fang t\u00f4i l\u01b0u tr\u1eef th\u00f4ng tin c\u00e1 nh\u00e2n m\u00e0 h\u1ecd cung c\u1ea5p trong h\u1ed3 s\u01a1 ng\u01b0\u1eddi d\u00f9ng c\u1ee7a h\u1ecd. T\u1ea5t c\u1ea3 ng\u01b0\u1eddi d\u00f9ng c\u00f3 th\u1ec3 xem, ch\u1ec9nh s\u1eeda ho\u1eb7c x\u00f3a th\u00f4ng tin c\u00e1 nh\u00e2n c\u1ee7a m\u00ecnh b\u1ea5t c\u1ee9 l\u00fac n\u00e0o (tr\u1eeb khi h\u1ecd kh\u00f4ng th\u1ec3 thay \u0111\u1ed5i t\u00ean ng\u01b0\u1eddi d\u00f9ng c\u1ee7a m\u00ecnh). Qu\u1ea3n tr\u1ecb vi\u00ean trang web c\u0169ng c\u00f3 th\u1ec3 xem v\u00e0 ch\u1ec9nh s\u1eeda th\u00f4ng tin \u0111\u00f3.<\/p>\n<!-- \/wp:paragraph --><!-- wp:heading -->\n<h2><span style=\"color: #b73826;\">B\u1ea1n c\u00f3 nh\u1eefng quy\u1ec1n g\u00ec \u0111\u1ed1i v\u1edbi d\u1eef li\u1ec7u c\u1ee7a m\u00ecnh<\/span><\/h2>\n<!-- \/wp:heading --><!-- wp:paragraph -->\n<p>N\u1ebfu b\u1ea1n c\u00f3 t\u00e0i kho\u1ea3n tr\u00ean trang web n\u00e0y ho\u1eb7c \u0111\u00e3 \u0111\u1ec3 l\u1ea1i b\u00ecnh lu\u1eadn, b\u1ea1n c\u00f3 th\u1ec3 y\u00eau c\u1ea7u nh\u1eadn m\u1ed9t t\u1ec7p \u0111\u01b0\u1ee3c xu\u1ea5t c\u1ee7a d\u1eef li\u1ec7u c\u00e1 nh\u00e2n ch\u00fang t\u00f4i gi\u1eef v\u1ec1 b\u1ea1n, bao g\u1ed3m b\u1ea5t k\u1ef3 d\u1eef li\u1ec7u n\u00e0o b\u1ea1n \u0111\u00e3 cung c\u1ea5p cho ch\u00fang t\u00f4i. B\u1ea1n c\u0169ng c\u00f3 th\u1ec3 y\u00eau c\u1ea7u ch\u00fang t\u00f4i x\u00f3a b\u1ea5t k\u1ef3 d\u1eef li\u1ec7u c\u00e1 nh\u00e2n n\u00e0o ch\u00fang t\u00f4i gi\u1eef v\u1ec1 b\u1ea1n. \u0110i\u1ec1u n\u00e0y kh\u00f4ng bao g\u1ed3m b\u1ea5t k\u1ef3 d\u1eef li\u1ec7u n\u00e0o m\u00e0 ch\u00fang t\u00f4i b\u1eaft bu\u1ed9c ph\u1ea3i gi\u1eef \u0111\u1ec3 s\u1eed d\u1ee5ng cho m\u1ee5c \u0111\u00edch qu\u1ea3n tr\u1ecb, ph\u00e1p l\u00fd ho\u1eb7c b\u1ea3o m\u1eadt<\/p>\n<!-- \/wp:paragraph --><!-- wp:heading -->\n<h2><span style=\"color: #b73826;\">N\u01a1i d\u1eef li\u1ec7u c\u1ee7a b\u1ea1n \u0111\u01b0\u1ee3c g\u1eedi<\/span><\/h2>\n<!-- \/wp:heading --><!-- wp:paragraph -->\n<p>Nh\u1eefng b\u00ecnh lu\u1eadn c\u1ee7a kh\u00e1ch truy c\u1eadp c\u00f3 th\u1ec3 \u0111\u01b0\u1ee3c ki\u1ec3m tra th\u00f4ng qua m\u1ed9t d\u1ecbch v\u1ee5 ph\u00e1t hi\u1ec7n th\u01b0 r\u00e1c t\u1ef1 \u0111\u1ed9ng.<\/p>\n<!-- \/wp:paragraph -->\t\t\t\t\t\t<\/div>\n\t\t\t\t<\/div>\n\t\t\t\t\t<\/div>\n\t\t<\/div>\n\t\t\t\t\t\t\t<\/div>\n\t\t<\/section>\n\t\t\t\t\t\t\t<\/div>","protected":false},"excerpt":{"rendered":"<p>Privacy Policy Who we are Our website address is: https:\/\/vinasamex.com. Comments When visitors leave comments on the site we collect the data shown in the comments form, and also the visitor\u2019s IP address and browser user agent string to help spam detection. An anonymized string created from your email address (also called a hash) may [&hellip;]<\/p>","protected":false},"author":1,"featured_media":0,"parent":0,"menu_order":0,"comment_status":"closed","ping_status":"open","template":"","meta":{"_glsr_average":0,"_glsr_ranking":0,"_glsr_reviews":0,"footnotes":""},"_links":{"self":[{"href":"https:\/\/vinasamex.com\/vi\/wp-json\/wp\/v2\/pages\/3"}],"collection":[{"href":"https:\/\/vinasamex.com\/vi\/wp-json\/wp\/v2\/pages"}],"about":[{"href":"https:\/\/vinasamex.com\/vi\/wp-json\/wp\/v2\/types\/page"}],"author":[{"embeddable":true,"href":"https:\/\/vinasamex.com\/vi\/wp-json\/wp\/v2\/users\/1"}],"replies":[{"embeddable":true,"href":"https:\/\/vinasamex.com\/vi\/wp-json\/wp\/v2\/comments?post=3"}],"version-history":[{"count":0,"href":"https:\/\/vinasamex.com\/vi\/wp-json\/wp\/v2\/pages\/3\/revisions"}],"wp:attachment":[{"href":"https:\/\/vinasamex.com\/vi\/wp-json\/wp\/v2\/media?parent=3"}],"curies":[{"name":"wp","href":"https:\/\/api.w.org\/{rel}","templated":true}]}}