{"id":4494,"date":"2023-04-12T02:54:43","date_gmt":"2023-04-12T02:54:43","guid":{"rendered":"https:\/\/vinasamex.com\/?post_type=product&#038;p=4494"},"modified":"2023-06-27T10:50:56","modified_gmt":"2023-06-27T10:50:56","slug":"grapefruit-essential-oil","status":"publish","type":"product","link":"https:\/\/vinasamex.com\/vi\/san-pham\/grapefruit-essential-oil\/","title":{"rendered":"Tinh D\u1ea7u B\u01b0\u1edfi"},"content":{"rendered":"<p><strong>TINH D\u1ea6U V\u1ece B\u01af\u1edeI VINASAMEX<\/strong><\/p>\n<p><strong>Xu\u1ea5t x\u1ee9: <\/strong>Vi\u1ec7t Nam<\/p>\n<p><strong>Th\u00e0nh ph\u1ea7n:<\/strong> 100% Tinh D\u1ea7u V\u1ecf B\u01b0\u1edfi Nguy\u00ean Ch\u1ea5t<\/p>\n<p><strong>H\u01b0\u1edbng d\u1eabn s\u1eed d\u1ee5ng:<\/strong> D\u00f9ng x\u00f4ng l\u00e0m th\u01a1m ph\u00f2ng v\u00e0 \u0111u\u1ed5i c\u00f4n tr\u00f9ng, m\u00e1t xa gi\u1ea3m m\u1ee1 b\u1ee5ng, d\u01b0\u1ee1ng da, d\u01b0\u1ee1ng t\u00f3c m\u1ec1m m\u01b0\u1ee3t, k\u00edch th\u00edch m\u1ecdc t\u00f3c.<\/p>\n<p><strong>B\u1ea3o qu\u1ea3n:<\/strong> N\u01a1i kh\u00f4 r\u00e1o, tho\u00e1ng m\u00e1t, tr\u00e1nh \u00e1nh n\u1eafng tr\u1ef1c ti\u1ebfp.<\/p>\n<p><strong>S\u1ea3n ph\u1ea9m c\u1ee7a VINASAMEX :<\/strong><\/p>\n<ul>\n<li>\u0110\u01b0\u1ee3c tr\u1ed3ng v\u00e0 ch\u1ebf bi\u1ebfn \u0111\u00fang ti\u00eau chu\u1ea9n Organic, FairForlife, UEBT.<\/li>\n<li>Quy tr\u00ecnh s\u1ea3n xu\u1ea5t kh\u00e9p k\u00edn v\u00e0 \u0111\u01b0\u1ee3c gi\u00e1m s\u00e1t ch\u1ea5t l\u01b0\u1ee3ng nghi\u00eam ng\u1eb7t, h\u1ed3 s\u01a1 truy xu\u1ea5t minh b\u1ea1ch, r\u00f5 r\u00e0ng.<\/li>\n<\/ul>","protected":false},"excerpt":{"rendered":"<p style=\"font-weight: 400;\"><span style=\"font-weight: 400;\"><strong>Limonene:<\/strong> 60 &#8211; 67%<\/span><\/p>\n<p style=\"font-weight: 400;\"><span style=\"font-weight: 400;\"><strong>M\u00f9i h\u01b0\u01a1ng:<\/strong> Th\u01a1m m\u00e1t d\u1ec5 ch\u1ecbu <\/span><\/p>\n<p style=\"font-weight: 400;\"><span style=\"font-weight: 400;\"><strong>T\u00ednh \u1ed5n \u0111\u1ecbnh:<\/strong> \u1ed4n \u0111\u1ecbnh trong \u0111i\u1ec1u ki\u1ec7n b\u00ecnh th\u01b0\u1eddng<\/span><\/p>\n<p><strong>\u0110\u00f3ng g\u00f3i:<\/strong> L\u1ecd th\u1ee7y tinh 10ml\/ 20ml<\/p>\n<p style=\"font-weight: 400;\"><strong>M\u00e0u t\u1ef1 nhi\u00ean<\/strong><\/p>","protected":false},"featured_media":6764,"comment_status":"closed","ping_status":"closed","template":"","meta":{"_glsr_average":0,"_glsr_ranking":0,"_glsr_reviews":0},"product_cat":[146,150],"product_tag":[],"_links":{"self":[{"href":"https:\/\/vinasamex.com\/vi\/wp-json\/wp\/v2\/product\/4494"}],"collection":[{"href":"https:\/\/vinasamex.com\/vi\/wp-json\/wp\/v2\/product"}],"about":[{"href":"https:\/\/vinasamex.com\/vi\/wp-json\/wp\/v2\/types\/product"}],"replies":[{"embeddable":true,"href":"https:\/\/vinasamex.com\/vi\/wp-json\/wp\/v2\/comments?post=4494"}],"wp:featuredmedia":[{"embeddable":true,"href":"https:\/\/vinasamex.com\/vi\/wp-json\/wp\/v2\/media\/6764"}],"wp:attachment":[{"href":"https:\/\/vinasamex.com\/vi\/wp-json\/wp\/v2\/media?parent=4494"}],"wp:term":[{"taxonomy":"product_cat","embeddable":true,"href":"https:\/\/vinasamex.com\/vi\/wp-json\/wp\/v2\/product_cat?post=4494"},{"taxonomy":"product_tag","embeddable":true,"href":"https:\/\/vinasamex.com\/vi\/wp-json\/wp\/v2\/product_tag?post=4494"}],"curies":[{"name":"wp","href":"https:\/\/api.w.org\/{rel}","templated":true}]}}