{"id":4496,"date":"2023-04-12T03:12:04","date_gmt":"2023-04-12T03:12:04","guid":{"rendered":"https:\/\/vinasamex.com\/?post_type=product&#038;p=4496"},"modified":"2023-06-27T10:51:35","modified_gmt":"2023-06-27T10:51:35","slug":"cajeput-essential-oil","status":"publish","type":"product","link":"https:\/\/vinasamex.com\/vi\/san-pham\/cajeput-essential-oil\/","title":{"rendered":"Tinh D\u1ea7u Tr\u00e0m"},"content":{"rendered":"<p><strong>TINH D\u1ea6U TR\u00c0M H\u1eeeU C\u01a0 VINASAMEX<\/strong><\/p>\n<p><strong>Xu\u1ea5t x\u1ee9:<\/strong> Vi\u1ec7t Nam<\/p>\n<p><strong>Th\u00e0nh ph\u1ea7n:<\/strong> 100% Tinh D\u1ea7u Tr\u00e0m Nguy\u00ean Ch\u1ea5t.<\/p>\n<p><strong>B\u1ea3o qu\u1ea3n:<\/strong> N\u01a1i kh\u00f4 r\u00e1o, tho\u00e1ng m\u00e1t, tr\u00e1nh \u00e1nh n\u1eafng tr\u1ef1c ti\u1ebfp.<\/p>\n<p><strong>Th\u00e0nh ph\u1ea7n h\u1eefu c\u01a1 an to\u00e0n, c\u00f3 th\u1ec3 s\u1eed d\u1ee5ng cho c\u1ea3 ph\u1ee5 n\u1eef mang thai v\u00e0 tr\u1ebb s\u01a1 sinh.<\/strong><\/p>\n<p>Tinh d\u1ea7u tr\u00e0m nguy\u00ean ch\u1ea5t VINASAMEX l\u00e0 lo\u1ea1i tinh d\u1ea7u kh\u00f4ng pha lo\u00e3ng v\u1edbi n\u01b0\u1edbc hay tr\u1ed9n l\u1eabn v\u1edbi b\u1ea5t k\u1ef3 t\u1ea1p ch\u1ea5t n\u00e0o, \u0111\u01b0\u1ee3c chi\u1ebft xu\u1ea5t ho\u00e0n to\u00e0n t\u1eeb c\u00e2y tr\u00e0m \u0111\u00fang ph\u01b0\u01a1ng ph\u00e1p.<\/p>\n<p><strong>S\u1ea3n ph\u1ea9m c\u1ee7a VINASAMEX :<\/strong><\/p>\n<ul>\n<li>\u0110\u01b0\u1ee3c tr\u1ed3ng v\u00e0 ch\u1ebf bi\u1ebfn \u0111\u00fang ti\u00eau chu\u1ea9n Organic, FairForlife, UEBT.<\/li>\n<li>Quy tr\u00ecnh s\u1ea3n xu\u1ea5t kh\u00e9p k\u00edn v\u00e0 \u0111\u01b0\u1ee3c gi\u00e1m s\u00e1t ch\u1ea5t l\u01b0\u1ee3ng nghi\u00eam ng\u1eb7t, h\u1ed3 s\u01a1 truy xu\u1ea5t minh b\u1ea1ch, r\u00f5 r\u00e0ng.<\/li>\n<\/ul>","protected":false},"excerpt":{"rendered":"<p style=\"font-weight: 400;\"><span style=\"font-weight: 400;\"><strong>Terpinen-4-ol:<\/strong> 40 &#8211; 42 %<\/span><\/p>\n<p style=\"font-weight: 400;\"><strong>M\u00f9i h\u01b0\u01a1ng: <span style=\"font-weight: 400;\">Long n\u00e3o d\u1ec5 ch\u1ecbu<\/span><\/strong><\/p>\n<p style=\"font-weight: 400;\"><span style=\"font-weight: 400;\"><strong>T\u00ednh \u1ed5n \u0111\u1ecbnh:<\/strong> \u1ed4n \u0111\u1ecbnh trong \u0111i\u1ec1u ki\u1ec7n b\u00ecnh th\u01b0\u1eddng<\/span><\/p>\n<p><strong>\u0110\u00f3ng g\u00f3i:<\/strong> L\u1ecd th\u1ee7y tinh 10ml\/ 20ml<\/p>\n<p style=\"font-weight: 400;\"><strong>M\u00e0u t\u1ef1 nhi\u00ean<\/strong><\/p>","protected":false},"featured_media":6765,"comment_status":"closed","ping_status":"closed","template":"","meta":{"_glsr_average":0,"_glsr_ranking":0,"_glsr_reviews":0},"product_cat":[146,150],"product_tag":[],"_links":{"self":[{"href":"https:\/\/vinasamex.com\/vi\/wp-json\/wp\/v2\/product\/4496"}],"collection":[{"href":"https:\/\/vinasamex.com\/vi\/wp-json\/wp\/v2\/product"}],"about":[{"href":"https:\/\/vinasamex.com\/vi\/wp-json\/wp\/v2\/types\/product"}],"replies":[{"embeddable":true,"href":"https:\/\/vinasamex.com\/vi\/wp-json\/wp\/v2\/comments?post=4496"}],"wp:featuredmedia":[{"embeddable":true,"href":"https:\/\/vinasamex.com\/vi\/wp-json\/wp\/v2\/media\/6765"}],"wp:attachment":[{"href":"https:\/\/vinasamex.com\/vi\/wp-json\/wp\/v2\/media?parent=4496"}],"wp:term":[{"taxonomy":"product_cat","embeddable":true,"href":"https:\/\/vinasamex.com\/vi\/wp-json\/wp\/v2\/product_cat?post=4496"},{"taxonomy":"product_tag","embeddable":true,"href":"https:\/\/vinasamex.com\/vi\/wp-json\/wp\/v2\/product_tag?post=4496"}],"curies":[{"name":"wp","href":"https:\/\/api.w.org\/{rel}","templated":true}]}}