{"id":4498,"date":"2023-04-12T03:21:07","date_gmt":"2023-04-12T03:21:07","guid":{"rendered":"https:\/\/vinasamex.com\/?post_type=product&#038;p=4498"},"modified":"2023-06-27T10:49:42","modified_gmt":"2023-06-27T10:49:42","slug":"ginger-oil","status":"publish","type":"product","link":"https:\/\/vinasamex.com\/vi\/san-pham\/ginger-oil\/","title":{"rendered":"Tinh D\u1ea7u G\u1eebng"},"content":{"rendered":"<p><strong>TINH D\u1ea6U G\u1eeaNG H\u1eeeU C\u01a0 VINASAMEX<\/strong><\/p>\n<p><strong>Xu\u1ea5t x\u1ee9: <\/strong>Vi\u1ec7t Nam<\/p>\n<p><strong>Ch\u1ee9ng nh\u1eadn h\u1eefu c\u01a1:<\/strong> EU, USDA, JAS, Korea.<\/p>\n<p><strong>Th\u00e0nh ph\u1ea7n:<\/strong> 100% Tinh D\u1ea7u G\u1eebng H\u1eefu C\u01a1<\/p>\n<p><strong>C\u00e1ch s\u1eed d\u1ee5ng:<\/strong> L\u00e0m th\u01a1m ph\u00f2ng, xoa b\u00f3p v\u1ebft \u0111au nh\u1ee9c, ng\u00e2m ch\u00e2n, n\u1ea5u \u0103n, pha ch\u1ebf\u2026<\/p>\n<p><strong>B\u1ea3o qu\u1ea3n:<\/strong> N\u01a1i kh\u00f4 r\u00e1o, tho\u00e1ng m\u00e1t, tr\u00e1nh \u00e1nh n\u1eafng tr\u1ef1c ti\u1ebfp.<\/p>\n<p><strong>100% tinh d\u1ea7u g\u1eebng h\u1eefu c\u01a1:<\/strong><\/p>\n<ul>\n<li>G\u1eebng \u0111\u01b0\u1ee3c tr\u1ed3ng v\u00e0 ch\u1ebf bi\u1ebfn theo \u0111\u00fang ti\u00eau chu\u1ea9n Organic, FairForlife, UEBT<\/li>\n<li>\u0110\u01b0\u1ee3c ch\u1ebf bi\u1ebfn th\u00e0nh c\u00e1c d\u00f2ng s\u1ea3n ph\u1ea9m cao c\u1ea5p \u0111\u1ea1t ti\u00eau chu\u1ea9n xu\u1ea5t kh\u1ea9u sang c\u00e1c th\u1ecb tr\u01b0\u1eddng EU, M\u1ef9, Nh\u1eadt B\u1ea3n, H\u00e0n Qu\u1ed1c...<\/li>\n<li>Quy tr\u00ecnh s\u1ea3n xu\u1ea5t kh\u00e9p k\u00edn v\u00e0 \u0111\u01b0\u1ee3c gi\u00e1m s\u00e1t ch\u1ea5t l\u01b0\u1ee3ng nghi\u00eam ng\u1eb7t, h\u1ed3 s\u01a1 truy xu\u1ea5t minh b\u1ea1ch, r\u00f5 r\u00e0ng.<\/li>\n<\/ul>","protected":false},"excerpt":{"rendered":"<p><strong>Zingiberene:<\/strong> 20 &#8211; 35%<\/p>\n<p><strong>H\u01b0\u01a1ng v\u1ecb:<\/strong> Th\u01a1m, ng\u1ecdt cay<\/p>\n<p><strong>T\u00ednh \u1ed5n \u0111\u1ecbnh:<\/strong> \u1ed4n \u0111\u1ecbnh trong \u0111i\u1ec1u ki\u1ec7n b\u00ecnh th\u01b0\u1eddng<\/p>\n<p><strong>\u0110\u00f3ng g\u00f3i: <\/strong>\u0110ang c\u00e2p nh\u1eadt<\/p>\n<p><strong>M\u00e0u t\u1ef1 nhi\u00ean, kh\u00f4ng n\u1ea5m m\u1ed1c<\/strong><\/p>","protected":false},"featured_media":6763,"comment_status":"closed","ping_status":"closed","template":"","meta":{"_glsr_average":0,"_glsr_ranking":0,"_glsr_reviews":0},"product_cat":[146,150],"product_tag":[],"_links":{"self":[{"href":"https:\/\/vinasamex.com\/vi\/wp-json\/wp\/v2\/product\/4498"}],"collection":[{"href":"https:\/\/vinasamex.com\/vi\/wp-json\/wp\/v2\/product"}],"about":[{"href":"https:\/\/vinasamex.com\/vi\/wp-json\/wp\/v2\/types\/product"}],"replies":[{"embeddable":true,"href":"https:\/\/vinasamex.com\/vi\/wp-json\/wp\/v2\/comments?post=4498"}],"wp:featuredmedia":[{"embeddable":true,"href":"https:\/\/vinasamex.com\/vi\/wp-json\/wp\/v2\/media\/6763"}],"wp:attachment":[{"href":"https:\/\/vinasamex.com\/vi\/wp-json\/wp\/v2\/media?parent=4498"}],"wp:term":[{"taxonomy":"product_cat","embeddable":true,"href":"https:\/\/vinasamex.com\/vi\/wp-json\/wp\/v2\/product_cat?post=4498"},{"taxonomy":"product_tag","embeddable":true,"href":"https:\/\/vinasamex.com\/vi\/wp-json\/wp\/v2\/product_tag?post=4498"}],"curies":[{"name":"wp","href":"https:\/\/api.w.org\/{rel}","templated":true}]}}