{"id":4512,"date":"2023-04-12T03:32:10","date_gmt":"2023-04-12T03:32:10","guid":{"rendered":"https:\/\/vinasamex.com\/?post_type=product&#038;p=4512"},"modified":"2023-06-27T07:08:04","modified_gmt":"2023-06-27T07:08:04","slug":"star-anise-essential-oil","status":"publish","type":"product","link":"https:\/\/vinasamex.com\/vi\/san-pham\/star-anise-essential-oil\/","title":{"rendered":"Tinh D\u1ea7u H\u1ed3i"},"content":{"rendered":"<p><strong>TINH D\u1ea6U H\u1ed2I H\u1eeeU C\u01a0 VINASAMEX<\/strong><\/p>\n<p><strong>Xu\u1ea5t x\u1ee9: <\/strong>Vi\u1ec7t Nam<\/p>\n<p><strong>Ch\u1ee9ng nh\u1eadn h\u1eefu c\u01a1:<\/strong> EU, USDA, JAS, Korea.<\/p>\n<p><strong>Th\u00e0nh ph\u1ea7n:<\/strong> 100% Tinh D\u1ea7u H\u1ed3i H\u1eefu C\u01a1<\/p>\n<p><strong>H\u01b0\u1edbng d\u1eabn s\u1eed d\u1ee5ng:<\/strong> S\u1eed d\u1ee5ng m\u00e1y x\u1ecbt h\u01a1i n\u01b0\u1edbc \u0111\u1ec3 t\u1ea1o m\u00f9i th\u01a1m cho c\u0103n ph\u00f2ng, massage v\u1ebft lo\u00e9t ho\u1eb7c c\u00f4n tr\u00f9ng \u0111\u1ed1t, ng\u00e2m ch\u00e2n, n\u1ea5u \u0103n,....<\/p>\n<p><strong>B\u1ea3o qu\u1ea3n:<\/strong> N\u01a1i kh\u00f4 r\u00e1o, tho\u00e1ng m\u00e1t, tr\u00e1nh \u00e1nh n\u1eafng tr\u1ef1c ti\u1ebfp.<\/p>","protected":false},"excerpt":{"rendered":"<p><strong>\u0110i\u1ec3m n\u00f3ng ch\u1ea3y:<\/strong> 150\u00baC<\/p>\n<p><strong>\u0110i\u1ec3m s\u00f4i:<\/strong> 2320\u00baC<\/p>\n<p><strong>\u0110\u1ed9 tinh khi\u1ebft:<\/strong> T\u1ed1i thi\u1ec3u 92%<\/p>\n<p><strong>Trans-anethole:<\/strong> T\u1ed1i thi\u1ec3u 85%<\/p>\n<p><strong>T\u00ednh \u1ed5n \u0111\u1ecbnh:<\/strong> \u1ed4n \u0111\u1ecbnh trong \u0111i\u1ec1u ki\u1ec7n b\u00ecnh th\u01b0\u1eddng<\/p>\n<p><strong>M\u00e0u s\u1eafc:<\/strong> Tr\u1eafng h\u01a1i v\u00e0ng nh\u1ea1t<\/p>\n<p><strong>\u0110\u00f3ng g\u00f3i:<\/strong><\/p>\n<ul>\n<li>L\u1ecd thu\u1ef7 tinh 10ml\/ 20ml\/ 50ml<\/li>\n<li>Can 5L\/ 10L<\/li>\n<\/ul>","protected":false},"featured_media":6692,"comment_status":"closed","ping_status":"closed","template":"","meta":{"_glsr_average":0,"_glsr_ranking":0,"_glsr_reviews":0},"product_cat":[146,150],"product_tag":[],"_links":{"self":[{"href":"https:\/\/vinasamex.com\/vi\/wp-json\/wp\/v2\/product\/4512"}],"collection":[{"href":"https:\/\/vinasamex.com\/vi\/wp-json\/wp\/v2\/product"}],"about":[{"href":"https:\/\/vinasamex.com\/vi\/wp-json\/wp\/v2\/types\/product"}],"replies":[{"embeddable":true,"href":"https:\/\/vinasamex.com\/vi\/wp-json\/wp\/v2\/comments?post=4512"}],"wp:featuredmedia":[{"embeddable":true,"href":"https:\/\/vinasamex.com\/vi\/wp-json\/wp\/v2\/media\/6692"}],"wp:attachment":[{"href":"https:\/\/vinasamex.com\/vi\/wp-json\/wp\/v2\/media?parent=4512"}],"wp:term":[{"taxonomy":"product_cat","embeddable":true,"href":"https:\/\/vinasamex.com\/vi\/wp-json\/wp\/v2\/product_cat?post=4512"},{"taxonomy":"product_tag","embeddable":true,"href":"https:\/\/vinasamex.com\/vi\/wp-json\/wp\/v2\/product_tag?post=4512"}],"curies":[{"name":"wp","href":"https:\/\/api.w.org\/{rel}","templated":true}]}}