{"id":4513,"date":"2022-04-10T03:35:09","date_gmt":"2022-04-10T03:35:09","guid":{"rendered":"https:\/\/vinasamex.com\/?post_type=product&#038;p=4513"},"modified":"2023-06-27T10:48:28","modified_gmt":"2023-06-27T10:48:28","slug":"cinnamon-essential-oil-bottle","status":"publish","type":"product","link":"https:\/\/vinasamex.com\/vi\/san-pham\/cinnamon-essential-oil-bottle\/","title":{"rendered":"Tinh D\u1ea7u Qu\u1ebf"},"content":{"rendered":"<p><strong>TINH D\u1ea6U QU\u1ebe H\u1eeeU C\u01a0 VINASAMEX<\/strong><\/p>\n<p><strong>Xu\u1ea5t x\u1ee9:<\/strong> Vi\u1ec7t Nam<\/p>\n<p><strong>Ch\u1ee9ng nh\u1eadn h\u1eefu c\u01a1:<\/strong> EU, USDA, JAS, Korea.<\/p>\n<p><strong>Th\u00e0nh ph\u1ea7n: <\/strong><\/p>\n<ul>\n<li>100% Tinh D\u1ea7u Qu\u1ebf H\u1eefu C\u01a1.<\/li>\n<li>Th\u00e0nh ph\u1ea7n ho\u1ea1t ch\u1ea5t ch\u00ednh c\u1ee7a tinh d\u1ea7u l\u00e0 aldehyde qu\u1ebf tr\u00ean 80%.<\/li>\n<\/ul>\n<p><strong>C\u00e1ch s\u1eed d\u1ee5ng:<\/strong><\/p>\n<ul>\n<li>D\u00f9ng trong s\u1ea3n xu\u1ea5t d\u01b0\u1ee3c li\u1ec7u.<\/li>\n<li>Chu\u1ea9n b\u1ecb \u0111\u1ed3 u\u1ed1ng (r\u01b0\u1ee3u qu\u1ebf, c\u00e0 ph\u00ea qu\u1ebf ...).<\/li>\n<li>D\u00f9ng \u0111\u1ec3 l\u00e0m b\u00e1nh, k\u1eb9o, tr\u00e0 t\u1ea1o h\u01b0\u01a1ng v\u1ecb th\u01a1m ngon, \u1ea5m \u00e1p.<\/li>\n<li>S\u1eed d\u1ee5ng h\u00e0ng ng\u00e0y: nh\u1ecf 1-2 gi\u1ecdt v\u00e0o c\u1ed1c 200ml n\u01b0\u1edbc \u1ea5m \u0111\u1ec3 s\u00fac mi\u1ec7ng, ng\u1eadm 3-5 ph\u00fat \u0111\u1ec3 s\u00e1t tr\u00f9ng h\u1ea7u h\u1ecdng, ch\u1eefa b\u1ec7nh c\u1ea7u tr\u00f9ng, s\u00e2u r\u0103ng.<\/li>\n<\/ul>\n<p><strong>B\u1ea3o qu\u1ea3n: <\/strong>N\u01a1i kh\u00f4 r\u00e1o, tho\u00e1ng m\u00e1t, tr\u00e1nh \u00e1nh n\u1eafng tr\u1ef1c ti\u1ebfp.<\/p>","protected":false},"excerpt":{"rendered":"<p style=\"font-weight: 400;\"><span style=\"font-weight: 400;\"><strong>\u0110i\u1ec3m n\u00f3ng ch\u1ea3y:<\/strong> 150\u00baC<\/span><\/p>\n<p style=\"font-weight: 400;\"><span style=\"font-weight: 400;\"><strong>\u0110i\u1ec3m s\u00f4i:<\/strong> 232\u00baC<\/span><\/p>\n<p style=\"font-weight: 400;\"><span style=\"font-weight: 400;\"><strong>\u0110\u1ed9 th\u1ea9m th\u1ea5u:<\/strong> 80 &#8211; 92%<\/span><\/p>\n<p style=\"font-weight: 400;\"><span style=\"font-weight: 400;\"><strong>\u0110\u1ed9 tinh khi\u1ebft:<\/strong> \u00cdt nh\u1ea5t 92%<\/span><\/p>\n<p style=\"font-weight: 400;\"><span style=\"font-weight: 400;\"><strong>M\u00e0u s\u1eafc:<\/strong> V\u00e0ng, \u0110\u1eb7c<\/span><\/p>\n<p style=\"font-weight: 400;\"><span style=\"font-weight: 400;\"><strong>T\u00ednh \u1ed5n \u0111\u1ecbnh:<\/strong> \u1ed4n \u0111\u1ecbnh trong \u0111i\u1ec1u ki\u1ec7n b\u00ecnh th\u01b0\u1eddng<\/span><\/p>\n<p style=\"font-weight: 400;\"><span style=\"font-weight: 400;\"><strong>\u0110\u00f3ng g\u00f3i:<\/strong><\/span><\/p>\n<ul>\n<li style=\"font-weight: 400;\"><span style=\"font-weight: 400;\">L\u1ecd thu\u1ef7 tinh 10ml\/ 20ml\/ 50ml<\/span><\/li>\n<li style=\"font-weight: 400;\"><span style=\"font-weight: 400;\">Can 5L\/ 10L<\/span><\/li>\n<\/ul>","protected":false},"featured_media":6762,"comment_status":"closed","ping_status":"closed","template":"","meta":{"_glsr_average":0,"_glsr_ranking":0,"_glsr_reviews":0},"product_cat":[146,150],"product_tag":[],"_links":{"self":[{"href":"https:\/\/vinasamex.com\/vi\/wp-json\/wp\/v2\/product\/4513"}],"collection":[{"href":"https:\/\/vinasamex.com\/vi\/wp-json\/wp\/v2\/product"}],"about":[{"href":"https:\/\/vinasamex.com\/vi\/wp-json\/wp\/v2\/types\/product"}],"replies":[{"embeddable":true,"href":"https:\/\/vinasamex.com\/vi\/wp-json\/wp\/v2\/comments?post=4513"}],"wp:featuredmedia":[{"embeddable":true,"href":"https:\/\/vinasamex.com\/vi\/wp-json\/wp\/v2\/media\/6762"}],"wp:attachment":[{"href":"https:\/\/vinasamex.com\/vi\/wp-json\/wp\/v2\/media?parent=4513"}],"wp:term":[{"taxonomy":"product_cat","embeddable":true,"href":"https:\/\/vinasamex.com\/vi\/wp-json\/wp\/v2\/product_cat?post=4513"},{"taxonomy":"product_tag","embeddable":true,"href":"https:\/\/vinasamex.com\/vi\/wp-json\/wp\/v2\/product_tag?post=4513"}],"curies":[{"name":"wp","href":"https:\/\/api.w.org\/{rel}","templated":true}]}}