{"id":6024,"date":"2023-06-05T02:02:57","date_gmt":"2023-06-05T02:02:57","guid":{"rendered":"https:\/\/vinasamex.com\/?post_type=product&#038;p=6024"},"modified":"2023-06-27T09:10:31","modified_gmt":"2023-06-27T09:10:31","slug":"black-pepper","status":"publish","type":"product","link":"https:\/\/vinasamex.com\/vi\/san-pham\/black-pepper\/","title":{"rendered":"B\u1ed9t Ti\u00eau \u0110en H\u1eefu C\u01a1"},"content":{"rendered":"<p><strong>B\u1ed8T TI\u00caU \u0110EN H\u1eeeU C\u01a0 VINASAMEX 40 GRAM<\/strong><\/p>\n<p><strong>Xu\u1ea5t x\u1ee9:<\/strong> Vi\u1ec7t Nam<\/p>\n<p><strong>C\u00e1c ch\u1ee9ng nh\u1eadn h\u1eefu c\u01a1:<\/strong> USDA, EU, Korea, JAS.<\/p>\n<p><strong>Th\u00e0nh ph\u1ea7n:<\/strong> 100% Ti\u00eau \u0111en h\u1eefu c\u01a1, s\u1ea1ch, kh\u00f4ng pha, kh\u00f4ng l\u1eabn t\u1ea1p ch\u1ea5t.<\/p>\n<p><strong>\u0110\u00f3ng g\u00f3i:<\/strong> L\u1ecd tr\u1ee5 th\u1ee7y tinh, ti\u1ec7n l\u1ee3i s\u1eed d\u1ee5ng, b\u1ea3o qu\u1ea3n d\u00e0i h\u1ea1n.<\/p>\n<p><strong>H\u1ea1n s\u1eed d\u1ee5ng:<\/strong> 24 th\u00e1ng k\u1ec3 t\u1eeb ng\u00e0y s\u1ea3n xu\u1ea5t in tr\u00ean bao b\u00ec.<\/p>\n<p><strong>Ti\u00eau chu\u1ea9n:<\/strong><\/p>\n<ul>\n<li>H\u1ea1t ti\u00eau h\u00ecnh d\u1ea1ng h\u1ea1t tr\u00f2n, m\u00e0u \u0111en, k\u00edch th\u01b0\u1edbc \u0111\u1ec1u, h\u1ea1t nh\u1ecf, m\u00f9i cay, v\u1ecb cay.<\/li>\n<li>H\u1ea1t ti\u00eau s\u1ea1ch 100% thi\u00ean nhi\u00ean, kh\u00f4ng ch\u1ea5t b\u1ea3o qu\u1ea3n, kh\u00f4ng ph\u1ee5 gia, c\u00f2n nguy\u00ean l\u1edbp v\u1ecf h\u1ea1t, \u0111\u1ea3m b\u1ea3o an to\u00e0n v\u1ec7 sinh th\u1ef1c ph\u1ea9m.<\/li>\n<\/ul>\n<p><strong>M\u1ee5c \u0111\u00edch s\u1eed d\u1ee5ng:<\/strong><\/p>\n<ul>\n<li>D\u00f9ng \u0111\u1ec3 t\u1ea9m \u01b0\u1edbp v\u00e0o c\u00e1c lo\u1ea1i th\u1ef1c ph\u1ea9m (th\u1ecbt, c\u00e1) chi\u00ean, n\u01b0\u1edbng, r\u00e1n, kho, s\u1ed1t vang... Gi\u00fap kh\u1eed m\u00f9i h\u00f4i, tanh c\u1ee7a th\u1ecbt, c\u00e1 t\u1ea1o m\u00f9i v\u1ecb th\u01a1m \u0111\u1eb7c tr\u01b0ng h\u01a1n cho m\u00f3n \u0103n.<\/li>\n<li>B\u1ed5 sung v\u00e0o c\u00e1c lo\u1ea1i n\u01b0\u1edbc ch\u1ea5m, n\u01b0\u1edbc s\u1ed1t gi\u00fap t\u0103ng h\u01b0\u01a1ng v\u1ecb c\u1ee7a th\u1ef1c ph\u1ea9m, k\u00edch th\u00edch v\u1ecb gi\u00e1c, t\u0103ng ti\u00eau h\u00f3a, h\u1ea5p thu th\u1ee9c \u0103n.<\/li>\n<\/ul>\n<p><strong>H\u01b0\u1edbng d\u1eabn s\u1eed d\u1ee5ng:<\/strong> Ti\u00eau b\u1ea1n b\u1ecf v\u00e0o c\u1ed1i xay nhuy\u1ec5n ra th\u00e0nh b\u1ed9t m\u1ecbn ho\u1eb7c s\u1eed d\u1ee5ng tr\u1ef1c ti\u1ebfp.<\/p>\n<p><strong>Th\u00e0nh ph\u1ea7n h\u1eefu c\u01a1 an to\u00e0n, c\u00f3 th\u1ec3 s\u1eed d\u1ee5ng cho c\u1ea3 ph\u1ee5 n\u1eef mang thai v\u00e0 tr\u1ebb s\u01a1 sinh.<\/strong><\/p>\n<p><strong>L\u01b0u \u00fd khi s\u1eed d\u1ee5ng: <\/strong><\/p>\n<ul>\n<li>H\u1ea1n ch\u1ebf cho ti\u00eau \u0111en v\u00e0o m\u00f3n \u0103n tr\u01b0\u1edbc khi n\u1ea5u v\u00ec nhi\u1ec7t \u0111\u1ed9 \u0111un n\u1ea5u c\u00f3 th\u1ec3 khi\u1ebfn ti\u00eau \u0111en bi\u1ebfn \u0111\u1ed5i th\u00e0nh c\u00e1c ch\u1ea5t \u0111\u1ed9c h\u1ea1i, g\u00e2y nguy c\u01a1 ung th\u01b0. \u0110un n\u1ea5u l\u00e2u c\u0169ng khi\u1ebfn ti\u00eau \u0111en m\u1ea5t h\u01b0\u01a1ng v\u1ecb \u0111\u1eb7c tr\u01b0ng. T\u1ed1t nh\u1ea5t b\u1ea1n n\u00ean cho gia v\u1ecb n\u00e0y v\u00e0o m\u00f3n \u0103n ngay khi v\u1eeba n\u1ea5u xong.<\/li>\n<li>Trong qu\u00e1 tr\u00ecnh b\u1ea3o qu\u1ea3n h\u1ea1t ti\u00eau \u0111en, n\u1ebfu ti\u00eau c\u00f3 d\u1ea5u hi\u1ec7u \u1ea9m m\u1ed1c n\u00ean ch\u1ecdn c\u00e1ch ph\u01a1i n\u1eafng thay v\u00ec b\u1ecf l\u00ean ch\u1ea3o rang.<\/li>\n<li>N\u00ean ch\u1ecdn mua ti\u00eau \u0111en nguy\u00ean h\u1ea1t \u0111em v\u1ec1 xay thay v\u00ec mua ti\u00eau b\u1ed9t tr\u00e1nh mua ph\u1ea3i ti\u00eau b\u1ed9t c\u00f3 pha cu\u1ed1ng l\u00e1 hay ti\u00eau l\u00e9p \u0111\u1ec3 t\u0103ng tr\u1ecdng l\u01b0\u1ee3ng.<\/li>\n<\/ul>\n<p><strong>B\u1ea3o qu\u1ea3n:<\/strong> D\u00f9ng ngay sau khi xay. \u0110\u1ec3 n\u01a1i kh\u00f4 r\u00e1o, tho\u00e1ng m\u00e1t, tr\u00e1nh \u00e1nh n\u1eafng tr\u1ef1c ti\u1ebfp.<\/p>\n<p><strong>S\u1ea3n ph\u1ea9m c\u1ee7a VINASAMEX :<\/strong><\/p>\n<ul>\n<li>\u0110\u01b0\u1ee3c tr\u1ed3ng v\u00e0 ch\u1ebf bi\u1ebfn \u0111\u00fang ti\u00eau chu\u1ea9n Organic, FairForlife, UEBT.<\/li>\n<li>Quy tr\u00ecnh s\u1ea3n xu\u1ea5t kh\u00e9p k\u00edn v\u00e0 \u0111\u01b0\u1ee3c gi\u00e1m s\u00e1t ch\u1ea5t l\u01b0\u1ee3ng nghi\u00eam ng\u1eb7t, h\u1ed3 s\u01a1 truy xu\u1ea5t minh b\u1ea1ch, r\u00f5 r\u00e0ng.<\/li>\n<\/ul>","protected":false},"excerpt":{"rendered":"<p><strong>100% Ti\u00eau \u0110en H\u1eefu C\u01a1<\/strong><\/p>\n<p><strong>\u0110\u1ed9 \u1ea9m:<\/strong> 12%<\/p>\n<p><strong>T\u1ea1p ch\u1ea5t:<\/strong> 0.5%<\/p>\n<p><strong>Piperine<\/strong> 5% tr\u1edf l\u00ean<\/p>\n<p><strong>T\u1ef7 tr\u1ecdng:<\/strong> 300 &#8211; 500g\/L<\/p>\n<p><strong>M\u00e0u t\u1ef1 nhi\u00ean, kh\u00f4ng n\u1ea5m m\u1ed1c<\/strong><\/p>","protected":false},"featured_media":6748,"comment_status":"closed","ping_status":"closed","template":"","meta":{"_glsr_average":0,"_glsr_ranking":0,"_glsr_reviews":0},"product_cat":[146,149],"product_tag":[],"_links":{"self":[{"href":"https:\/\/vinasamex.com\/vi\/wp-json\/wp\/v2\/product\/6024"}],"collection":[{"href":"https:\/\/vinasamex.com\/vi\/wp-json\/wp\/v2\/product"}],"about":[{"href":"https:\/\/vinasamex.com\/vi\/wp-json\/wp\/v2\/types\/product"}],"replies":[{"embeddable":true,"href":"https:\/\/vinasamex.com\/vi\/wp-json\/wp\/v2\/comments?post=6024"}],"wp:featuredmedia":[{"embeddable":true,"href":"https:\/\/vinasamex.com\/vi\/wp-json\/wp\/v2\/media\/6748"}],"wp:attachment":[{"href":"https:\/\/vinasamex.com\/vi\/wp-json\/wp\/v2\/media?parent=6024"}],"wp:term":[{"taxonomy":"product_cat","embeddable":true,"href":"https:\/\/vinasamex.com\/vi\/wp-json\/wp\/v2\/product_cat?post=6024"},{"taxonomy":"product_tag","embeddable":true,"href":"https:\/\/vinasamex.com\/vi\/wp-json\/wp\/v2\/product_tag?post=6024"}],"curies":[{"name":"wp","href":"https:\/\/api.w.org\/{rel}","templated":true}]}}