{"id":6035,"date":"2023-06-05T03:26:38","date_gmt":"2023-06-05T03:26:38","guid":{"rendered":"https:\/\/vinasamex.com\/?post_type=product&#038;p=6035"},"modified":"2023-06-27T06:57:43","modified_gmt":"2023-06-27T06:57:43","slug":"star-anise-powder","status":"publish","type":"product","link":"https:\/\/vinasamex.com\/vi\/san-pham\/star-anise-powder\/","title":{"rendered":"B\u1ed9t H\u1ed3i H\u1eefu C\u01a1"},"content":{"rendered":"<p><strong>B\u1ed8T HOA H\u1ed2I H\u1eeeU C\u01a0 VINASAMEX 40 GRAM<\/strong><\/p>\n<p><strong>Xu\u1ea5t x\u1ee9:<\/strong> Vi\u1ec7t Nam<\/p>\n<p><strong>C\u00e1c ch\u1ee9ng nh\u1eadn h\u1eefu c\u01a1:<\/strong> USDA, EU, Korea, JAS.<\/p>\n<p><strong>Th\u00e0nh ph\u1ea7n:<\/strong> 100% B\u1ed9t hoa h\u1ed3i h\u1eefu c\u01a1, s\u1ea1ch, kh\u00f4ng pha, kh\u00f4ng l\u1eabn t\u1ea1p ch\u1ea5t.<\/p>\n<p><strong>\u0110\u00f3ng g\u00f3i:<\/strong> L\u1ecd tr\u1ee5 th\u1ee7y tinh, ph\u1ea7n n\u1eafp \u0111\u1ee5c l\u1ed7 r\u1eafc, ti\u1ec7n l\u1ee3i s\u1eed d\u1ee5ng.<\/p>\n<p><strong>H\u1ea1n s\u1eed d\u1ee5ng:<\/strong> 24 th\u00e1ng k\u1ec3 t\u1eeb ng\u00e0y s\u1ea3n xu\u1ea5t in tr\u00ean bao b\u00ec.<\/p>\n<p><strong>Ti\u00eau chu\u1ea9n:<\/strong><\/p>\n<ul>\n<li>B\u1ed9t m\u1ecbn, l\u1ecdt s\u00e0ng 60 mesh, ti\u00eau chu\u1ea9n Organic.<\/li>\n<li>M\u00e0u v\u00e0ng c\u00e1nh gi\u00e1n, m\u00f9i th\u01a1m, v\u1ecb chua ng\u1ecdt nh\u1eb9.<\/li>\n<li>L\u01b0\u1ee3ng tinh d\u1ea7u &gt; 8%<\/li>\n<\/ul>\n<p><strong>M\u1ee5c \u0111\u00edch s\u1eed d\u1ee5ng:<\/strong><\/p>\n<ul>\n<li>D\u00f9ng \u0111\u1ec3 t\u1ea9m \u01b0\u1edbp v\u00e0o th\u1ecbt, c\u00e1 tr\u01b0\u1edbc khi n\u1ea5u, x\u00e0o, n\u01b0\u1edbng, kho, h\u1ea7m... gi\u00fap kh\u1eed m\u00f9i h\u00f4i tanh c\u1ee7a th\u1ef1c ph\u1ea9m, t\u0103ng m\u00f9i v\u1ecb h\u1ea5p d\u1eabn cho th\u1ee9c \u0103n; \u0111\u1ed3ng th\u1eddi c\u00e1c d\u01b0\u1ee3c ch\u1ea5t trong th\u00e0nh ph\u1ea7n c\u1ee7a h\u1ed3i c\u0169ng gi\u00fap t\u0103ng kh\u1ea3 n\u0103ng ti\u00eau h\u00f3a h\u1ea5p thu ch\u1ea5t dinh d\u01b0\u1ee1ng.<\/li>\n<li>L\u00e0m x\u00e0 ph\u00f2ng c\u00f3 m\u00f9i th\u01a1m t\u1ef1 nhi\u00ean v\u00e0 c\u00f3 kh\u1ea3 n\u0103ng t\u1ea9y da ch\u1ebft,...<\/li>\n<\/ul>\n<p><strong>Nguy\u00ean li\u1ec7u h\u1eefu c\u01a1 an to\u00e0n, d\u00f9ng \u0111\u01b0\u1ee3c cho c\u1ea3 m\u1eb9 v\u00e0 b\u00e9.<\/strong><\/p>\n<p><strong>S\u1ea3n ph\u1ea9m Hoa h\u1ed3i c\u1ee7a Vinasamex<\/strong><\/p>\n<ul>\n<li>H\u1ed3i \u0111\u01b0\u1ee3c tr\u1ed3ng t\u1eeb c\u00e1c v\u00f9ng n\u00fai cao t\u1ea1i huy\u1ec7n V\u0103n Quan, Tr\u00e0ng \u0110\u1ecbnh - L\u1ea1ng S\u01a1n theo \u0111\u00fang ti\u00eau chu\u1ea9n Organic, FairForlife, UEBT.<\/li>\n<li>\u0110\u01b0\u1ee3c ch\u1ebf bi\u1ebfn th\u00e0nh c\u00e1c d\u00f2ng s\u1ea3n ph\u1ea9m cao c\u1ea5p \u0111\u1ea1t ti\u00eau chu\u1ea9n xu\u1ea5t kh\u1ea9u sang c\u00e1c th\u1ecb tr\u01b0\u1eddng EU, M\u1ef9, Nh\u1eadt B\u1ea3n, H\u00e0n Qu\u1ed1c... nh\u01b0 hoa h\u1ed3i nguy\u00ean c\u00e1nh, v\u1ee5n hoa h\u1ed3i, b\u1ed9t h\u1ed3i, teabag h\u1ed3i v\u00e0 tinh d\u1ea7u h\u1ed3i,...<\/li>\n<li>Quy tr\u00ecnh s\u1ea3n xu\u1ea5t kh\u00e9p k\u00edn v\u00e0 \u0111\u01b0\u1ee3c gi\u00e1m s\u00e1t ch\u1ea5t l\u01b0\u1ee3ng nghi\u00eam ng\u1eb7t, h\u1ed3 s\u01a1 truy xu\u1ea5t minh b\u1ea1ch, r\u00f5 r\u00e0ng.<\/li>\n<\/ul>","protected":false},"excerpt":{"rendered":"<p><strong>100% Hoa H\u1ed3i H\u1eefu C\u01a1<\/strong><\/p>\n<p><strong>\u0110\u1ed9 \u1ea9m:<\/strong> T\u1ed1i \u0111a 12.5 \u2013 13%<\/p>\n<p><strong>L\u01b0\u1ee3ng d\u1ea7u:<\/strong> 9 &#8211; 10%<\/p>\n<p><strong>M\u00e0u s\u1eafc:<\/strong> M\u00e0u v\u00e0ng n\u00e2u<\/p>\n<p><strong>\u0110\u00f3ng g\u00f3i:<\/strong><\/p>\n<ul>\n<li>L\u1ecd th\u1ee7y tinh<\/li>\n<li>Bao PP, PE (Net: 20 \u2013 30kg)<\/li>\n<\/ul>","protected":false},"featured_media":6688,"comment_status":"closed","ping_status":"closed","template":"","meta":{"_glsr_average":0,"_glsr_ranking":0,"_glsr_reviews":0},"product_cat":[146,149],"product_tag":[],"_links":{"self":[{"href":"https:\/\/vinasamex.com\/vi\/wp-json\/wp\/v2\/product\/6035"}],"collection":[{"href":"https:\/\/vinasamex.com\/vi\/wp-json\/wp\/v2\/product"}],"about":[{"href":"https:\/\/vinasamex.com\/vi\/wp-json\/wp\/v2\/types\/product"}],"replies":[{"embeddable":true,"href":"https:\/\/vinasamex.com\/vi\/wp-json\/wp\/v2\/comments?post=6035"}],"wp:featuredmedia":[{"embeddable":true,"href":"https:\/\/vinasamex.com\/vi\/wp-json\/wp\/v2\/media\/6688"}],"wp:attachment":[{"href":"https:\/\/vinasamex.com\/vi\/wp-json\/wp\/v2\/media?parent=6035"}],"wp:term":[{"taxonomy":"product_cat","embeddable":true,"href":"https:\/\/vinasamex.com\/vi\/wp-json\/wp\/v2\/product_cat?post=6035"},{"taxonomy":"product_tag","embeddable":true,"href":"https:\/\/vinasamex.com\/vi\/wp-json\/wp\/v2\/product_tag?post=6035"}],"curies":[{"name":"wp","href":"https:\/\/api.w.org\/{rel}","templated":true}]}}