{"id":6039,"date":"2023-06-05T03:35:47","date_gmt":"2023-06-05T03:35:47","guid":{"rendered":"https:\/\/vinasamex.com\/?post_type=product&#038;p=6039"},"modified":"2023-06-15T04:45:36","modified_gmt":"2023-06-15T04:45:36","slug":"broken-star-anise","status":"publish","type":"product","link":"https:\/\/vinasamex.com\/vi\/san-pham\/broken-star-anise\/","title":{"rendered":"Hoa H\u1ed3i V\u1ee5n"},"content":{"rendered":"","protected":false},"excerpt":{"rendered":"<p><strong>T\u1ea1p ch\u1ea5t:<\/strong> 0.5%<\/p>\n<p><strong>K\u00edch th\u01b0\u1edbc:<\/strong> 2 &#8211; 4 mm<\/p>\n<p><strong>\u0110\u1ed9 \u1ea9m:<\/strong> T\u1ed1i \u0111a 12.5 \u2013 13%<\/p>\n<p><strong>\u0110\u00f3ng g\u00f3i:<\/strong> Bao PP, PE (Net: 20 \u2013 30kg)<\/p>\n<p><strong>H\u00ecnh th\u1ee9c:<\/strong> Kh\u00f4, s\u1ea1ch, kh\u00f4ng n\u1ea5m m\u1ed1c<\/p>\n<p><strong>M\u00f9i h\u01b0\u01a1ng:<\/strong> M\u00f9i th\u01a1m t\u1ef1 nhi\u00ean<\/p>\n<p><strong>M\u00e0u t\u1ef1 nhi\u00ean, kh\u00f4ng l\u1eabn cu\u1ed9ng<\/strong><\/p>","protected":false},"featured_media":1896,"comment_status":"closed","ping_status":"closed","template":"","meta":{"_glsr_average":0,"_glsr_ranking":0,"_glsr_reviews":0},"product_cat":[146,147],"product_tag":[],"_links":{"self":[{"href":"https:\/\/vinasamex.com\/vi\/wp-json\/wp\/v2\/product\/6039"}],"collection":[{"href":"https:\/\/vinasamex.com\/vi\/wp-json\/wp\/v2\/product"}],"about":[{"href":"https:\/\/vinasamex.com\/vi\/wp-json\/wp\/v2\/types\/product"}],"replies":[{"embeddable":true,"href":"https:\/\/vinasamex.com\/vi\/wp-json\/wp\/v2\/comments?post=6039"}],"wp:featuredmedia":[{"embeddable":true,"href":"https:\/\/vinasamex.com\/vi\/wp-json\/wp\/v2\/media\/1896"}],"wp:attachment":[{"href":"https:\/\/vinasamex.com\/vi\/wp-json\/wp\/v2\/media?parent=6039"}],"wp:term":[{"taxonomy":"product_cat","embeddable":true,"href":"https:\/\/vinasamex.com\/vi\/wp-json\/wp\/v2\/product_cat?post=6039"},{"taxonomy":"product_tag","embeddable":true,"href":"https:\/\/vinasamex.com\/vi\/wp-json\/wp\/v2\/product_tag?post=6039"}],"curies":[{"name":"wp","href":"https:\/\/api.w.org\/{rel}","templated":true}]}}