{"id":6045,"date":"2023-06-05T04:12:37","date_gmt":"2023-06-05T04:12:37","guid":{"rendered":"https:\/\/vinasamex.com\/?post_type=product&#038;p=6045"},"modified":"2023-06-27T09:15:39","modified_gmt":"2023-06-27T09:15:39","slug":"organic-cinnamon-powder","status":"publish","type":"product","link":"https:\/\/vinasamex.com\/vi\/san-pham\/organic-cinnamon-powder\/","title":{"rendered":"B\u1ed9t Qu\u1ebf H\u1eefu C\u01a1"},"content":{"rendered":"<p><strong>B\u1ed8T QU\u1ebe H\u1eeeU C\u01a0 VINASAMEX 40 GRAM<\/strong><\/p>\n<p><strong>Xu\u1ea5t x\u1ee9:<\/strong> Vi\u1ec7t Nam<\/p>\n<p><strong>C\u00e1c ch\u1ee9ng nh\u1eadn h\u1eefu c\u01a1:<\/strong> USDA, EU, Korea, JAS.<\/p>\n<p><strong>Th\u00e0nh ph\u1ea7n:<\/strong> 100% B\u1ed9t qu\u1ebf h\u1eefu c\u01a1, s\u1ea1ch, kh\u00f4ng pha, kh\u00f4ng l\u1eabn t\u1ea1p ch\u1ea5t.<\/p>\n<p><strong>\u0110\u00f3ng g\u00f3i:<\/strong> L\u1ecd tr\u1ee5 th\u1ee7y tinh, ph\u1ea7n n\u1eafp \u0111\u1ee5c l\u1ed7 r\u1eafc, ti\u1ec7n l\u1ee3i s\u1eed d\u1ee5ng.<\/p>\n<p><strong>H\u1ea1n s\u1eed d\u1ee5ng:<\/strong> 24 th\u00e1ng k\u1ec3 t\u1eeb ng\u00e0y s\u1ea3n xu\u1ea5t in tr\u00ean bao b\u00ec.<\/p>\n<p><strong>Ti\u00eau chu\u1ea9n:<\/strong><\/p>\n<ul>\n<li>B\u1ed9t m\u1ecbn, m\u1eaft s\u00e0ng 60 mesh, m\u00e0u v\u00e0ng s\u00e1ng, m\u00f9i th\u01a1m, v\u1ecb cay ng\u1ecdt, ti\u00eau chu\u1ea9n Organic.<\/li>\n<li>H\u00e0m l\u01b0\u1ee3ng tinh d\u1ea7u &gt; 4%.<\/li>\n<\/ul>\n<p><strong>M\u1ee5c \u0111\u00edch s\u1eed d\u1ee5ng:<\/strong><\/p>\n<ul>\n<li>D\u00f9ng \u0111\u1ec3 t\u1ea9m \u01b0\u1edbp v\u00e0o c\u00e1c lo\u1ea1i th\u1ef1c ph\u1ea9m (th\u1ecbt, c\u00e1) chi\u00ean, n\u01b0\u1edbng, r\u00e1n, kho, s\u1ed1t vang... Gi\u00fap kh\u1eed m\u00f9i h\u00f4i, tanh c\u1ee7a th\u1ecbt, c\u00e1 t\u1ea1o m\u00f9i v\u1ecb th\u01a1m \u0111\u1eb7c tr\u01b0ng h\u01a1n cho m\u00f3n \u0103n.<\/li>\n<li>D\u00f9ng \u0111\u1ec3 l\u00e0m b\u00e1nh, pha tr\u00e0 (qua t\u00fai l\u1ecdc) t\u1ea1o m\u00f9i v\u1ecb th\u01a1m ngon cho m\u00f3n b\u00e1nh, tr\u00e0.<\/li>\n<\/ul>\n<p><strong>Nguy\u00ean li\u1ec7u h\u1eefu c\u01a1 an to\u00e0n em b\u00e9 v\u00e0 cho c\u1ea3 m\u1eb9 b\u1ea7u - nh\u1eefng ng\u01b0\u1eddi th\u01b0\u1eddng c\u00f3 nguy c\u01a1 m\u1eafc ti\u1ec3u \u0111\u01b0\u1eddng thai k\u1ef3.<br \/>\n<\/strong><\/p>\n<p><strong>B\u1ea3o qu\u1ea3n:<\/strong> N\u01a1i kh\u00f4 r\u00e1o, tho\u00e1ng m\u00e1t, tr\u00e1nh \u00e1nh n\u1eafng tr\u1ef1c ti\u1ebfp.<\/p>","protected":false},"excerpt":{"rendered":"<p><strong>100% Qu\u1ebf H\u1eefu C\u01a1 Nguy\u00ean Ch\u1ea5t<\/strong><\/p>\n<p><strong>\u0110\u1ed9 \u1ea9m:<\/strong> T\u1ed1i \u0111a 13.5 - 14%<\/p>\n<p><strong>L\u01b0\u1ee3ng d\u1ea7u:<\/strong> 9 &#8211; 10%<\/p>\n<p><strong>T\u1ea1p ch\u1ea5t:<\/strong> 0.5%<\/p>\n<p><strong>M\u1eaft s\u00e0ng:<\/strong> 60 mesh<\/p>\n<p><strong>M\u00e0u s\u1eafc:<\/strong> N\u00e2u \u0111\u1ecf t\u1ef1 nhi\u00ean<\/p>","protected":false},"featured_media":6751,"comment_status":"closed","ping_status":"closed","template":"","meta":{"_glsr_average":0,"_glsr_ranking":0,"_glsr_reviews":0},"product_cat":[146,149],"product_tag":[],"_links":{"self":[{"href":"https:\/\/vinasamex.com\/vi\/wp-json\/wp\/v2\/product\/6045"}],"collection":[{"href":"https:\/\/vinasamex.com\/vi\/wp-json\/wp\/v2\/product"}],"about":[{"href":"https:\/\/vinasamex.com\/vi\/wp-json\/wp\/v2\/types\/product"}],"replies":[{"embeddable":true,"href":"https:\/\/vinasamex.com\/vi\/wp-json\/wp\/v2\/comments?post=6045"}],"wp:featuredmedia":[{"embeddable":true,"href":"https:\/\/vinasamex.com\/vi\/wp-json\/wp\/v2\/media\/6751"}],"wp:attachment":[{"href":"https:\/\/vinasamex.com\/vi\/wp-json\/wp\/v2\/media?parent=6045"}],"wp:term":[{"taxonomy":"product_cat","embeddable":true,"href":"https:\/\/vinasamex.com\/vi\/wp-json\/wp\/v2\/product_cat?post=6045"},{"taxonomy":"product_tag","embeddable":true,"href":"https:\/\/vinasamex.com\/vi\/wp-json\/wp\/v2\/product_tag?post=6045"}],"curies":[{"name":"wp","href":"https:\/\/api.w.org\/{rel}","templated":true}]}}