{"id":6050,"date":"2023-06-05T04:37:49","date_gmt":"2023-06-05T04:37:49","guid":{"rendered":"https:\/\/vinasamex.com\/?post_type=product&#038;p=6050"},"modified":"2023-06-27T07:59:19","modified_gmt":"2023-06-27T07:59:19","slug":"kbbc-cinnamon","status":"publish","type":"product","link":"https:\/\/vinasamex.com\/vi\/san-pham\/kbbc-cinnamon\/","title":{"rendered":"Qu\u1ebf V\u1ee5n KBBC"},"content":{"rendered":"","protected":false},"excerpt":{"rendered":"<p><strong>\u0110\u1ed9 \u1ea9m:<\/strong> T\u1ed1i \u0111a 13.5 - 14%<\/p>\n<p><strong>T\u1ea1p ch\u1ea5t:<\/strong> T\u1ed1i \u0111a 1%<\/p>\n<p><strong>K\u00edch th\u01b0\u1edbc:<\/strong> 1 &#8211; 3 cm<\/p>\n<p><strong>\u0110\u00f3ng g\u00f3i:<\/strong> 20 \u2013 25 kg\/th\u00f9ng<\/p>\n<p><strong>M\u00e0u t\u1ef1 nhi\u00ean, kh\u00f4ng n\u1ea5m m\u1ed1c<\/strong><\/p>","protected":false},"featured_media":6712,"comment_status":"closed","ping_status":"closed","template":"","meta":{"_glsr_average":0,"_glsr_ranking":0,"_glsr_reviews":0},"product_cat":[146,145],"product_tag":[],"_links":{"self":[{"href":"https:\/\/vinasamex.com\/vi\/wp-json\/wp\/v2\/product\/6050"}],"collection":[{"href":"https:\/\/vinasamex.com\/vi\/wp-json\/wp\/v2\/product"}],"about":[{"href":"https:\/\/vinasamex.com\/vi\/wp-json\/wp\/v2\/types\/product"}],"replies":[{"embeddable":true,"href":"https:\/\/vinasamex.com\/vi\/wp-json\/wp\/v2\/comments?post=6050"}],"wp:featuredmedia":[{"embeddable":true,"href":"https:\/\/vinasamex.com\/vi\/wp-json\/wp\/v2\/media\/6712"}],"wp:attachment":[{"href":"https:\/\/vinasamex.com\/vi\/wp-json\/wp\/v2\/media?parent=6050"}],"wp:term":[{"taxonomy":"product_cat","embeddable":true,"href":"https:\/\/vinasamex.com\/vi\/wp-json\/wp\/v2\/product_cat?post=6050"},{"taxonomy":"product_tag","embeddable":true,"href":"https:\/\/vinasamex.com\/vi\/wp-json\/wp\/v2\/product_tag?post=6050"}],"curies":[{"name":"wp","href":"https:\/\/api.w.org\/{rel}","templated":true}]}}