{"id":6052,"date":"2023-06-05T04:49:38","date_gmt":"2023-06-05T04:49:38","guid":{"rendered":"https:\/\/vinasamex.com\/?post_type=product&#038;p=6052"},"modified":"2023-06-27T08:18:28","modified_gmt":"2023-06-27T08:18:28","slug":"split-cinnamon","status":"publish","type":"product","link":"https:\/\/vinasamex.com\/vi\/san-pham\/split-cinnamon\/","title":{"rendered":"Qu\u1ebf Ch\u1ebb"},"content":{"rendered":"","protected":false},"excerpt":{"rendered":"<p><strong>\u0110\u1ed9 \u1ea9m:<\/strong> T\u1ed1i \u0111a 13.5 - 14%<\/p>\n<p><strong>T\u1ea1p ch\u1ea5t:<\/strong> T\u1ed1i \u0111a 1%<\/p>\n<p><strong>\u0110\u1ed9 d\u00e0i:<\/strong> 30 &#8211; 45 cm<\/p>\n<p><strong>\u0110\u1ed9 d\u00e0y:<\/strong> 0.5 &#8211; 2.2 mm<\/p>\n<p><strong>\u0110\u00f3ng g\u00f3i:<\/strong> 10kg\/th\u00f9ng<\/p>\n<p><strong>M\u00e0u t\u1ef1 nhi\u00ean, kh\u00f4ng n\u1ea5m m\u1ed1c<\/strong><\/p>","protected":false},"featured_media":6723,"comment_status":"closed","ping_status":"closed","template":"","meta":{"_glsr_average":0,"_glsr_ranking":0,"_glsr_reviews":0},"product_cat":[146,145],"product_tag":[],"_links":{"self":[{"href":"https:\/\/vinasamex.com\/vi\/wp-json\/wp\/v2\/product\/6052"}],"collection":[{"href":"https:\/\/vinasamex.com\/vi\/wp-json\/wp\/v2\/product"}],"about":[{"href":"https:\/\/vinasamex.com\/vi\/wp-json\/wp\/v2\/types\/product"}],"replies":[{"embeddable":true,"href":"https:\/\/vinasamex.com\/vi\/wp-json\/wp\/v2\/comments?post=6052"}],"wp:featuredmedia":[{"embeddable":true,"href":"https:\/\/vinasamex.com\/vi\/wp-json\/wp\/v2\/media\/6723"}],"wp:attachment":[{"href":"https:\/\/vinasamex.com\/vi\/wp-json\/wp\/v2\/media?parent=6052"}],"wp:term":[{"taxonomy":"product_cat","embeddable":true,"href":"https:\/\/vinasamex.com\/vi\/wp-json\/wp\/v2\/product_cat?post=6052"},{"taxonomy":"product_tag","embeddable":true,"href":"https:\/\/vinasamex.com\/vi\/wp-json\/wp\/v2\/product_tag?post=6052"}],"curies":[{"name":"wp","href":"https:\/\/api.w.org\/{rel}","templated":true}]}}