{"id":6064,"date":"2023-06-05T07:00:14","date_gmt":"2023-06-05T07:00:14","guid":{"rendered":"https:\/\/vinasamex.com\/?post_type=product&#038;p=6064"},"modified":"2023-06-29T03:43:44","modified_gmt":"2023-06-29T03:43:44","slug":"cinnamon-tube","status":"publish","type":"product","link":"https:\/\/vinasamex.com\/vi\/san-pham\/cinnamon-tube\/","title":{"rendered":"Qu\u1ebf \u1ed0ng \u0110i\u1ebfu"},"content":{"rendered":"","protected":false},"excerpt":{"rendered":"<p><strong>\u0110\u1ed9 \u1ea9m:<\/strong> 13.5 &#8211; 14%<\/p>\n<p><strong>T\u1ea1p ch\u1ea5t:<\/strong> 0.5%<\/p>\n<p><strong>\u0110\u1ed9 d\u00e0i:<\/strong> 30 &#8211; 45 cm<\/p>\n<p><strong>\u0110\u1ed9 d\u00e0y:<\/strong> \u00cdt nh\u1ea5t 2.2 mm<\/p>\n<p><strong>\u0110\u00f3ng g\u00f3i:<\/strong> 10kg\/th\u00f9ng<\/p>\n<p><strong>M\u00e0u t\u1ef1 nhi\u00ean, kh\u00f4ng n\u1ea5m m\u1ed1c<\/strong><\/p>","protected":false},"featured_media":6804,"comment_status":"closed","ping_status":"closed","template":"","meta":{"_glsr_average":0,"_glsr_ranking":0,"_glsr_reviews":0},"product_cat":[146,145],"product_tag":[],"_links":{"self":[{"href":"https:\/\/vinasamex.com\/vi\/wp-json\/wp\/v2\/product\/6064"}],"collection":[{"href":"https:\/\/vinasamex.com\/vi\/wp-json\/wp\/v2\/product"}],"about":[{"href":"https:\/\/vinasamex.com\/vi\/wp-json\/wp\/v2\/types\/product"}],"replies":[{"embeddable":true,"href":"https:\/\/vinasamex.com\/vi\/wp-json\/wp\/v2\/comments?post=6064"}],"wp:featuredmedia":[{"embeddable":true,"href":"https:\/\/vinasamex.com\/vi\/wp-json\/wp\/v2\/media\/6804"}],"wp:attachment":[{"href":"https:\/\/vinasamex.com\/vi\/wp-json\/wp\/v2\/media?parent=6064"}],"wp:term":[{"taxonomy":"product_cat","embeddable":true,"href":"https:\/\/vinasamex.com\/vi\/wp-json\/wp\/v2\/product_cat?post=6064"},{"taxonomy":"product_tag","embeddable":true,"href":"https:\/\/vinasamex.com\/vi\/wp-json\/wp\/v2\/product_tag?post=6064"}],"curies":[{"name":"wp","href":"https:\/\/api.w.org\/{rel}","templated":true}]}}