{"id":6068,"date":"2023-06-05T07:14:06","date_gmt":"2023-06-05T07:14:06","guid":{"rendered":"https:\/\/vinasamex.com\/?post_type=product&#038;p=6068"},"modified":"2023-06-27T08:14:24","modified_gmt":"2023-06-27T08:14:24","slug":"tea-bag-cut-broken-cinnamon","status":"publish","type":"product","link":"https:\/\/vinasamex.com\/vi\/san-pham\/tea-bag-cut-broken-cinnamon\/","title":{"rendered":"Qu\u1ebf C\u1eaft Tea-bag"},"content":{"rendered":"","protected":false},"excerpt":{"rendered":"<p><strong>\u0110\u1ed9 \u1ea9m: <\/strong>13.5 &#8211; 14%<\/p>\n<p><strong>T\u1ea1p ch\u1ea5t:<\/strong> 0.5%<\/p>\n<p><strong>K\u00edch th\u01b0\u1edbc:<\/strong> Tea-bag<\/p>\n<p><strong>\u0110\u00f3ng g\u00f3i:<\/strong> 20 \u2013 25kg\/th\u00f9ng<\/p>\n<p><strong>M\u00e0u t\u1ef1 nhi\u00ean, kh\u00f4ng n\u1ea5m m\u1ed1c<\/strong><\/p>","protected":false},"featured_media":6721,"comment_status":"closed","ping_status":"closed","template":"","meta":{"_glsr_average":2,"_glsr_ranking":3.3636363636364,"_glsr_reviews":1},"product_cat":[146,145],"product_tag":[],"_links":{"self":[{"href":"https:\/\/vinasamex.com\/vi\/wp-json\/wp\/v2\/product\/6068"}],"collection":[{"href":"https:\/\/vinasamex.com\/vi\/wp-json\/wp\/v2\/product"}],"about":[{"href":"https:\/\/vinasamex.com\/vi\/wp-json\/wp\/v2\/types\/product"}],"replies":[{"embeddable":true,"href":"https:\/\/vinasamex.com\/vi\/wp-json\/wp\/v2\/comments?post=6068"}],"wp:featuredmedia":[{"embeddable":true,"href":"https:\/\/vinasamex.com\/vi\/wp-json\/wp\/v2\/media\/6721"}],"wp:attachment":[{"href":"https:\/\/vinasamex.com\/vi\/wp-json\/wp\/v2\/media?parent=6068"}],"wp:term":[{"taxonomy":"product_cat","embeddable":true,"href":"https:\/\/vinasamex.com\/vi\/wp-json\/wp\/v2\/product_cat?post=6068"},{"taxonomy":"product_tag","embeddable":true,"href":"https:\/\/vinasamex.com\/vi\/wp-json\/wp\/v2\/product_tag?post=6068"}],"curies":[{"name":"wp","href":"https:\/\/api.w.org\/{rel}","templated":true}]}}