{"id":6078,"date":"2023-06-05T08:07:49","date_gmt":"2023-06-05T08:07:49","guid":{"rendered":"https:\/\/vinasamex.com\/?post_type=product&#038;p=6078"},"modified":"2023-06-27T08:46:52","modified_gmt":"2023-06-27T08:46:52","slug":"dried-sliced-ginger","status":"publish","type":"product","link":"https:\/\/vinasamex.com\/vi\/san-pham\/dried-sliced-ginger\/","title":{"rendered":"G\u1eebng Kh\u00f4 Th\u00e1i L\u00e1t"},"content":{"rendered":"","protected":false},"excerpt":{"rendered":"<p><strong>100% G\u1eebng nguy\u00ean ch\u1ea5t<\/strong><\/p>\n<p><strong>\u0110\u1ed9 \u1ea9m:<\/strong> 12 &#8211; 13%<\/p>\n<p><strong>T\u1ea1p ch\u1ea5t:<\/strong> 0.5%<\/p>\n<p><strong>M\u00e0u t\u1ef1 nhi\u00ean, kh\u00f4ng n\u1ea5m m\u1ed1c<\/strong><\/p>","protected":false},"featured_media":6734,"comment_status":"closed","ping_status":"closed","template":"","meta":{"_glsr_average":0,"_glsr_ranking":0,"_glsr_reviews":0},"product_cat":[146,152,148],"product_tag":[],"_links":{"self":[{"href":"https:\/\/vinasamex.com\/vi\/wp-json\/wp\/v2\/product\/6078"}],"collection":[{"href":"https:\/\/vinasamex.com\/vi\/wp-json\/wp\/v2\/product"}],"about":[{"href":"https:\/\/vinasamex.com\/vi\/wp-json\/wp\/v2\/types\/product"}],"replies":[{"embeddable":true,"href":"https:\/\/vinasamex.com\/vi\/wp-json\/wp\/v2\/comments?post=6078"}],"wp:featuredmedia":[{"embeddable":true,"href":"https:\/\/vinasamex.com\/vi\/wp-json\/wp\/v2\/media\/6734"}],"wp:attachment":[{"href":"https:\/\/vinasamex.com\/vi\/wp-json\/wp\/v2\/media?parent=6078"}],"wp:term":[{"taxonomy":"product_cat","embeddable":true,"href":"https:\/\/vinasamex.com\/vi\/wp-json\/wp\/v2\/product_cat?post=6078"},{"taxonomy":"product_tag","embeddable":true,"href":"https:\/\/vinasamex.com\/vi\/wp-json\/wp\/v2\/product_tag?post=6078"}],"curies":[{"name":"wp","href":"https:\/\/api.w.org\/{rel}","templated":true}]}}