{"id":6155,"date":"2023-06-07T02:48:32","date_gmt":"2023-06-07T02:48:32","guid":{"rendered":"https:\/\/vinasamex.com\/?post_type=product&#038;p=6155"},"modified":"2023-06-27T07:57:01","modified_gmt":"2023-06-27T07:57:01","slug":"cut-cinnamon-branch","status":"publish","type":"product","link":"https:\/\/vinasamex.com\/vi\/san-pham\/cut-cinnamon-branch\/","title":{"rendered":"Qu\u1ebf C\u1eaft C\u00e0nh"},"content":{"rendered":"","protected":false},"excerpt":{"rendered":"<p style=\"font-weight: 400;\"><strong>\u0110\u1ed9 \u1ea9m:<\/strong> T\u1ed1i \u0111a 13.5 - 14%<\/p>\n<p style=\"font-weight: 400;\"><strong>T\u1ea1p ch\u1ea5t:<\/strong> T\u1ed1i \u0111a 2%<\/p>\n<p style=\"font-weight: 400;\"><strong>\u0110\u00f3ng g\u00f3i:<\/strong> 20 \u2013 25kg\/th\u00f9ng<\/p>\n<p style=\"font-weight: 400;\"><strong>M\u00e0u t\u1ef1 nhi\u00ean, kh\u00f4ng n\u1ea5m m\u1ed1c<\/strong><\/p>","protected":false},"featured_media":6711,"comment_status":"closed","ping_status":"closed","template":"","meta":{"_glsr_average":0,"_glsr_ranking":0,"_glsr_reviews":0},"product_cat":[146,145],"product_tag":[],"_links":{"self":[{"href":"https:\/\/vinasamex.com\/vi\/wp-json\/wp\/v2\/product\/6155"}],"collection":[{"href":"https:\/\/vinasamex.com\/vi\/wp-json\/wp\/v2\/product"}],"about":[{"href":"https:\/\/vinasamex.com\/vi\/wp-json\/wp\/v2\/types\/product"}],"replies":[{"embeddable":true,"href":"https:\/\/vinasamex.com\/vi\/wp-json\/wp\/v2\/comments?post=6155"}],"wp:featuredmedia":[{"embeddable":true,"href":"https:\/\/vinasamex.com\/vi\/wp-json\/wp\/v2\/media\/6711"}],"wp:attachment":[{"href":"https:\/\/vinasamex.com\/vi\/wp-json\/wp\/v2\/media?parent=6155"}],"wp:term":[{"taxonomy":"product_cat","embeddable":true,"href":"https:\/\/vinasamex.com\/vi\/wp-json\/wp\/v2\/product_cat?post=6155"},{"taxonomy":"product_tag","embeddable":true,"href":"https:\/\/vinasamex.com\/vi\/wp-json\/wp\/v2\/product_tag?post=6155"}],"curies":[{"name":"wp","href":"https:\/\/api.w.org\/{rel}","templated":true}]}}