{"id":6221,"date":"2023-06-09T02:22:31","date_gmt":"2023-06-09T02:22:31","guid":{"rendered":"https:\/\/vinasamex.com\/?post_type=product&#038;p=6221"},"modified":"2023-06-27T09:11:44","modified_gmt":"2023-06-27T09:11:44","slug":"organic-chili-powder","status":"publish","type":"product","link":"https:\/\/vinasamex.com\/vi\/san-pham\/organic-chili-powder\/","title":{"rendered":"B\u1ed9t \u1edat H\u1eefu C\u01a1"},"content":{"rendered":"<p><strong>B\u1ed8T \u1edaT H\u1eeeU C\u01a0 VINASAMEX 40 GRAM<\/strong><\/p>\n<p><strong>Xu\u1ea5t x\u1ee9:<\/strong> Vi\u1ec7t Nam<\/p>\n<p><strong>C\u00e1c ch\u1ee9ng nh\u1eadn h\u1eefu c\u01a1:<\/strong> USDA, EU, Korea, JAS.<\/p>\n<p><strong>Th\u00e0nh ph\u1ea7n:<\/strong> 100% B\u1ed9t \u1edbt t\u01b0\u01a1i h\u1eefu c\u01a1, s\u1ea1ch, kh\u00f4ng pha, kh\u00f4ng l\u1eabn t\u1ea1p ch\u1ea5t.<\/p>\n<p><strong>\u0110\u00f3ng g\u00f3i:<\/strong> L\u1ecd tr\u1ee5 th\u1ee7y tinh, ph\u1ea7n n\u1eafp \u0111\u1ee5c l\u1ed7 r\u1eafc, ti\u1ec7n l\u1ee3i s\u1eed d\u1ee5ng.<\/p>\n<p><strong>H\u1ea1n s\u1eed d\u1ee5ng:<\/strong> 12 th\u00e1ng k\u1ec3 t\u1eeb ng\u00e0y s\u1ea3n xu\u1ea5t in tr\u00ean bao b\u00ec.<\/p>\n<p><strong>M\u1ee5c \u0111\u00edch s\u1eed d\u1ee5ng:<\/strong> L\u00e0m gia v\u1ecb n\u1ea5u \u0103n, gia v\u1ecb l\u1ea9u t\u1ea1o ra c\u00e1c m\u00f3n \u0103n \u0111\u00fang chu\u1ea9n h\u01b0\u01a1ng li\u1ec7u v\u00e0 gia v\u1ecb VI\u1ec7t.<\/p>\n<p><strong>Th\u00e0nh ph\u1ea7n h\u1eefu c\u01a1 an to\u00e0n, c\u00f3 th\u1ec3 s\u1eed d\u1ee5ng cho c\u1ea3 ph\u1ee5 n\u1eef mang thai v\u00e0 tr\u1ebb s\u01a1 sinh.<\/strong><\/p>\n<p><strong>B\u1ea3o qu\u1ea3n:<\/strong> N\u01a1i kh\u00f4 r\u00e1o, tho\u00e1ng m\u00e1t, tr\u00e1nh \u00e1nh n\u1eafng tr\u1ef1c ti\u1ebfp.<\/p>\n<p><strong>S\u1ea3n ph\u1ea9m c\u1ee7a VINASAMEX :<\/strong><\/p>\n<ul>\n<li>\u0110\u01b0\u1ee3c tr\u1ed3ng v\u00e0 ch\u1ebf bi\u1ebfn \u0111\u00fang ti\u00eau chu\u1ea9n Organic, FairForlife, UEBT.<\/li>\n<li>Quy tr\u00ecnh s\u1ea3n xu\u1ea5t kh\u00e9p k\u00edn v\u00e0 \u0111\u01b0\u1ee3c gi\u00e1m s\u00e1t ch\u1ea5t l\u01b0\u1ee3ng nghi\u00eam ng\u1eb7t, h\u1ed3 s\u01a1 truy xu\u1ea5t minh b\u1ea1ch, r\u00f5 r\u00e0ng.<\/li>\n<\/ul>\n<p>&nbsp;<\/p>\n<hr \/>\n<p>&nbsp;<\/p>\n<p><em><strong>Ch\u00fang ta \u0111\u00e3 quen thu\u1ed9c v\u1edbi c\u00e1c th\u01b0\u01a1ng hi\u1ec7u b\u1ed9t \u1edbt H\u00e0n Qu\u1ed1c, v\u1eady c\u00f2n th\u01b0\u01a1ng hi\u1ec7u Vi\u1ec7t?<\/strong><\/em><\/p>\n<p><strong>VINASAMEX<\/strong> t\u1ef1 h\u00e0o l\u00e0 \u0111\u01a1n v\u1ecb nh\u00e0 cung c\u1ea5p c\u00e1c s\u1ea3n ph\u1ea9m h\u1eefu c\u01a1, \u0111\u01b0\u1ee3c s\u1ea3n xu\u1ea5t theo c\u00f4ng ngh\u1ec7 kh\u00e9p k\u00edn v\u00e0 h\u1ec7 th\u1ed1ng d\u00e2y chuy\u1ec1n hi\u1ec7n \u0111\u1ea1i. Lu\u00f4n khao kh\u00e1t mang \u0111\u1ebfn gi\u00e1 tr\u1ecb s\u1eed d\u1ee5ng cho ng\u01b0\u1eddi ti\u00eau d\u00f9ng v\u00e0 mang th\u01b0\u01a1ng hi\u1ec7u Vi\u1ec7t v\u01b0\u01a1n ra th\u1ebf gi\u1edbi, VINASAMEX gi\u1edbi thi\u1ec7u b\u1ed9 s\u1ea3n ph\u1ea9m m\u1edbi, \u0111\u00e1p \u1ee9ng nhu c\u1ea7u s\u1eed d\u1ee5ng c\u1ee7a ng\u01b0\u1eddi ti\u00eau d\u00f9ng.<\/p>","protected":false},"excerpt":{"rendered":"<p><strong>100% \u1edat T\u01b0\u01a1i H\u1eefu C\u01a1 Nguy\u00ean Ch\u1ea5t<\/strong><\/p>\n<p><strong>T\u1ea1p ch\u1ea5t:<\/strong> 0.5%<\/p>\n<p><strong>H\u01b0\u01a1ng v\u1ecb:<\/strong> Cay \u0111\u1eb7c tr\u01b0ng<\/p>\n<p><strong>M\u00e0u t\u1ef1 nhi\u00ean, kh\u00f4ng n\u1ea5m m\u1ed1c<\/strong><\/p>","protected":false},"featured_media":6749,"comment_status":"closed","ping_status":"closed","template":"","meta":{"_glsr_average":0,"_glsr_ranking":0,"_glsr_reviews":0},"product_cat":[146,149],"product_tag":[],"_links":{"self":[{"href":"https:\/\/vinasamex.com\/vi\/wp-json\/wp\/v2\/product\/6221"}],"collection":[{"href":"https:\/\/vinasamex.com\/vi\/wp-json\/wp\/v2\/product"}],"about":[{"href":"https:\/\/vinasamex.com\/vi\/wp-json\/wp\/v2\/types\/product"}],"replies":[{"embeddable":true,"href":"https:\/\/vinasamex.com\/vi\/wp-json\/wp\/v2\/comments?post=6221"}],"wp:featuredmedia":[{"embeddable":true,"href":"https:\/\/vinasamex.com\/vi\/wp-json\/wp\/v2\/media\/6749"}],"wp:attachment":[{"href":"https:\/\/vinasamex.com\/vi\/wp-json\/wp\/v2\/media?parent=6221"}],"wp:term":[{"taxonomy":"product_cat","embeddable":true,"href":"https:\/\/vinasamex.com\/vi\/wp-json\/wp\/v2\/product_cat?post=6221"},{"taxonomy":"product_tag","embeddable":true,"href":"https:\/\/vinasamex.com\/vi\/wp-json\/wp\/v2\/product_tag?post=6221"}],"curies":[{"name":"wp","href":"https:\/\/api.w.org\/{rel}","templated":true}]}}