{"id":6229,"date":"2023-06-09T04:21:19","date_gmt":"2023-06-09T04:21:19","guid":{"rendered":"https:\/\/vinasamex.com\/?post_type=product&#038;p=6229"},"modified":"2023-06-29T04:06:14","modified_gmt":"2023-06-29T04:06:14","slug":"star-anise-powder-2","status":"publish","type":"product","link":"https:\/\/vinasamex.com\/vi\/san-pham\/star-anise-powder-2\/","title":{"rendered":"Hoa H\u1ed3i"},"content":{"rendered":"<p><strong>HOA H\u1ed2I H\u1eeeU C\u01a0 VINASAMEX 20 GRAM<\/strong><\/p>\n<p><strong>Xu\u1ea5t x\u1ee9:<\/strong> Vi\u1ec7t Nam<\/p>\n<p><strong>C\u00e1c ch\u1ee9ng nh\u1eadn h\u1eefu c\u01a1:<\/strong> USDA, EU, Korea, AS.<\/p>\n<p><strong>Th\u00e0nh ph\u1ea7n:<\/strong> 100% Hoa h\u1ed3i h\u1eefu c\u01a1, s\u1ea1ch, kh\u00f4ng pha, kh\u00f4ng l\u1eabn t\u1ea1p ch\u1ea5t.<\/p>\n<p><strong>\u0110\u00f3ng g\u00f3i: <\/strong>L\u1ecd tr\u1ee5 th\u1ee7y tinh - v\u1ec7 sinh, \u0111\u1ea3m b\u1ea3o ch\u1ea5t l\u01b0\u1ee3ng l\u00e2u d\u00e0i.<\/p>\n<p><strong>Ti\u00eau chu\u1ea9n:<\/strong><\/p>\n<ul>\n<li>C\u00e1nh hoa m\u1edf \u0111\u1ec1u \u0111\u1eb9p 6-8 c\u00e1nh, ti\u00eau chu\u1ea9n Organic.<\/li>\n<li>M\u00e0u v\u00e0ng c\u00e1nh gi\u00e1n, m\u00f9i th\u01a1m, v\u1ecb chua ng\u1ecdt nh\u1eb9.<\/li>\n<li>L\u01b0\u1ee3ng tinh d\u1ea7u &gt; 8%<\/li>\n<\/ul>\n<p><strong>M\u1ee5c \u0111\u00edch s\u1eed d\u1ee5ng:<\/strong><\/p>\n<ul>\n<li>D\u00f9ng \u0111\u1ec3 pha tr\u00e0, n\u1ea5u l\u1ea9u, ph\u1edf, s\u1ed1t vang gi\u00fap kh\u1eed m\u00f9i th\u1ef1c ph\u1ea9m, t\u0103ng m\u00f9i v\u1ecb cho m\u00f3n \u0103n.<\/li>\n<li>Th\u00e0nh ph\u1ea7n d\u01b0\u1ee3c ch\u1ea5t trong hoa h\u1ed3i gi\u00fap t\u0103ng kh\u1ea3 n\u0103ng ti\u00eau h\u00f3a h\u1ea5p thu, gi\u1ea3m cholesterol, \u0111i\u1ec1u h\u00f2a huy\u1ebft \u00e1p.<\/li>\n<li>D\u00f9ng trong decor, t\u0103ng h\u00ecnh th\u1ee9c cho m\u00f3n \u0103n, kh\u00f4ng gian, \u0111\u1ed3 \u0111\u1ea1c... c\u00f9ng h\u01b0\u01a1ng d\u1ec5 ch\u1ecbu.<\/li>\n<\/ul>\n<p><strong><strong>Nguy\u00ean li\u1ec7u h\u1eefu c\u01a1 an to\u00e0n em b\u00e9 v\u00e0 cho c\u1ea3 m\u1eb9 b\u1ea7u - nh\u1eefng ng\u01b0\u1eddi th\u01b0\u1eddng c\u00f3 nguy c\u01a1 m\u1eafc ti\u1ec3u \u0111\u01b0\u1eddng thai k\u1ef3.<\/strong><\/strong><\/p>\n<p><strong>B\u1ea3o qu\u1ea3n:<\/strong> N\u01a1i kh\u00f4 r\u00e1o, tho\u00e1ng m\u00e1t, tr\u00e1nh \u00e1nh n\u1eafng tr\u1ef1c ti\u1ebfp.<\/p>\n<p><strong>S\u1ea3n ph\u1ea9m Hoa h\u1ed3i c\u1ee7a Vinasamex<\/strong><\/p>\n<ul>\n<li>H\u1ed3i \u0111\u01b0\u1ee3c tr\u1ed3ng t\u1eeb c\u00e1c v\u00f9ng n\u00fai cao t\u1ea1i huy\u1ec7n V\u0103n Quan, Tr\u00e0ng \u0110\u1ecbnh - L\u1ea1ng S\u01a1n theo \u0111\u00fang ti\u00eau chu\u1ea9n Organic, FairForlife, UEBT<\/li>\n<li>\u0110\u01b0\u1ee3c ch\u1ebf bi\u1ebfn th\u00e0nh c\u00e1c d\u00f2ng s\u1ea3n ph\u1ea9m cao c\u1ea5p \u0111\u1ea1t ti\u00eau chu\u1ea9n xu\u1ea5tsu\u1ea5t kh\u1ea9u sang c\u00e1c th\u1ecb tr\u01b0\u1eddng EU, M\u1ef9, Nh\u1eadt B\u1ea3n, H\u00e0n Qu\u1ed1c... nh\u01b0 hoa h\u1ed3i nguy\u00ean c\u00e1nh, v\u1ee5n hoa h\u1ed3i, b\u1ed9t h\u1ed3i, teabag h\u1ed3i v\u00e0 tinh d\u1ea7u h\u1ed3i...<\/li>\n<li>Quy tr\u00ecnh s\u1ea3n xu\u1ea5t kh\u00e9p k\u00edn v\u00e0 \u0111\u01b0\u1ee3c gi\u00e1m s\u00e1t ch\u1ea5t l\u01b0\u1ee3ng nghi\u00eam ng\u1eb7t, h\u1ed3 s\u01a1 truy xu\u1ea5t minh b\u1ea1ch, r\u00f5 r\u00e0ng.<\/li>\n<\/ul>","protected":false},"excerpt":{"rendered":"<p><strong>100% Hoa H\u1ed3i H\u1eefu C\u01a1<\/strong><\/p>\n<p><strong>\u0110\u1ed9 \u1ea9m:<\/strong> 12.5 &#8211; 13 %<\/p>\n<p><strong>T\u1ea1p ch\u1ea5t:<\/strong> 0.5%<\/p>\n<p><strong>K\u00edch th\u01b0\u1edbc hoa:<\/strong> 2.5 cm tr\u1edf l\u00ean (t\u1ed1i thi\u1ec3u 85%)<\/p>\n<p><strong>T\u1ef7 l\u1ec7 v\u1ee5n:<\/strong> T\u1ed1i \u0111a 5%<\/p>\n<p><strong>M\u00f9i h\u01b0\u01a1ng:<\/strong> M\u00f9i th\u01a1m t\u1ef1 nhi\u00ean<\/p>\n<p><strong>\u0110\u00f3ng g\u00f3i:<\/strong><\/p>\n<ul>\n<li>L\u1ecd th\u1ee7y tinh<\/li>\n<li>10kg\/th\u00f9ng<\/li>\n<\/ul>\n<p><strong>Kh\u00f4ng cu\u1ed9ng<\/strong><\/p>\n<p><strong>Kh\u00f4, s\u1ea1ch, m\u00e0u t\u1ef1 nhi\u00ean, kh\u00f4ng n\u1ea5m m\u1ed1c<\/strong><\/p>","protected":false},"featured_media":6689,"comment_status":"closed","ping_status":"closed","template":"","meta":{"_glsr_average":0,"_glsr_ranking":0,"_glsr_reviews":0},"product_cat":[146,149],"product_tag":[],"_links":{"self":[{"href":"https:\/\/vinasamex.com\/vi\/wp-json\/wp\/v2\/product\/6229"}],"collection":[{"href":"https:\/\/vinasamex.com\/vi\/wp-json\/wp\/v2\/product"}],"about":[{"href":"https:\/\/vinasamex.com\/vi\/wp-json\/wp\/v2\/types\/product"}],"replies":[{"embeddable":true,"href":"https:\/\/vinasamex.com\/vi\/wp-json\/wp\/v2\/comments?post=6229"}],"wp:featuredmedia":[{"embeddable":true,"href":"https:\/\/vinasamex.com\/vi\/wp-json\/wp\/v2\/media\/6689"}],"wp:attachment":[{"href":"https:\/\/vinasamex.com\/vi\/wp-json\/wp\/v2\/media?parent=6229"}],"wp:term":[{"taxonomy":"product_cat","embeddable":true,"href":"https:\/\/vinasamex.com\/vi\/wp-json\/wp\/v2\/product_cat?post=6229"},{"taxonomy":"product_tag","embeddable":true,"href":"https:\/\/vinasamex.com\/vi\/wp-json\/wp\/v2\/product_tag?post=6229"}],"curies":[{"name":"wp","href":"https:\/\/api.w.org\/{rel}","templated":true}]}}