{"id":6232,"date":"2023-06-09T04:57:33","date_gmt":"2023-06-09T04:57:33","guid":{"rendered":"https:\/\/vinasamex.com\/?post_type=product&#038;p=6232"},"modified":"2023-06-27T09:31:29","modified_gmt":"2023-06-27T09:31:29","slug":"pepper-powder","status":"publish","type":"product","link":"https:\/\/vinasamex.com\/vi\/san-pham\/pepper-powder\/","title":{"rendered":"B\u1ed9t Ti\u00eau H\u1eefu C\u01a1"},"content":{"rendered":"<p><strong>B\u1ed8T TI\u00caU H\u1eeeU C\u01a0 VINASAMEX 40 GRAM<\/strong><\/p>\n<p><strong>Xu\u1ea5t x\u1ee9:<\/strong> Vi\u1ec7t Nam<\/p>\n<p><strong>C\u00e1c ch\u1ee9ng nh\u1eadn h\u1eefu c\u01a1:<\/strong> USDA, EU, Korea, JAS.<\/p>\n<p><strong>Th\u00e0nh ph\u1ea7n:<\/strong> 100% B\u1ed9t ti\u00eau \u0111en h\u1eefu c\u01a1, s\u1ea1ch, kh\u00f4ng pha, kh\u00f4ng l\u1eabn t\u1ea1p ch\u1ea5t.<\/p>\n<p><strong>\u0110\u00f3ng g\u00f3i:<\/strong> L\u1ecd tr\u1ee5 th\u1ee7y tinh, ph\u1ea7n n\u1eafp \u0111\u1ee5c l\u1ed7 r\u1eafc, ti\u1ec7n l\u1ee3i s\u1eed d\u1ee5ng.<\/p>\n<p><strong>H\u1ea1n s\u1eed d\u1ee5ng:<\/strong> 24 th\u00e1ng k\u1ec3 t\u1eeb ng\u00e0y s\u1ea3n xu\u1ea5t in tr\u00ean bao b\u00ec.<\/p>\n<p><strong>Ti\u00eau chu\u1ea9n:<\/strong><\/p>\n<ul>\n<li>B\u1ed9t m\u1ecbn, l\u1ecdt s\u00e0ng d\u01b0\u1edbi 0.420 mm, n\u00e2u, m\u00f9i th\u01a1m \u0111\u1eb7c tr\u01b0ng, v\u1ecb cay, ti\u00eau chu\u1ea9n Organic.<\/li>\n<li>H\u00e0m l\u01b0\u1ee3ng Piperin chi\u1ebfm tr\u00ean 4%.<\/li>\n<\/ul>\n<p><strong>M\u1ee5c \u0111\u00edch s\u1eed d\u1ee5ng:<\/strong><\/p>\n<ul>\n<li>D\u00f9ng \u0111\u1ec3 t\u1ea9m \u01b0\u1edbp v\u00e0o c\u00e1c lo\u1ea1i th\u1ef1c ph\u1ea9m (th\u1ecbt, c\u00e1) chi\u00ean, n\u01b0\u1edbng, r\u00e1n, kho, s\u1ed1t vang... Gi\u00fap kh\u1eed m\u00f9i h\u00f4i, tanh c\u1ee7a th\u1ecbt, c\u00e1 t\u1ea1o m\u00f9i v\u1ecb th\u01a1m \u0111\u1eb7c tr\u01b0ng h\u01a1n cho m\u00f3n \u0103n.<\/li>\n<li>B\u1ed5 sung v\u00e0o c\u00e1c lo\u1ea1i n\u01b0\u1edbc ch\u1ea5m, n\u01b0\u1edbc s\u1ed1t gi\u00fap t\u0103ng h\u01b0\u01a1ng v\u1ecb c\u1ee7a th\u1ef1c ph\u1ea9m, k\u00edch th\u00edch v\u1ecb gi\u00e1c, t\u0103ng ti\u00eau h\u00f3a, h\u1ea5p thu th\u1ee9c \u0103n.<\/li>\n<\/ul>\n<p><strong>Th\u00e0nh ph\u1ea7n h\u1eefu c\u01a1 an to\u00e0n, c\u00f3 th\u1ec3 s\u1eed d\u1ee5ng cho c\u1ea3 ph\u1ee5 n\u1eef mang thai v\u00e0 tr\u1ebb s\u01a1 sinh.<\/strong><\/p>\n<p><strong>B\u1ea3o qu\u1ea3n:<\/strong> N\u01a1i kh\u00f4 r\u00e1o, tho\u00e1ng m\u00e1t, tr\u00e1nh \u00e1nh n\u1eafng tr\u1ef1c ti\u1ebfp.<\/p>\n<p><strong>S\u1ea3n ph\u1ea9m c\u1ee7a VINASAMEX :<\/strong><\/p>\n<ul>\n<li>\u0110\u01b0\u1ee3c tr\u1ed3ng v\u00e0 ch\u1ebf bi\u1ebfn \u0111\u00fang ti\u00eau chu\u1ea9n Organic, FairForlife, UEBT.<\/li>\n<li>Quy tr\u00ecnh s\u1ea3n xu\u1ea5t kh\u00e9p k\u00edn v\u00e0 \u0111\u01b0\u1ee3c gi\u00e1m s\u00e1t ch\u1ea5t l\u01b0\u1ee3ng nghi\u00eam ng\u1eb7t, h\u1ed3 s\u01a1 truy xu\u1ea5t minh b\u1ea1ch, r\u00f5 r\u00e0ng.<\/li>\n<\/ul>","protected":false},"excerpt":{"rendered":"<p style=\"font-weight: 400;\"><span style=\"font-weight: 400;\"><strong>100% Ti\u00eau \u0110en H\u1eefu C\u01a1 Nguy\u00ean Ch\u1ea5t<\/strong> <\/span><\/p>\n<p style=\"font-weight: 400;\"><span style=\"font-weight: 400;\"><strong>\u0110\u1ed9 \u1ea9m:<\/strong> 12%<\/span><\/p>\n<p style=\"font-weight: 400;\"><span style=\"font-weight: 400;\"><strong>T\u1ea1p ch\u1ea5t:<\/strong> 0.5%<\/span><\/p>\n<p style=\"font-weight: 400;\"><strong>M\u1eaft s\u00e0ng:<\/strong> 60 mesh<\/p>\n<p style=\"font-weight: 400;\"><span style=\"font-weight: 400;\"><strong>M\u00f9i h\u01b0\u01a1ng:<\/strong> M\u00f9i cay n\u1ed3ng \u0111\u1eb7c tr\u01b0ng<\/span><\/p>\n<p style=\"font-weight: 400;\"><strong>M\u00e0u t\u1ef1 nhi\u00ean, kh\u00f4ng n\u1ea5m m\u1ed1c<\/strong><\/p>","protected":false},"featured_media":6756,"comment_status":"closed","ping_status":"closed","template":"","meta":{"_glsr_average":0,"_glsr_ranking":0,"_glsr_reviews":0},"product_cat":[149,146],"product_tag":[],"_links":{"self":[{"href":"https:\/\/vinasamex.com\/vi\/wp-json\/wp\/v2\/product\/6232"}],"collection":[{"href":"https:\/\/vinasamex.com\/vi\/wp-json\/wp\/v2\/product"}],"about":[{"href":"https:\/\/vinasamex.com\/vi\/wp-json\/wp\/v2\/types\/product"}],"replies":[{"embeddable":true,"href":"https:\/\/vinasamex.com\/vi\/wp-json\/wp\/v2\/comments?post=6232"}],"wp:featuredmedia":[{"embeddable":true,"href":"https:\/\/vinasamex.com\/vi\/wp-json\/wp\/v2\/media\/6756"}],"wp:attachment":[{"href":"https:\/\/vinasamex.com\/vi\/wp-json\/wp\/v2\/media?parent=6232"}],"wp:term":[{"taxonomy":"product_cat","embeddable":true,"href":"https:\/\/vinasamex.com\/vi\/wp-json\/wp\/v2\/product_cat?post=6232"},{"taxonomy":"product_tag","embeddable":true,"href":"https:\/\/vinasamex.com\/vi\/wp-json\/wp\/v2\/product_tag?post=6232"}],"curies":[{"name":"wp","href":"https:\/\/api.w.org\/{rel}","templated":true}]}}