{"id":6235,"date":"2023-06-09T08:14:23","date_gmt":"2023-06-09T08:14:23","guid":{"rendered":"https:\/\/vinasamex.com\/?post_type=product&#038;p=6235"},"modified":"2023-06-27T09:13:01","modified_gmt":"2023-06-27T09:13:01","slug":"organic-cigarette-cinnamon","status":"publish","type":"product","link":"https:\/\/vinasamex.com\/vi\/san-pham\/organic-cigarette-cinnamon\/","title":{"rendered":"Qu\u1ebf Thanh H\u1eefu C\u01a1"},"content":{"rendered":"<p><strong>QU\u1ebe THANH H\u1eeeU C\u01a0 VINASAMEX 35 GRAM<\/strong><\/p>\n<p><strong>Xu\u1ea5t x\u1ee9:<\/strong> Vi\u1ec7t Nam<\/p>\n<p><strong>C\u00e1c ch\u1ee9ng nh\u1eadn h\u1eefu c\u01a1:<\/strong> USDA, EU, Korea, JAS.<\/p>\n<p><strong>\u0110\u00f3ng g\u00f3i:<\/strong> L\u1ecd tr\u1ee5 th\u1ee7y tinh.<\/p>\n<p><strong>H\u1ea1n s\u1eed d\u1ee5ng:<\/strong> 24 th\u00e1ng k\u1ec3 t\u1eeb ng\u00e0y s\u1ea3n xu\u1ea5t in tr\u00ean bao b\u00ec.<\/p>\n<p><strong>Ti\u00eau chu\u1ea9n:<\/strong><\/p>\n<ul>\n<li>K\u00edch th\u01b0\u1edbc: 7.5cm, \u0111\u1ed9 cu\u1ed9n 100%, ti\u00eau chu\u1ea9n Organic.<\/li>\n<li>M\u00e0u v\u00e0ng s\u00e1ng, m\u00f9i th\u01a1m, v\u1ecb cay ng\u1ecdt.<\/li>\n<li>H\u00e0m l\u01b0\u1ee3ng tinh d\u1ea7u &gt; 4%.<\/li>\n<\/ul>\n<p><strong>M\u1ee5c \u0111\u00edch s\u1eed d\u1ee5ng:<\/strong><\/p>\n<ul>\n<li>D\u00f9ng \u0111\u1ec3 qu\u1eady khu\u1ea5y c\u00e0 ph\u00ea: d\u00f9ng n\u01b0\u1edbc n\u00f3ng gi\u00e0 nh\u00fang \u0111\u1ea7u thanh qu\u1ebf v\u00e0o, sau \u0111\u00f3 qu\u1eady v\u00e0o t\u00e1ch c\u00e0 ph\u00ea n\u00f3ng v\u00e0 \u0111\u1ec3 thanh qu\u1ebf nh\u01b0 v\u1eady gi\u00fap tinh d\u1ea7u qu\u1ebf ng\u1ea5m v\u00e0o t\u00e1ch c\u00e0 ph\u00ea t\u1ea1o h\u01b0\u01a1ng v\u1ecb qu\u1ebf \u0111\u1eb7c tr\u01b0ng, gi\u00fap t\u00e1ch c\u00e0 ph\u00ea th\u01a1m ngon h\u01a1n.<\/li>\n<li>D\u00f9ng \u0111\u1ec3 pha tr\u00e0: tr\u00e0 cam qu\u1ebf, tr\u00e0 \u0111\u00e0o qu\u1ebf, tr\u00e0 t\u00e1o qu\u1ebf...b\u1ebb thanh qu\u1ebf th\u00e0nh 2-3 \u0111o\u1ea1n nh\u1ecf sau \u0111\u00f3 tr\u1ee5ng qua n\u01b0\u1edbc s\u00f4i gi\u00e0 r\u1ed3i th\u1ea3 v\u00e0o \u1ea5m tr\u00e0 theo c\u00e1c v\u1ecb m\u00ecnh th\u00edch, \u0111\u1ec3 \u1ea5m tr\u00e0 tr\u00ean b\u1ebfp n\u1ebfn nh\u1ecf \u0111\u1ec3 gi\u1eef \u0111\u1ed9 n\u00f3ng cho tr\u00e0 v\u00e0 t\u1eeb t\u1eeb th\u01b0\u1edfng th\u1ee9c gi\u00fap gi\u1ea3m h\u1ea5p thu cholesterol, t\u0103ng ti\u00eau h\u00f3a, t\u0103ng tu\u1ea7n ho\u00e0n, \u1ed5n \u0111\u1ecbnh \u0111\u01b0\u1eddng huy\u1ebft.<\/li>\n<li>D\u00f9ng n\u1ea5u l\u1ea9u, ph\u1edf s\u1ed1t vang: b\u1ebb thanh qu\u1ebf l\u00e0m c\u00e1c m\u1ea3nh nh\u1ecf h\u01a1n, cho v\u00e0o n\u1ed3i n\u1ea5u gi\u00fap kh\u1eed m\u00f9i h\u00f4i tanh c\u1ee7a th\u1ef1c ph\u1ea9m v\u00e0 t\u0103ng h\u01b0\u01a1ng v\u1ecb h\u1ea5p d\u1eabn cho m\u00f3n \u0103n.<\/li>\n<\/ul>\n<p><strong>Th\u00e0nh ph\u1ea7n h\u1eefu c\u01a1 an to\u00e0n, c\u00f3 th\u1ec3 s\u1eed d\u1ee5ng cho c\u1ea3 ph\u1ee5 n\u1eef mang thai v\u00e0 tr\u1ebb s\u01a1 sinh.<\/strong><\/p>\n<p><strong>B\u1ea3o qu\u1ea3n:<\/strong> N\u01a1i kh\u00f4 r\u00e1o, tho\u00e1ng m\u00e1t, tr\u00e1nh \u00e1nh n\u1eafng tr\u1ef1c ti\u1ebfp.<\/p>\n<p><strong>S\u1ea3n ph\u1ea9m Qu\u1ebf Vinasamex :<\/strong><\/p>\n<ul>\n<li>\u0110\u01b0\u1ee3c tr\u1ed3ng v\u00e0 ch\u1ebf bi\u1ebfn \u0111\u00fang ti\u00eau chu\u1ea9n Organic, FairForlife, UEBT.<\/li>\n<li>Quy tr\u00ecnh s\u1ea3n xu\u1ea5t kh\u00e9p k\u00edn v\u00e0 \u0111\u01b0\u1ee3c gi\u00e1m s\u00e1t ch\u1ea5t l\u01b0\u1ee3ng nghi\u00eam ng\u1eb7t, h\u1ed3 s\u01a1 truy xu\u1ea5t minh b\u1ea1ch, r\u00f5 r\u00e0ng.<\/li>\n<\/ul>","protected":false},"excerpt":{"rendered":"<p style=\"font-weight: 400;\"><span style=\"font-weight: 400;\"><strong>K\u00edch th\u01b0\u1edbc:<\/strong> 9 &#8211; 20 cm<\/span><\/p>\n<p style=\"font-weight: 400;\"><span style=\"font-weight: 400;\"><strong>\u0110\u1ed9 \u1ea9m:<\/strong> T\u1ed1i \u0111a 13.5 - 14%<\/span><\/p>\n<p style=\"font-weight: 400;\"><span style=\"font-weight: 400;\"><strong>T\u1ea1p ch\u1ea5t:<\/strong> T\u1ed1i \u0111a 0.5%<\/span><\/p>\n<p style=\"font-weight: 400;\"><span style=\"font-weight: 400;\"><strong>\u0110\u01b0\u1eddng k\u00ednh:<\/strong> 0.6 &#8211; 1.8 cm<\/span><\/p>\n<p style=\"font-weight: 400;\"><span style=\"font-weight: 400;\"><strong>\u0110\u1ed9 cu\u1ed1n:<\/strong> 90%<\/span><\/p>\n<p style=\"font-weight: 400;\"><span style=\"font-weight: 400;\"><strong>\u0110\u1ed9 m\u1edf:<\/strong> 10%<\/span><\/p>\n<p style=\"font-weight: 400;\"><strong>M\u00e0u t\u1ef1 nhi\u00ean, b\u1ec1 m\u1eb7t nh\u1eb5n, kh\u00f4ng n\u1ea5m m\u1ed1c<\/strong><\/p>","protected":false},"featured_media":6750,"comment_status":"closed","ping_status":"closed","template":"","meta":{"_glsr_average":0,"_glsr_ranking":0,"_glsr_reviews":0},"product_cat":[146,149],"product_tag":[],"_links":{"self":[{"href":"https:\/\/vinasamex.com\/vi\/wp-json\/wp\/v2\/product\/6235"}],"collection":[{"href":"https:\/\/vinasamex.com\/vi\/wp-json\/wp\/v2\/product"}],"about":[{"href":"https:\/\/vinasamex.com\/vi\/wp-json\/wp\/v2\/types\/product"}],"replies":[{"embeddable":true,"href":"https:\/\/vinasamex.com\/vi\/wp-json\/wp\/v2\/comments?post=6235"}],"wp:featuredmedia":[{"embeddable":true,"href":"https:\/\/vinasamex.com\/vi\/wp-json\/wp\/v2\/media\/6750"}],"wp:attachment":[{"href":"https:\/\/vinasamex.com\/vi\/wp-json\/wp\/v2\/media?parent=6235"}],"wp:term":[{"taxonomy":"product_cat","embeddable":true,"href":"https:\/\/vinasamex.com\/vi\/wp-json\/wp\/v2\/product_cat?post=6235"},{"taxonomy":"product_tag","embeddable":true,"href":"https:\/\/vinasamex.com\/vi\/wp-json\/wp\/v2\/product_tag?post=6235"}],"curies":[{"name":"wp","href":"https:\/\/api.w.org\/{rel}","templated":true}]}}