{"id":6237,"date":"2023-06-09T08:56:49","date_gmt":"2023-06-09T08:56:49","guid":{"rendered":"https:\/\/vinasamex.com\/?post_type=product&#038;p=6237"},"modified":"2023-06-27T08:22:47","modified_gmt":"2023-06-27T08:22:47","slug":"star-anise-powder-3","status":"publish","type":"product","link":"https:\/\/vinasamex.com\/vi\/san-pham\/star-anise-powder-3\/","title":{"rendered":"B\u1ed9t Hoa H\u1ed3i"},"content":{"rendered":"","protected":false},"excerpt":{"rendered":"<p><strong>100% Hoa H\u1ed3i Nguy\u00ean Ch\u1ea5t<\/strong><\/p>\n<p style=\"font-weight: 400;\"><span style=\"font-weight: 400;\"><strong>\u0110\u1ed9 \u1ea9m:<\/strong> T\u1ed1i \u0111a 12.5 \u2013 13%<\/span><\/p>\n<p style=\"font-weight: 400;\"><span style=\"font-weight: 400;\"><strong>L\u01b0\u1ee3ng d\u1ea7u:<\/strong> 9 &#8211; 10%<\/span><\/p>\n<p style=\"font-weight: 400;\"><span style=\"font-weight: 400;\"><strong>M\u00e0u s\u1eafc:<\/strong> M\u00e0u v\u00e0ng n\u00e2u<\/span><\/p>\n<p style=\"font-weight: 400;\"><span style=\"font-weight: 400;\"><strong>\u0110\u00f3ng g\u00f3i:<\/strong> <\/span><\/p>\n<ul>\n<li style=\"font-weight: 400;\"><span style=\"font-weight: 400;\">L\u1ecd th\u1ee7y tinh<\/span><\/li>\n<li style=\"font-weight: 400;\"><span style=\"font-weight: 400;\">Bao PP, PE (Net: 20 \u2013 30kg)<\/span><\/li>\n<\/ul>","protected":false},"featured_media":6725,"comment_status":"closed","ping_status":"closed","template":"","meta":{"_glsr_average":0,"_glsr_ranking":0,"_glsr_reviews":0},"product_cat":[146,147],"product_tag":[],"_links":{"self":[{"href":"https:\/\/vinasamex.com\/vi\/wp-json\/wp\/v2\/product\/6237"}],"collection":[{"href":"https:\/\/vinasamex.com\/vi\/wp-json\/wp\/v2\/product"}],"about":[{"href":"https:\/\/vinasamex.com\/vi\/wp-json\/wp\/v2\/types\/product"}],"replies":[{"embeddable":true,"href":"https:\/\/vinasamex.com\/vi\/wp-json\/wp\/v2\/comments?post=6237"}],"wp:featuredmedia":[{"embeddable":true,"href":"https:\/\/vinasamex.com\/vi\/wp-json\/wp\/v2\/media\/6725"}],"wp:attachment":[{"href":"https:\/\/vinasamex.com\/vi\/wp-json\/wp\/v2\/media?parent=6237"}],"wp:term":[{"taxonomy":"product_cat","embeddable":true,"href":"https:\/\/vinasamex.com\/vi\/wp-json\/wp\/v2\/product_cat?post=6237"},{"taxonomy":"product_tag","embeddable":true,"href":"https:\/\/vinasamex.com\/vi\/wp-json\/wp\/v2\/product_tag?post=6237"}],"curies":[{"name":"wp","href":"https:\/\/api.w.org\/{rel}","templated":true}]}}