{"id":6255,"date":"2023-06-09T10:19:51","date_gmt":"2023-06-09T10:19:51","guid":{"rendered":"https:\/\/vinasamex.com\/?post_type=product&#038;p=6255"},"modified":"2023-06-27T09:01:59","modified_gmt":"2023-06-27T09:01:59","slug":"dried-sliced-garlic","status":"publish","type":"product","link":"https:\/\/vinasamex.com\/vi\/san-pham\/dried-sliced-garlic\/","title":{"rendered":"T\u1ecfi Kh\u00f4 Th\u00e1i L\u00e1t"},"content":{"rendered":"","protected":false},"excerpt":{"rendered":"<p style=\"font-weight: 400;\"><strong>100% T\u1ecfi nguy\u00ean ch\u1ea5t<\/strong><\/p>\n<p style=\"font-weight: 400;\"><span style=\"font-weight: 400;\"><strong>\u0110\u1ed9 \u1ea9m:<\/strong> 12 &#8211; 13%<\/span><\/p>\n<p style=\"font-weight: 400;\"><span style=\"font-weight: 400;\"><strong>T\u1ea1p ch\u1ea5t:<\/strong> 0.5%<\/span><\/p>\n<p style=\"font-weight: 400;\"><strong>M\u00e0u t\u1ef1 nhi\u00ean, kh\u00f4ng n\u1ea5m m\u1ed1c<\/strong><\/p>","protected":false},"featured_media":6743,"comment_status":"closed","ping_status":"closed","template":"","meta":{"_glsr_average":0,"_glsr_ranking":0,"_glsr_reviews":0},"product_cat":[146,148,154],"product_tag":[],"_links":{"self":[{"href":"https:\/\/vinasamex.com\/vi\/wp-json\/wp\/v2\/product\/6255"}],"collection":[{"href":"https:\/\/vinasamex.com\/vi\/wp-json\/wp\/v2\/product"}],"about":[{"href":"https:\/\/vinasamex.com\/vi\/wp-json\/wp\/v2\/types\/product"}],"replies":[{"embeddable":true,"href":"https:\/\/vinasamex.com\/vi\/wp-json\/wp\/v2\/comments?post=6255"}],"wp:featuredmedia":[{"embeddable":true,"href":"https:\/\/vinasamex.com\/vi\/wp-json\/wp\/v2\/media\/6743"}],"wp:attachment":[{"href":"https:\/\/vinasamex.com\/vi\/wp-json\/wp\/v2\/media?parent=6255"}],"wp:term":[{"taxonomy":"product_cat","embeddable":true,"href":"https:\/\/vinasamex.com\/vi\/wp-json\/wp\/v2\/product_cat?post=6255"},{"taxonomy":"product_tag","embeddable":true,"href":"https:\/\/vinasamex.com\/vi\/wp-json\/wp\/v2\/product_tag?post=6255"}],"curies":[{"name":"wp","href":"https:\/\/api.w.org\/{rel}","templated":true}]}}