{"id":6258,"date":"2023-06-09T10:24:54","date_gmt":"2023-06-09T10:24:54","guid":{"rendered":"https:\/\/vinasamex.com\/?post_type=product&#038;p=6258"},"modified":"2023-06-27T08:58:30","modified_gmt":"2023-06-27T08:58:30","slug":"whole-dried-chili","status":"publish","type":"product","link":"https:\/\/vinasamex.com\/vi\/san-pham\/whole-dried-chili\/","title":{"rendered":"\u1edat Kh\u00f4 Nguy\u00ean Qu\u1ea3"},"content":{"rendered":"","protected":false},"excerpt":{"rendered":"<p><strong>100% \u1edat t\u01b0\u01a1i nguy\u00ean ch\u1ea5t<\/strong><\/p>\n<p style=\"font-weight: 400;\"><span style=\"font-weight: 400;\"><strong>\u0110\u1ed9 \u1ea9m:<\/strong> T\u1ed1i \u0111a 13.5 - 14%<\/span><\/p>\n<p style=\"font-weight: 400;\"><span style=\"font-weight: 400;\"><strong>L\u01b0\u1ee3ng d\u1ea7u<\/strong>: 2 &#8211; 4%<\/span><\/p>\n<p style=\"font-weight: 400;\"><span style=\"font-weight: 400;\"><strong>T\u1ea1p ch\u1ea5t:<\/strong> 0.5%<\/span><\/p>\n<p style=\"font-weight: 400;\"><span style=\"font-weight: 400;\"><strong>\u0110\u1ed9 d\u00e0i:<\/strong> 2.5 &#8211; 3 cm<\/span><\/p>\n<p style=\"font-weight: 400;\"><span style=\"font-weight: 400;\"><strong>\u0110\u00f3ng g\u00f3i:<\/strong> 10kg\/th\u00f9ng<\/span><\/p>\n<p style=\"font-weight: 400;\"><strong>M\u00e0u t\u1ef1 nhi\u00ean, kh\u00f4ng n\u1ea5m m\u1ed1c<\/strong><\/p>","protected":false},"featured_media":6739,"comment_status":"closed","ping_status":"closed","template":"","meta":{"_glsr_average":0,"_glsr_ranking":0,"_glsr_reviews":0},"product_cat":[146,148,155],"product_tag":[],"_links":{"self":[{"href":"https:\/\/vinasamex.com\/vi\/wp-json\/wp\/v2\/product\/6258"}],"collection":[{"href":"https:\/\/vinasamex.com\/vi\/wp-json\/wp\/v2\/product"}],"about":[{"href":"https:\/\/vinasamex.com\/vi\/wp-json\/wp\/v2\/types\/product"}],"replies":[{"embeddable":true,"href":"https:\/\/vinasamex.com\/vi\/wp-json\/wp\/v2\/comments?post=6258"}],"wp:featuredmedia":[{"embeddable":true,"href":"https:\/\/vinasamex.com\/vi\/wp-json\/wp\/v2\/media\/6739"}],"wp:attachment":[{"href":"https:\/\/vinasamex.com\/vi\/wp-json\/wp\/v2\/media?parent=6258"}],"wp:term":[{"taxonomy":"product_cat","embeddable":true,"href":"https:\/\/vinasamex.com\/vi\/wp-json\/wp\/v2\/product_cat?post=6258"},{"taxonomy":"product_tag","embeddable":true,"href":"https:\/\/vinasamex.com\/vi\/wp-json\/wp\/v2\/product_tag?post=6258"}],"curies":[{"name":"wp","href":"https:\/\/api.w.org\/{rel}","templated":true}]}}