{"id":6259,"date":"2023-06-09T10:34:02","date_gmt":"2023-06-09T10:34:02","guid":{"rendered":"https:\/\/vinasamex.com\/?post_type=product&#038;p=6259"},"modified":"2023-06-27T08:29:15","modified_gmt":"2023-06-27T08:29:15","slug":"black-pepper-powder","status":"publish","type":"product","link":"https:\/\/vinasamex.com\/vi\/san-pham\/black-pepper-powder\/","title":{"rendered":"B\u1ed9t Ti\u00eau \u0110en"},"content":{"rendered":"","protected":false},"excerpt":{"rendered":"<p style=\"font-weight: 400;\"><span style=\"font-weight: 400;\"><strong>100% Ti\u00eau \u0111en nguy\u00ean ch\u1ea5t<\/strong> <\/span><\/p>\n<p style=\"font-weight: 400;\"><span style=\"font-weight: 400;\"><strong>\u0110\u1ed9 \u1ea9m:<\/strong> 12%<\/span><\/p>\n<p style=\"font-weight: 400;\"><span style=\"font-weight: 400;\"><strong>T\u1ea1p ch\u1ea5t:<\/strong> 0.5%<\/span><\/p>\n<p style=\"font-weight: 400;\"><strong>M\u1eaft s\u00e0ng:<\/strong> 60 mesh<\/p>\n<p style=\"font-weight: 400;\"><span style=\"font-weight: 400;\"><strong>M\u00f9i h\u01b0\u01a1ng:<\/strong> M\u00f9i cay n\u1ed3ng \u0111\u1eb7c tr\u01b0ng<\/span><\/p>\n<p style=\"font-weight: 400;\"><strong>M\u00e0u t\u1ef1 nhi\u00ean, kh\u00f4ng n\u1ea5m m\u1ed1c\u00a0<\/strong><\/p>","protected":false},"featured_media":6728,"comment_status":"closed","ping_status":"closed","template":"","meta":{"_glsr_average":0,"_glsr_ranking":0,"_glsr_reviews":0},"product_cat":[146,148,157],"product_tag":[],"_links":{"self":[{"href":"https:\/\/vinasamex.com\/vi\/wp-json\/wp\/v2\/product\/6259"}],"collection":[{"href":"https:\/\/vinasamex.com\/vi\/wp-json\/wp\/v2\/product"}],"about":[{"href":"https:\/\/vinasamex.com\/vi\/wp-json\/wp\/v2\/types\/product"}],"replies":[{"embeddable":true,"href":"https:\/\/vinasamex.com\/vi\/wp-json\/wp\/v2\/comments?post=6259"}],"wp:featuredmedia":[{"embeddable":true,"href":"https:\/\/vinasamex.com\/vi\/wp-json\/wp\/v2\/media\/6728"}],"wp:attachment":[{"href":"https:\/\/vinasamex.com\/vi\/wp-json\/wp\/v2\/media?parent=6259"}],"wp:term":[{"taxonomy":"product_cat","embeddable":true,"href":"https:\/\/vinasamex.com\/vi\/wp-json\/wp\/v2\/product_cat?post=6259"},{"taxonomy":"product_tag","embeddable":true,"href":"https:\/\/vinasamex.com\/vi\/wp-json\/wp\/v2\/product_tag?post=6259"}],"curies":[{"name":"wp","href":"https:\/\/api.w.org\/{rel}","templated":true}]}}