{"id":6265,"date":"2023-06-12T01:43:19","date_gmt":"2023-06-12T01:43:19","guid":{"rendered":"https:\/\/vinasamex.com\/?post_type=product&#038;p=6265"},"modified":"2023-06-27T09:33:35","modified_gmt":"2023-06-27T09:33:35","slug":"spice-fest","status":"publish","type":"product","link":"https:\/\/vinasamex.com\/vi\/san-pham\/spice-fest\/","title":{"rendered":"Spice Fest"},"content":{"rendered":"<p><strong>G\u00f3i \u00dd Th\u1eaft T\u00ecnh - Set Qu\u00e0 Sang Tr\u1ecdng trong c\u00e1c d\u1ecbp l\u1ec5 quan tr\u1ecdng.<\/strong><\/p>\n<p>N\u1ebfu b\u1ea1n c\u1ea7n 1 m\u00f3n qu\u00e0 v\u1eeba tinh t\u1ebf, l\u1ea1i \u00fd ngh\u0129a v\u00e0 ch\u1ea5t ch\u1ee9a c\u1ea3 nh\u1eefng t\u00ecnh c\u1ea3m ch\u00e2n th\u00e0nh - C\u00f9ng kh\u00e1m ph\u00e1 ngay 05 set qu\u00e0 t\u1eb7ng sang - x\u1ecbn - m\u1ecbn c\u1ee7a Vinasamex nh\u00e9.<\/p>\n<p><strong>Set 01 - Spice Fest<\/strong><\/p>\n<p>G\u1ed3m tr\u1ecdn 06 lo\u1ea1i gia v\u1ecb h\u1eefu c\u01a1: Hoa H\u1ed3i, B\u1ed9t G\u1eebng, B\u1ed9t Ngh\u1ec7, B\u1ed9t Ti\u00eau, B\u1ed9t T\u1ecfi, B\u1ed9t \u1edat.<\/p>\n<p>Bao g\u1ed3m tr\u1ecdn b\u1ed9 06 lo\u1ea1i tinh d\u1ea7u h\u1eefu c\u01a1: Tinh d\u1ea7u Qu\u1ebf t\u1ef1 t\u1ecfa, Tinh d\u1ea7u H\u1ed3i t\u1ef1 t\u1ecfa, Tinh d\u1ea7u G\u1eebng t\u1ef1 t\u1ecfa, Tinh d\u1ea7u Tr\u00e0m 50ml, Tinh d\u1ea7u S\u1ea3 t\u1ef1 t\u1ecfa v\u00e0 Tinh d\u1ea7u B\u01b0\u1edfi.<\/p>\n<p><span style=\"color: #b73826;\"><em>M\u1ed7i set qu\u00e0 Vinasamex \u0111\u1ec1u \u0111\u01b0\u1ee3c g\u00f3i \u00fd th\u1eaft t\u00ecnh th\u1eadt ch\u1ec9n chu v\u00e0 tinh t\u1ebf, h\u1ed9p thi\u1ebft k\u1ebf c\u1ef1c sang tr\u1ecdng  v\u00e0 b\u1eaft m\u1eaft.<\/em><\/span><\/p>","protected":false},"excerpt":{"rendered":"<p><strong>SET 01:<\/strong><\/p>\n<ul>\n<li><span style=\"color: #212121;\"><strong>Hoa H\u1ed3i Nguy\u00ean C\u00e1nh<\/strong><\/span><\/li>\n<li><span style=\"color: #212121;\"><strong>B\u1ed9t G\u1eebng<\/strong><\/span><\/li>\n<li><span style=\"color: #212121;\"><strong>B\u1ed9t Ngh\u1ec7<\/strong><\/span><\/li>\n<li><span style=\"color: #212121;\"><strong>B\u1ed9t Ti\u00eau<\/strong><\/span><\/li>\n<li><span style=\"color: #212121;\"><strong>B\u1ed9t T\u1ecfi<\/strong><\/span><\/li>\n<li><span style=\"color: #212121;\"><strong>B\u1ed9t \u1edat<\/strong><\/span><\/li>\n<\/ul>","protected":false},"featured_media":6757,"comment_status":"closed","ping_status":"closed","template":"","meta":{"_glsr_average":0,"_glsr_ranking":0,"_glsr_reviews":0},"product_cat":[146,149],"product_tag":[],"_links":{"self":[{"href":"https:\/\/vinasamex.com\/vi\/wp-json\/wp\/v2\/product\/6265"}],"collection":[{"href":"https:\/\/vinasamex.com\/vi\/wp-json\/wp\/v2\/product"}],"about":[{"href":"https:\/\/vinasamex.com\/vi\/wp-json\/wp\/v2\/types\/product"}],"replies":[{"embeddable":true,"href":"https:\/\/vinasamex.com\/vi\/wp-json\/wp\/v2\/comments?post=6265"}],"wp:featuredmedia":[{"embeddable":true,"href":"https:\/\/vinasamex.com\/vi\/wp-json\/wp\/v2\/media\/6757"}],"wp:attachment":[{"href":"https:\/\/vinasamex.com\/vi\/wp-json\/wp\/v2\/media?parent=6265"}],"wp:term":[{"taxonomy":"product_cat","embeddable":true,"href":"https:\/\/vinasamex.com\/vi\/wp-json\/wp\/v2\/product_cat?post=6265"},{"taxonomy":"product_tag","embeddable":true,"href":"https:\/\/vinasamex.com\/vi\/wp-json\/wp\/v2\/product_tag?post=6265"}],"curies":[{"name":"wp","href":"https:\/\/api.w.org\/{rel}","templated":true}]}}