{"id":6274,"date":"2023-06-12T01:45:58","date_gmt":"2023-06-12T01:45:58","guid":{"rendered":"https:\/\/vinasamex.com\/?post_type=product&#038;p=6274"},"modified":"2023-06-27T09:35:29","modified_gmt":"2023-06-27T09:35:29","slug":"spice-of-life","status":"publish","type":"product","link":"https:\/\/vinasamex.com\/vi\/san-pham\/spice-of-life\/","title":{"rendered":"Spice of Life"},"content":{"rendered":"<p><strong>G\u00f3i \u00dd Th\u1eaft T\u00ecnh - Set Qu\u00e0 Sang Tr\u1ecdng trong c\u00e1c d\u1ecbp l\u1ec5 quan tr\u1ecdng.<\/strong><\/p>\n<p>N\u1ebfu b\u1ea1n c\u1ea7n 1 m\u00f3n qu\u00e0 v\u1eeba tinh t\u1ebf, l\u1ea1i \u00fd ngh\u0129a v\u00e0 ch\u1ea5t ch\u1ee9a c\u1ea3 nh\u1eefng t\u00ecnh c\u1ea3m ch\u00e2n th\u00e0nh - C\u00f9ng kh\u00e1m ph\u00e1 ngay 05 set qu\u00e0 t\u1eb7ng sang - x\u1ecbn - m\u1ecbn c\u1ee7a Vinasamex nh\u00e9:<\/p>\n<p><strong>Set 02 &#8211;<\/strong>\u00a0<strong>Spice of Life<\/strong><\/p>\n<p>G\u1ed3m: Tr\u00e0 Qu\u1ebf, B\u00f3 Qu\u1ebf, Kh\u0103n m\u1eb7t t\u01a1 t\u1eb1m, B\u1ed9t Ti\u00eau, B\u1ed9t G\u1eebng, B\u1ed9t T\u1ecfi<\/p>\n<p><span style=\"color: #b73800;\"><em>M\u1ed7i set qu\u00e0 Vinasamex \u0111\u1ec1u \u0111\u01b0\u1ee3c g\u00f3i \u00fd th\u1eaft t\u00ecnh th\u1eadt ch\u1ec9n chu v\u00e0 tinh t\u1ebf, h\u1ed9p thi\u1ebft k\u1ebf c\u1ef1c sang tr\u1ecdng  v\u00e0 b\u1eaft m\u1eaft.<\/em><\/span><\/p>","protected":false},"excerpt":{"rendered":"<p><strong>Set 02:<\/strong><\/p>\n<ul>\n<li><span style=\"color: #212121;\"><strong>Tr\u00e0 qu\u1ebf<\/strong><\/span><\/li>\n<li><span style=\"color: #212121;\"><strong>B\u00f3 Qu\u1ebf<\/strong><\/span><\/li>\n<li><span style=\"color: #212121;\"><strong>Kh\u0103n M\u1eb7t T\u01a1 T\u1eb1m<\/strong><\/span><\/li>\n<li><span style=\"color: #212121;\"><strong>B\u1ed9t Ti\u00eau<\/strong><\/span><\/li>\n<li><span style=\"color: #212121;\"><strong>B\u1ed9t G\u1eebng<\/strong><\/span><\/li>\n<li><span style=\"color: #212121;\"><strong>B\u1ed9t T\u1ecfi<\/strong><\/span><\/li>\n<\/ul>","protected":false},"featured_media":6758,"comment_status":"closed","ping_status":"closed","template":"","meta":{"_glsr_average":0,"_glsr_ranking":0,"_glsr_reviews":0},"product_cat":[146,149],"product_tag":[],"_links":{"self":[{"href":"https:\/\/vinasamex.com\/vi\/wp-json\/wp\/v2\/product\/6274"}],"collection":[{"href":"https:\/\/vinasamex.com\/vi\/wp-json\/wp\/v2\/product"}],"about":[{"href":"https:\/\/vinasamex.com\/vi\/wp-json\/wp\/v2\/types\/product"}],"replies":[{"embeddable":true,"href":"https:\/\/vinasamex.com\/vi\/wp-json\/wp\/v2\/comments?post=6274"}],"wp:featuredmedia":[{"embeddable":true,"href":"https:\/\/vinasamex.com\/vi\/wp-json\/wp\/v2\/media\/6758"}],"wp:attachment":[{"href":"https:\/\/vinasamex.com\/vi\/wp-json\/wp\/v2\/media?parent=6274"}],"wp:term":[{"taxonomy":"product_cat","embeddable":true,"href":"https:\/\/vinasamex.com\/vi\/wp-json\/wp\/v2\/product_cat?post=6274"},{"taxonomy":"product_tag","embeddable":true,"href":"https:\/\/vinasamex.com\/vi\/wp-json\/wp\/v2\/product_tag?post=6274"}],"curies":[{"name":"wp","href":"https:\/\/api.w.org\/{rel}","templated":true}]}}