{"id":6288,"date":"2023-06-12T01:51:54","date_gmt":"2023-06-12T01:51:54","guid":{"rendered":"https:\/\/vinasamex.com\/?post_type=product&#038;p=6288"},"modified":"2023-07-17T01:59:48","modified_gmt":"2023-07-17T01:59:48","slug":"the-taste-of-passion","status":"publish","type":"product","link":"https:\/\/vinasamex.com\/vi\/san-pham\/the-taste-of-passion\/","title":{"rendered":"The Taste of Passion"},"content":{"rendered":"<p><strong>G\u00f3i \u00dd Th\u1eaft T\u00ecnh - Set Qu\u00e0 Sang Tr\u1ecdng trong c\u00e1c d\u1ecbp l\u1ec5 quan tr\u1ecdng.<\/strong><\/p>\n<p>N\u1ebfu b\u1ea1n c\u1ea7n 1 m\u00f3n qu\u00e0 v\u1eeba tinh t\u1ebf, l\u1ea1i \u00fd ngh\u0129a v\u00e0 ch\u1ea5t ch\u1ee9a c\u1ea3 nh\u1eefng t\u00ecnh c\u1ea3m ch\u00e2n th\u00e0nh - C\u00f9ng kh\u00e1m ph\u00e1 ngay 05 set qu\u00e0 t\u1eb7ng sang - x\u1ecbn - m\u1ecbn c\u1ee7a Vinasamex nh\u00e9.<\/p>\n<p><strong>Set 04 &#8211; The Taste of Passion<\/strong><\/p>\n<p>G\u1ed3m: Ti\u00eau \u0110en, B\u1ed9t Ngh\u1ec7, Hoa H\u1ed3i, Tr\u00e0 Qu\u1ebf, Tinh d\u1ea7u Qu\u1ebf t\u1ef1 t\u1ecfa, Tinh d\u1ea7u H\u1ed3i t\u1ef1 t\u1ecfa, Tinh d\u1ea7u Tr\u00e0m 20 ml.<\/p>\n<p><span style=\"color: #b73800;\"><em>M\u1ed7i set qu\u00e0 Vinasamex \u0111\u1ec1u \u0111\u01b0\u1ee3c g\u00f3i \u00fd th\u1eaft t\u00ecnh th\u1eadt ch\u1ec9n chu v\u00e0 tinh t\u1ebf, h\u1ed9p thi\u1ebft k\u1ebf c\u1ef1c sang tr\u1ecdng  v\u00e0 b\u1eaft m\u1eaft.<\/em><\/span><\/p>","protected":false},"excerpt":{"rendered":"<p><strong>SET 04:<\/strong><\/p>\n<ul>\n<li><span style=\"color: #212121;\"><strong>H\u1ea1t Ti\u00eau \u0110en<\/strong><\/span><\/li>\n<li><span style=\"color: #212121;\"><strong>B\u1ed9t Ngh\u1ec7<\/strong><\/span><\/li>\n<li><span style=\"color: #212121;\"><strong>Hoa H\u1ed3i Nguy\u00ean C\u00e1nh<\/strong><\/span><\/li>\n<li><span style=\"color: #212121;\"><strong>Tr\u00e0 qu\u1ebf<\/strong><\/span><\/li>\n<li><span style=\"color: #212121;\"><strong>Tinh D\u1ea7u Qu\u1ebf T\u1ef1 T\u1ecfa<\/strong><\/span><\/li>\n<li><span style=\"color: #212121;\"><strong>Tinh D\u1ea7u H\u1ed3i T\u1ef1 T\u1ecfa<\/strong><\/span><\/li>\n<li><span style=\"color: #212121;\"><strong>Tinh D\u1ea7u Tr\u00e0m 20 ml<\/strong><\/span><\/li>\n<\/ul>","protected":false},"featured_media":6759,"comment_status":"closed","ping_status":"closed","template":"","meta":{"_glsr_average":0,"_glsr_ranking":0,"_glsr_reviews":0},"product_cat":[146,149],"product_tag":[],"_links":{"self":[{"href":"https:\/\/vinasamex.com\/vi\/wp-json\/wp\/v2\/product\/6288"}],"collection":[{"href":"https:\/\/vinasamex.com\/vi\/wp-json\/wp\/v2\/product"}],"about":[{"href":"https:\/\/vinasamex.com\/vi\/wp-json\/wp\/v2\/types\/product"}],"replies":[{"embeddable":true,"href":"https:\/\/vinasamex.com\/vi\/wp-json\/wp\/v2\/comments?post=6288"}],"wp:featuredmedia":[{"embeddable":true,"href":"https:\/\/vinasamex.com\/vi\/wp-json\/wp\/v2\/media\/6759"}],"wp:attachment":[{"href":"https:\/\/vinasamex.com\/vi\/wp-json\/wp\/v2\/media?parent=6288"}],"wp:term":[{"taxonomy":"product_cat","embeddable":true,"href":"https:\/\/vinasamex.com\/vi\/wp-json\/wp\/v2\/product_cat?post=6288"},{"taxonomy":"product_tag","embeddable":true,"href":"https:\/\/vinasamex.com\/vi\/wp-json\/wp\/v2\/product_tag?post=6288"}],"curies":[{"name":"wp","href":"https:\/\/api.w.org\/{rel}","templated":true}]}}