{"id":6672,"date":"2023-06-27T04:44:17","date_gmt":"2023-06-27T04:44:17","guid":{"rendered":"https:\/\/vinasamex.com\/?post_type=product&#038;p=6672"},"modified":"2025-08-18T11:54:57","modified_gmt":"2025-08-18T04:54:57","slug":"cinnamon-powder","status":"publish","type":"product","link":"https:\/\/vinasamex.com\/vi\/san-pham\/cinnamon-powder\/","title":{"rendered":"B\u1ed9t Qu\u1ebf"},"content":{"rendered":"","protected":false},"excerpt":{"rendered":"<p><strong>\u0110\u1ed9 \u1ea9m:<\/strong> T\u1ed1i \u0111a 13.5 - 14%<br \/>\n<strong>L\u01b0\u1ee3ng d\u1ea7u:<\/strong> 9-10%<br \/>\n<strong>T\u1ea1p ch\u1ea5t:<\/strong> 0.5%<br \/>\n<strong>M\u1eaft s\u00e0ng:<\/strong> 60 mesh<br \/>\n<strong>M\u00e0u s\u1eafc:<\/strong> N\u00e2u \u0111\u1ecf t\u1ef1 nhi\u00ean<br \/>\n<strong>\u0110\u00f3ng g\u00f3i:<\/strong> PP, PE bao 20 - 30kg<\/p>","protected":false},"featured_media":7112,"comment_status":"closed","ping_status":"closed","template":"","meta":{"_glsr_average":0,"_glsr_ranking":0,"_glsr_reviews":0},"product_cat":[146,145],"product_tag":[],"_links":{"self":[{"href":"https:\/\/vinasamex.com\/vi\/wp-json\/wp\/v2\/product\/6672"}],"collection":[{"href":"https:\/\/vinasamex.com\/vi\/wp-json\/wp\/v2\/product"}],"about":[{"href":"https:\/\/vinasamex.com\/vi\/wp-json\/wp\/v2\/types\/product"}],"replies":[{"embeddable":true,"href":"https:\/\/vinasamex.com\/vi\/wp-json\/wp\/v2\/comments?post=6672"}],"wp:featuredmedia":[{"embeddable":true,"href":"https:\/\/vinasamex.com\/vi\/wp-json\/wp\/v2\/media\/7112"}],"wp:attachment":[{"href":"https:\/\/vinasamex.com\/vi\/wp-json\/wp\/v2\/media?parent=6672"}],"wp:term":[{"taxonomy":"product_cat","embeddable":true,"href":"https:\/\/vinasamex.com\/vi\/wp-json\/wp\/v2\/product_cat?post=6672"},{"taxonomy":"product_tag","embeddable":true,"href":"https:\/\/vinasamex.com\/vi\/wp-json\/wp\/v2\/product_tag?post=6672"}],"curies":[{"name":"wp","href":"https:\/\/api.w.org\/{rel}","templated":true}]}}