{"id":7001,"date":"2024-01-17T04:00:03","date_gmt":"2024-01-17T04:00:03","guid":{"rendered":"https:\/\/vinasamex.com\/?post_type=product&#038;p=7001"},"modified":"2024-01-17T04:33:49","modified_gmt":"2024-01-17T04:33:49","slug":"set-qua-tet-tinh-hoa-bep-me","status":"publish","type":"product","link":"https:\/\/vinasamex.com\/vi\/san-pham\/set-qua-tet-tinh-hoa-bep-me\/","title":{"rendered":"Set qu\u00e0 T\u1ebft &#8211; Tinh Hoa B\u1ebfp M\u1eb9"},"content":{"rendered":"<p>B\u1ebeP M\u1eb8 \u1ea4M \u00c1P, TINH HOA \u0110\u1eacM \u0110\u00c0<\/p>\n<p>\u201cC\u01a1m ng\u00e0y hai b\u1eefa d\u1ecdn b\u00ean h\u00e8<br \/>\nM\u00e2m g\u1ed7, mu\u00f4i d\u1eeba, \u0111\u0169a m\u1ed9c tre<br \/>\nG\u1ea1o \u0111\u1ecf, c\u00e0 th\u00e2m, v\u1eefng gi\u00e3 m\u1eb7n<br \/>\nCh\u00e8 t\u01b0\u01a1i n\u1ea5u \u0111\u1eb7c n\u01b0\u1edbc v\u00e0ng hoe\u201d<\/p>\n<p>Ai c\u0169ng l\u1edbn l\u00ean t\u1eeb nh\u1eefng b\u1eefa c\u01a1m gia \u0111\u00ecnh, d\u00f9 m\u1ed9c m\u1ea1c hay \u0111\u1ee7 \u0111\u1ea7y. Nh\u1eefng ng\u00e0y T\u1ebft g\u1ea7n k\u1ec1, n\u1ed7i nao n\u1ee9c \u0111\u01b0\u1ee3c \u0111o\u00e0n t\u1ee5, sum h\u1ecdp qu\u00e2y qu\u1ea7n b\u00ean nhau c\u00e0ng l\u1edbn, kh\u00e1t khao v\u1ec1 v\u1edbi m\u00e2m c\u01a1m \u1ea5m \u00e1p gia \u0111\u00ecnh c\u0169ng c\u00e0ng nhi\u1ec1u.<\/p>\n<p>V\u1edbi ngu\u1ed3n c\u1ea3m h\u1ee9ng \u0111\u00f3, Vinasamex mang \u0111\u1ebfn set qu\u00e0 \u201cTinh hoa b\u1ebfp M\u1eb9\u201d v\u1edbi th\u00f4ng \u0111i\u1ec7p v\u1ec1 m\u1ed9t ng\u00e0y T\u1ebft sum v\u1ea7y, v\u1ec1 nh\u1eefng b\u1eefa c\u01a1m ch\u1ea5t ch\u1ee9a y\u00eau th\u01b0\u01a1ng c\u1ee7a m\u1eb9.<\/p>\n<p>T\u1ebft n\u00e0y, thay v\u00ec t\u1eb7ng b\u00e1nh k\u1eb9o, tr\u00e0 b\u00e1nh, m\u00ecnh c\u00f3 th\u1ec3 t\u1eb7ng nhau, t\u1eb7ng m\u1eb9, t\u1eb7ng v\u1ee3 v\u00e0 nh\u1eefng ng\u01b0\u1eddi th\u01b0\u01a1ng set qu\u00e0 Gia v\u1ecb h\u1eefu c\u01a1, v\u1eeba t\u1ed1t cho s\u1ee9c kh\u1ecfe, v\u1eeba \u00fd nh\u1ecb th\u1ec3 hi\u1ec7n ng\u00f4n ng\u1eef y\u00eau th\u01b0\u01a1ng, l\u00e0 s\u1ef1 chia s\u1ebb t\u00ecnh c\u1ea3m qua nh\u1eefng h\u01b0\u01a1ng v\u1ecb ngon l\u00e0nh, l\u00e0m cho m\u1ed7i b\u1eefa \u0103n tr\u1edf n\u00ean g\u1eafn k\u1ebft.<\/p>\n<p>&#8220;Tinh Hoa B\u1ebfp M\u1eb9&#8221; l\u00e0 s\u1ef1 k\u1ebft h\u1ee3p tinh t\u1ebf c\u1ee7a h\u01b0\u01a1ng v\u1ecb gia \u0111\u00ecnh:<br \/>\nHoa h\u1ed3i nguy\u00ean c\u00e1nh h\u1eefu c\u01a1 20g<br \/>\nB\u1ed9t h\u00e0nh h\u1eefu c\u01a1 50g<br \/>\nB\u1ed9t s\u1ea3 h\u1eefu c\u01a1 50g<br \/>\nB\u1ed9t ti\u00eau \u0111en h\u1eefu c\u01a1 50g<br \/>\nB\u1ed9t g\u1eebng h\u1eefu c\u01a1 40g<br \/>\nB\u1ed9t \u1edbt h\u1eefu c\u01a1 40g<br \/>\nNh\u1eafn tin ngay \u0111\u1ec3 \u0111\u01b0\u1ee3c t\u01b0 v\u1ea5n v\u00e0 mua v\u1edbi m\u1ee9c gi\u00e1 \u01b0u \u0111\u00e3i nh\u00e9!<\/p>\n<p>Hotline: 0986277421 \u2013 Website: vinasamex.com<\/p>\n<p>\ud83d\udccc VINASAMEX \u2013 M\u00d3N QU\u00c0 G\u1eecI G\u1eaeM S\u1ef0 Y\u00caU TH\u01af\u01a0NG<\/p>\n<p><a href=\"http:\/\/vinasamex.com\/wp-content\/uploads\/2024\/01\/Set-qua-tet-Tinh-Hoa-Bep-Me-1.jpg\"><img loading=\"lazy\" decoding=\"async\" class=\"aligncenter wp-image-7004 size-full\" src=\"http:\/\/vinasamex.com\/wp-content\/uploads\/2024\/01\/Set-qua-tet-Tinh-Hoa-Bep-Me-1.jpg\" alt=\"\" width=\"1200\" height=\"800\" srcset=\"https:\/\/vinasamex.com\/wp-content\/uploads\/2024\/01\/Set-qua-tet-Tinh-Hoa-Bep-Me-1.jpg 1200w, https:\/\/vinasamex.com\/wp-content\/uploads\/2024\/01\/Set-qua-tet-Tinh-Hoa-Bep-Me-1-300x200.jpg 300w, https:\/\/vinasamex.com\/wp-content\/uploads\/2024\/01\/Set-qua-tet-Tinh-Hoa-Bep-Me-1-1024x683.jpg 1024w, https:\/\/vinasamex.com\/wp-content\/uploads\/2024\/01\/Set-qua-tet-Tinh-Hoa-Bep-Me-1-768x512.jpg 768w, https:\/\/vinasamex.com\/wp-content\/uploads\/2024\/01\/Set-qua-tet-Tinh-Hoa-Bep-Me-1-18x12.jpg 18w, https:\/\/vinasamex.com\/wp-content\/uploads\/2024\/01\/Set-qua-tet-Tinh-Hoa-Bep-Me-1-600x400.jpg 600w\" sizes=\"(max-width: 1200px) 100vw, 1200px\" \/><\/a> <a href=\"http:\/\/vinasamex.com\/wp-content\/uploads\/2024\/01\/Set-qua-tet-Tinh-Hoa-Bep-Me-6.jpg\"><img loading=\"lazy\" decoding=\"async\" class=\"aligncenter wp-image-7003 size-full\" src=\"http:\/\/vinasamex.com\/wp-content\/uploads\/2024\/01\/Set-qua-tet-Tinh-Hoa-Bep-Me-6.jpg\" alt=\"\" width=\"1200\" height=\"800\" srcset=\"https:\/\/vinasamex.com\/wp-content\/uploads\/2024\/01\/Set-qua-tet-Tinh-Hoa-Bep-Me-6.jpg 1200w, https:\/\/vinasamex.com\/wp-content\/uploads\/2024\/01\/Set-qua-tet-Tinh-Hoa-Bep-Me-6-300x200.jpg 300w, https:\/\/vinasamex.com\/wp-content\/uploads\/2024\/01\/Set-qua-tet-Tinh-Hoa-Bep-Me-6-1024x683.jpg 1024w, https:\/\/vinasamex.com\/wp-content\/uploads\/2024\/01\/Set-qua-tet-Tinh-Hoa-Bep-Me-6-768x512.jpg 768w, https:\/\/vinasamex.com\/wp-content\/uploads\/2024\/01\/Set-qua-tet-Tinh-Hoa-Bep-Me-6-18x12.jpg 18w, https:\/\/vinasamex.com\/wp-content\/uploads\/2024\/01\/Set-qua-tet-Tinh-Hoa-Bep-Me-6-600x400.jpg 600w\" sizes=\"(max-width: 1200px) 100vw, 1200px\" \/><\/a><a href=\"http:\/\/vinasamex.com\/wp-content\/uploads\/2024\/01\/Set-qua-tet-Tinh-Hoa-Bep-Me-2.jpg\"><img loading=\"lazy\" decoding=\"async\" class=\"aligncenter wp-image-7005 size-full\" src=\"http:\/\/vinasamex.com\/wp-content\/uploads\/2024\/01\/Set-qua-tet-Tinh-Hoa-Bep-Me-2.jpg\" alt=\"\" width=\"800\" height=\"1200\" srcset=\"https:\/\/vinasamex.com\/wp-content\/uploads\/2024\/01\/Set-qua-tet-Tinh-Hoa-Bep-Me-2.jpg 800w, https:\/\/vinasamex.com\/wp-content\/uploads\/2024\/01\/Set-qua-tet-Tinh-Hoa-Bep-Me-2-200x300.jpg 200w, https:\/\/vinasamex.com\/wp-content\/uploads\/2024\/01\/Set-qua-tet-Tinh-Hoa-Bep-Me-2-683x1024.jpg 683w, https:\/\/vinasamex.com\/wp-content\/uploads\/2024\/01\/Set-qua-tet-Tinh-Hoa-Bep-Me-2-768x1152.jpg 768w, https:\/\/vinasamex.com\/wp-content\/uploads\/2024\/01\/Set-qua-tet-Tinh-Hoa-Bep-Me-2-8x12.jpg 8w, https:\/\/vinasamex.com\/wp-content\/uploads\/2024\/01\/Set-qua-tet-Tinh-Hoa-Bep-Me-2-600x900.jpg 600w\" sizes=\"(max-width: 800px) 100vw, 800px\" \/><\/a> <a href=\"http:\/\/vinasamex.com\/wp-content\/uploads\/2024\/01\/Set-qua-tet-Tinh-Hoa-Bep-Me-4.jpg\"><img loading=\"lazy\" decoding=\"async\" class=\"aligncenter wp-image-7006 size-full\" src=\"http:\/\/vinasamex.com\/wp-content\/uploads\/2024\/01\/Set-qua-tet-Tinh-Hoa-Bep-Me-4.jpg\" alt=\"\" width=\"800\" height=\"1200\" srcset=\"https:\/\/vinasamex.com\/wp-content\/uploads\/2024\/01\/Set-qua-tet-Tinh-Hoa-Bep-Me-4.jpg 800w, https:\/\/vinasamex.com\/wp-content\/uploads\/2024\/01\/Set-qua-tet-Tinh-Hoa-Bep-Me-4-200x300.jpg 200w, https:\/\/vinasamex.com\/wp-content\/uploads\/2024\/01\/Set-qua-tet-Tinh-Hoa-Bep-Me-4-683x1024.jpg 683w, https:\/\/vinasamex.com\/wp-content\/uploads\/2024\/01\/Set-qua-tet-Tinh-Hoa-Bep-Me-4-768x1152.jpg 768w, https:\/\/vinasamex.com\/wp-content\/uploads\/2024\/01\/Set-qua-tet-Tinh-Hoa-Bep-Me-4-8x12.jpg 8w, https:\/\/vinasamex.com\/wp-content\/uploads\/2024\/01\/Set-qua-tet-Tinh-Hoa-Bep-Me-4-600x900.jpg 600w\" sizes=\"(max-width: 800px) 100vw, 800px\" \/><\/a> <a href=\"http:\/\/vinasamex.com\/wp-content\/uploads\/2024\/01\/Set-qua-tet-Tinh-Hoa-Bep-Me-5.jpg\"><img loading=\"lazy\" decoding=\"async\" class=\"aligncenter wp-image-7007 size-full\" src=\"http:\/\/vinasamex.com\/wp-content\/uploads\/2024\/01\/Set-qua-tet-Tinh-Hoa-Bep-Me-5.jpg\" alt=\"\" width=\"800\" height=\"1200\" srcset=\"https:\/\/vinasamex.com\/wp-content\/uploads\/2024\/01\/Set-qua-tet-Tinh-Hoa-Bep-Me-5.jpg 800w, https:\/\/vinasamex.com\/wp-content\/uploads\/2024\/01\/Set-qua-tet-Tinh-Hoa-Bep-Me-5-200x300.jpg 200w, https:\/\/vinasamex.com\/wp-content\/uploads\/2024\/01\/Set-qua-tet-Tinh-Hoa-Bep-Me-5-683x1024.jpg 683w, https:\/\/vinasamex.com\/wp-content\/uploads\/2024\/01\/Set-qua-tet-Tinh-Hoa-Bep-Me-5-768x1152.jpg 768w, https:\/\/vinasamex.com\/wp-content\/uploads\/2024\/01\/Set-qua-tet-Tinh-Hoa-Bep-Me-5-8x12.jpg 8w, https:\/\/vinasamex.com\/wp-content\/uploads\/2024\/01\/Set-qua-tet-Tinh-Hoa-Bep-Me-5-600x900.jpg 600w\" sizes=\"(max-width: 800px) 100vw, 800px\" \/><\/a> <a href=\"http:\/\/vinasamex.com\/wp-content\/uploads\/2024\/01\/Set-qua-tet-Tinh-Hoa-Bep-Me-7.jpg\"><img loading=\"lazy\" decoding=\"async\" class=\"aligncenter wp-image-7008 size-full\" src=\"http:\/\/vinasamex.com\/wp-content\/uploads\/2024\/01\/Set-qua-tet-Tinh-Hoa-Bep-Me-7.jpg\" alt=\"\" width=\"800\" height=\"1200\" srcset=\"https:\/\/vinasamex.com\/wp-content\/uploads\/2024\/01\/Set-qua-tet-Tinh-Hoa-Bep-Me-7.jpg 800w, https:\/\/vinasamex.com\/wp-content\/uploads\/2024\/01\/Set-qua-tet-Tinh-Hoa-Bep-Me-7-200x300.jpg 200w, https:\/\/vinasamex.com\/wp-content\/uploads\/2024\/01\/Set-qua-tet-Tinh-Hoa-Bep-Me-7-683x1024.jpg 683w, https:\/\/vinasamex.com\/wp-content\/uploads\/2024\/01\/Set-qua-tet-Tinh-Hoa-Bep-Me-7-768x1152.jpg 768w, https:\/\/vinasamex.com\/wp-content\/uploads\/2024\/01\/Set-qua-tet-Tinh-Hoa-Bep-Me-7-8x12.jpg 8w, https:\/\/vinasamex.com\/wp-content\/uploads\/2024\/01\/Set-qua-tet-Tinh-Hoa-Bep-Me-7-600x900.jpg 600w\" sizes=\"(max-width: 800px) 100vw, 800px\" \/><\/a><\/p>","protected":false},"excerpt":{"rendered":"<p>B\u1ebeP M\u1eb8 \u1ea4M \u00c1P, TINH HOA \u0110\u1eacM \u0110\u00c0<br \/>\n\u201cC\u01a1m ng\u00e0y hai b\u1eefa d\u1ecdn b\u00ean h\u00e8<br \/>\nM\u00e2m g\u1ed7, mu\u00f4i d\u1eeba, \u0111\u0169a m\u1ed9c tre<br \/>\nG\u1ea1o \u0111\u1ecf, c\u00e0 th\u00e2m, v\u1eefng gi\u00e3 m\u1eb7n<br \/>\nCh\u00e8 t\u01b0\u01a1i n\u1ea5u \u0111\u1eb7c n\u01b0\u1edbc v\u00e0ng hoe\u201d<\/p>","protected":false},"featured_media":7002,"comment_status":"closed","ping_status":"closed","template":"","meta":{"_glsr_average":0,"_glsr_ranking":0,"_glsr_reviews":0},"product_cat":[149],"product_tag":[159,160,161,162],"_links":{"self":[{"href":"https:\/\/vinasamex.com\/vi\/wp-json\/wp\/v2\/product\/7001"}],"collection":[{"href":"https:\/\/vinasamex.com\/vi\/wp-json\/wp\/v2\/product"}],"about":[{"href":"https:\/\/vinasamex.com\/vi\/wp-json\/wp\/v2\/types\/product"}],"replies":[{"embeddable":true,"href":"https:\/\/vinasamex.com\/vi\/wp-json\/wp\/v2\/comments?post=7001"}],"wp:featuredmedia":[{"embeddable":true,"href":"https:\/\/vinasamex.com\/vi\/wp-json\/wp\/v2\/media\/7002"}],"wp:attachment":[{"href":"https:\/\/vinasamex.com\/vi\/wp-json\/wp\/v2\/media?parent=7001"}],"wp:term":[{"taxonomy":"product_cat","embeddable":true,"href":"https:\/\/vinasamex.com\/vi\/wp-json\/wp\/v2\/product_cat?post=7001"},{"taxonomy":"product_tag","embeddable":true,"href":"https:\/\/vinasamex.com\/vi\/wp-json\/wp\/v2\/product_tag?post=7001"}],"curies":[{"name":"wp","href":"https:\/\/api.w.org\/{rel}","templated":true}]}}